{"id":46979,"date":"2024-06-28T16:01:36","date_gmt":"2024-06-28T16:01:36","guid":{"rendered":"https:\/\/noticiatecnologia.com\/?page_id=46979"},"modified":"2024-06-28T16:01:45","modified_gmt":"2024-06-28T16:01:45","slug":"%e0%a6%86%e0%a6%ae%e0%a6%b0%e0%a6%be-%e0%a6%95%e0%a6%be%e0%a6%b0%e0%a6%be","status":"publish","type":"page","link":"https:\/\/noticiatecnologia.com\/bn\/%e0%a6%86%e0%a6%ae%e0%a6%b0%e0%a6%be-%e0%a6%95%e0%a6%be%e0%a6%b0%e0%a6%be\/","title":{"rendered":"\u0986\u09ae\u09b0\u09be \u0995\u09be\u09b0\u09be"},"content":{"rendered":"<p>Noticia Tecnologia \u09b9\u09b2 \u098f\u0995\u099f\u09bf \u09aa\u09cd\u09b0\u09af\u09c1\u0995\u09cd\u09a4\u09bf \u0993\u09af\u09bc\u09c7\u09ac\u09b8\u09be\u0987\u099f \u09af\u09be 2024 \u09b8\u09be\u09b2\u09c7 \u09a1\u09bf\u099c\u09bf\u099f\u09be\u09b2 \u09ac\u09bf\u09b6\u09cd\u09ac\u09c7\u09b0 \u09b8\u09be\u09a5\u09c7 \u09b8\u09ae\u09cd\u09aa\u09b0\u09cd\u0995\u09bf\u09a4 \u0985\u09cd\u09af\u09be\u09aa\u09cd\u09b2\u09bf\u0995\u09c7\u09b6\u09a8, \u09ab\u09bf\u09a8\u09be\u09a8\u09cd\u09b8 \u098f\u09ac\u0982 \u0985\u09a8\u09cd\u09af\u09be\u09a8\u09cd\u09af \u09ac\u09bf\u09b7\u09af\u09bc\u09c7 \u09a4\u09a5\u09cd\u09af \u098f\u09ac\u0982 \u099f\u09bf\u09aa\u09b8 \u09aa\u09cd\u09b0\u09a6\u09be\u09a8\u09c7\u09b0 \u09b2\u0995\u09cd\u09b7\u09cd\u09af\u09c7 \u09a4\u09c8\u09b0\u09bf \u0995\u09b0\u09be \u09b9\u09af\u09bc\u09c7\u099b\u09c7\u0964 \u0986\u09ae\u09b0\u09be \u09ac\u09bf\u09b6\u09cd\u09ac\u09be\u09b8 \u0995\u09b0\u09bf \u09af\u09c7 \u09aa\u09cd\u09b0\u09af\u09c1\u0995\u09cd\u09a4\u09bf \u099c\u09c0\u09ac\u09a8 \u098f\u09ac\u0982 \u09ac\u09cd\u09af\u09ac\u09b8\u09be\u09af\u09bc \u09aa\u09b0\u09bf\u09ac\u09b0\u09cd\u09a4\u09a8\u09c7\u09b0 \u099c\u09a8\u09cd\u09af \u098f\u0995\u099f\u09bf \u09b6\u0995\u09cd\u09a4\u09bf\u09b6\u09be\u09b2\u09c0 \u09b9\u09be\u09a4\u09bf\u09af\u09bc\u09be\u09b0, \u098f\u09ac\u0982 \u0986\u09ae\u09b0\u09be \u0986\u09ae\u09be\u09a6\u09c7\u09b0 \u09aa\u09be\u09a0\u0995\u09a6\u09c7\u09b0 \u0986\u09aa \u099f\u09c1 \u09a1\u09c7\u099f \u09a5\u09be\u0995\u09a4\u09c7 \u098f\u09ac\u0982 \u098f\u0987 \u09b8\u09b0\u099e\u09cd\u099c\u09be\u09ae\u0997\u09c1\u09b2\u09bf\u09b0 \u09b8\u09b0\u09cd\u09ac\u09be\u09a7\u09bf\u0995 \u09ac\u09cd\u09af\u09ac\u09b9\u09be\u09b0 \u0995\u09b0\u09a4\u09c7 \u09b8\u09be\u09b9\u09be\u09af\u09cd\u09af \u0995\u09b0\u09a4\u09c7 \u099a\u09be\u0987\u09f7<\/p>\n\n\n\n<p>\u098f\u0996\u09be\u09a8\u09c7 Noticia Tecnologia-\u098f, \u0986\u09aa\u09a8\u09bf \u09aa\u09cd\u09b0\u09af\u09c1\u0995\u09cd\u09a4\u09bf \u09ac\u09bf\u09b6\u09c7\u09b7\u099c\u09cd\u099e\u09a6\u09c7\u09b0 \u09a6\u09cd\u09ac\u09be\u09b0\u09be \u09b2\u09bf\u0996\u09bf\u09a4 \u09a8\u09bf\u09ac\u09a8\u09cd\u09a7 \u098f\u09ac\u0982 \u099f\u09bf\u0989\u099f\u09cb\u09b0\u09bf\u09af\u09bc\u09be\u09b2, \u09b8\u09c7\u0987\u09b8\u09be\u09a5\u09c7 \u09aa\u09a3\u09cd\u09af \u098f\u09ac\u0982 \u09aa\u09b0\u09bf\u09b7\u09c7\u09ac\u09be\u0997\u09c1\u09b2\u09bf\u09b0 \u09ac\u09bf\u09b6\u09cd\u09b2\u09c7\u09b7\u09a3 \u098f\u09ac\u0982 \u09aa\u09b0\u09cd\u09af\u09be\u09b2\u09cb\u099a\u09a8\u09be \u09aa\u09be\u09ac\u09c7\u09a8\u0964 \u0986\u09ae\u09b0\u09be \u0986\u09aa\u09a8\u09be\u0995\u09c7 \u0986\u09aa\u09a8\u09be\u09b0 \u09ae\u09cb\u09ac\u09be\u0987\u09b2 \u09a1\u09bf\u09ad\u09be\u0987\u09b8 \u098f\u09ac\u0982 \u0985\u09cd\u09af\u09be\u09aa\u09cd\u09b2\u09bf\u0995\u09c7\u09b6\u09be\u09a8\u0997\u09c1\u09b2\u09bf \u09a5\u09c7\u0995\u09c7 \u09b8\u09b0\u09cd\u09ac\u09be\u09a7\u09bf\u0995 \u09b8\u09c1\u09ac\u09bf\u09a7\u09be \u09aa\u09c7\u09a4\u09c7 \u09b8\u09b9\u09be\u09af\u09bc\u09a4\u09be \u0995\u09b0\u09be\u09b0 \u099c\u09a8\u09cd\u09af \u099f\u09bf\u09aa\u09b8 \u098f\u09ac\u0982 \u0995\u09cc\u09b6\u09b2\u0997\u09c1\u09b2\u09bf\u0993 \u0985\u09ab\u09be\u09b0 \u0995\u09b0\u09bf\u09f7<\/p>\n\n\n\n<p>Noticia Tecnologia \u0995\u09cb\u09ae\u09cd\u09aa\u09be\u09a8\u09bf\u09b0 \u098f\u0995\u099f\u09bf \u09a8\u09bf\u09ac\u09a8\u09cd\u09a7\u09bf\u09a4 \u099f\u09cd\u09b0\u09c7\u09a1\u09ae\u09be\u09b0\u09cd\u0995&nbsp;<a href=\"http:\/\/spotads.me\/\">spotads.me<\/a>&nbsp;\u098f\u09ac\u0982 \u09aa\u09cd\u09b0\u09af\u09c1\u0995\u09cd\u09a4\u09bf \u09b8\u09ae\u09cd\u09aa\u09b0\u09cd\u0995\u09c7 \u0989\u09a4\u09cd\u09b8\u09be\u09b9\u09c0 \u09aa\u09c7\u09b6\u09be\u09a6\u09be\u09b0\u09a6\u09c7\u09b0 \u098f\u0995\u099f\u09bf \u09a6\u09b2 \u09a6\u09cd\u09ac\u09be\u09b0\u09be \u09b0\u0995\u09cd\u09b7\u09a3\u09be\u09ac\u09c7\u0995\u09cd\u09b7\u09a3 \u0995\u09b0\u09be \u09b9\u09af\u09bc\u0964&quot;<\/p>\n\n\n\n<p>\u0986\u09ae\u09be\u09a6\u09c7\u09b0 \u099f\u09bf\u09ae \u09aa\u09cd\u09b0\u09af\u09c1\u0995\u09cd\u09a4\u09bf \u09ac\u09bf\u09b6\u09c7\u09b7\u099c\u09cd\u099e, \u09b8\u09be\u0982\u09ac\u09be\u09a6\u09bf\u0995 \u098f\u09ac\u0982 \u09b2\u09c7\u0996\u0995\u09a6\u09c7\u09b0 \u09a8\u09bf\u09af\u09bc\u09c7 \u0997\u09a0\u09bf\u09a4, \u09b8\u09ac\u09be\u0987 \u0986\u09ae\u09be\u09a6\u09c7\u09b0 \u09aa\u09be\u09a0\u0995\u09a6\u09c7\u09b0 \u0989\u099a\u09cd\u099a-\u09ae\u09be\u09a8\u09c7\u09b0, \u09b8\u09a0\u09bf\u0995 \u09ac\u09bf\u09b7\u09af\u09bc\u09ac\u09b8\u09cd\u09a4\u09c1 \u09aa\u09cd\u09b0\u09a6\u09be\u09a8\u09c7\u09b0 \u099c\u09a8\u09cd\u09af \u09aa\u09cd\u09b0\u09a4\u09bf\u09b6\u09cd\u09b0\u09c1\u09a4\u09bf\u09ac\u09a6\u09cd\u09a7\u0964 \u0986\u09ae\u09b0\u09be \u09ac\u09bf\u09b6\u09cd\u09ac\u09be\u09b8 \u0995\u09b0\u09bf \u09af\u09c7 \u09aa\u09cd\u09b0\u09af\u09c1\u0995\u09cd\u09a4\u09bf \u099c\u09c0\u09ac\u09a8 \u098f\u09ac\u0982 \u09ac\u09cd\u09af\u09ac\u09b8\u09be\u09af\u09bc \u09aa\u09b0\u09bf\u09ac\u09b0\u09cd\u09a4\u09a8\u09c7\u09b0 \u099c\u09a8\u09cd\u09af \u098f\u0995\u099f\u09bf \u09b6\u0995\u09cd\u09a4\u09bf\u09b6\u09be\u09b2\u09c0 \u09b9\u09be\u09a4\u09bf\u09af\u09bc\u09be\u09b0 \u098f\u09ac\u0982 \u0986\u09ae\u09be\u09a6\u09c7\u09b0 \u09b2\u0995\u09cd\u09b7\u09cd\u09af \u09b9\u09b2 \u0986\u09ae\u09be\u09a6\u09c7\u09b0 \u09aa\u09be\u09a0\u0995\u09a6\u09c7\u09b0 \u0986\u09aa \u099f\u09c1 \u09a1\u09c7\u099f \u09a5\u09be\u0995\u09a4\u09c7 \u098f\u09ac\u0982 \u098f\u0987 \u09b8\u09b0\u099e\u09cd\u099c\u09be\u09ae\u0997\u09c1\u09b2\u09bf\u09b0 \u09b8\u09b0\u09cd\u09ac\u09be\u09a7\u09bf\u0995 \u09ac\u09cd\u09af\u09ac\u09b9\u09be\u09b0 \u0995\u09b0\u09a4\u09c7 \u09b8\u09b9\u09be\u09af\u09bc\u09a4\u09be \u0995\u09b0\u09be\u0964<\/p>\n\n\n\n<p>\u09ac\u09bf\u09b7\u09af\u09bc\u09ac\u09b8\u09cd\u09a4\u09c1 \u099b\u09be\u09a1\u09bc\u09be\u0993, \u0986\u09ae\u09b0\u09be \u0986\u09ae\u09be\u09a6\u09c7\u09b0 \u09aa\u09be\u09a0\u0995\u09a6\u09c7\u09b0 \u0986\u09ae\u09be\u09a6\u09c7\u09b0 \u09b8\u09be\u09ae\u09be\u099c\u09bf\u0995 \u09a8\u09c7\u099f\u0993\u09af\u09bc\u09be\u09b0\u09cd\u0995 \u098f\u09ac\u0982 \u0986\u09b2\u09cb\u099a\u09a8\u09be \u09ab\u09cb\u09b0\u09be\u09ae\u09c7\u09b0 \u09ae\u09be\u09a7\u09cd\u09af\u09ae\u09c7 \u0985\u09a8\u09cd\u09af\u09be\u09a8\u09cd\u09af \u09aa\u09cd\u09b0\u09af\u09c1\u0995\u09cd\u09a4\u09bf \u0989\u09a4\u09cd\u09b8\u09be\u09b9\u09c0\u09a6\u09c7\u09b0 \u09b8\u09be\u09a5\u09c7 \u09b8\u0982\u09af\u09cb\u0997 \u0995\u09b0\u09be\u09b0 \u09b8\u09c1\u09af\u09cb\u0997\u0993 \u0985\u09ab\u09be\u09b0 \u0995\u09b0\u09bf\u0964 \u0986\u09ae\u09b0\u09be \u0986\u09ae\u09be\u09a6\u09c7\u09b0 \u09aa\u09be\u09a0\u0995\u09a6\u09c7\u09b0 \u09ae\u09a4\u09be\u09ae\u09a4\u0995\u09c7 \u09ae\u09c2\u09b2\u09cd\u09af \u09a6\u09bf\u0987 \u098f\u09ac\u0982 \u0986\u09ae\u09be\u09a6\u09c7\u09b0 \u09aa\u09b0\u09bf\u09b7\u09c7\u09ac\u09be\u0997\u09c1\u09b2\u09bf\u0995\u09c7 \u0989\u09a8\u09cd\u09a8\u09a4 \u0995\u09b0\u09a4\u09c7 \u09b8\u09b0\u09cd\u09ac\u09a6\u09be \u09aa\u09b0\u09be\u09ae\u09b0\u09cd\u09b6 \u098f\u09ac\u0982 \u09aa\u09cd\u09b0\u09a4\u09bf\u0995\u09cd\u09b0\u09bf\u09af\u09bc\u09be\u09b0 \u099c\u09a8\u09cd\u09af \u0989\u09a8\u09cd\u09ae\u09c1\u0995\u09cd\u09a4\u0964<\/p>\n\n\n\n<p>\u0986\u09ae\u09be\u09a6\u09c7\u09b0 \u0985\u09a8\u09c1\u09b8\u09b0\u09a3 \u0995\u09b0\u09c1\u09a8 \u098f\u09ac\u0982 \u09aa\u09cd\u09b0\u09af\u09c1\u0995\u09cd\u09a4\u09bf\u09b0 \u09ac\u09bf\u09b6\u09cd\u09ac\u09c7\u09b0 \u09b8\u09b0\u09cd\u09ac\u09b6\u09c7\u09b7 \u09aa\u09cd\u09b0\u09ac\u09a3\u09a4\u09be \u098f\u09ac\u0982 \u0996\u09ac\u09b0\u09c7\u09b0 \u09b8\u09be\u09a5\u09c7 \u0986\u09aa \u099f\u09c1 \u09a1\u09c7\u099f \u09a5\u09be\u0995\u09c1\u09a8\u0964 \u0986\u09ae\u09be\u09a6\u09c7\u09b0 \u0993\u09af\u09bc\u09c7\u09ac\u09b8\u09be\u0987\u099f \u09a6\u09c7\u0996\u09be\u09b0 \u099c\u09a8\u09cd\u09af \u0986\u09aa\u09a8\u09be\u0995\u09c7 \u09a7\u09a8\u09cd\u09af\u09ac\u09be\u09a6 \u098f\u09ac\u0982 \u0986\u09ae\u09b0\u09be \u09b6\u09c0\u0998\u09cd\u09b0\u0987 \u0986\u09aa\u09a8\u09be\u0995\u09c7 \u0986\u09ac\u09be\u09b0 \u09a6\u09c7\u0996\u09a4\u09c7 \u0986\u09b6\u09be \u0995\u09b0\u09bf!<\/p>","protected":false},"excerpt":{"rendered":"<p>Noticia Tecnologia \u09b9\u09b2 \u098f\u0995\u099f\u09bf \u09aa\u09cd\u09b0\u09af\u09c1\u0995\u09cd\u09a4\u09bf \u0993\u09af\u09bc\u09c7\u09ac\u09b8\u09be\u0987\u099f \u09af\u09be \u09e8\u09e6\u09e8\u09ea \u09b8\u09be\u09b2\u09c7 \u09a4\u09c8\u09b0\u09bf \u0995\u09b0\u09be \u09b9\u09af\u09bc\u09c7\u099b\u09bf\u09b2 \u09af\u09be\u09b0 \u09b2\u0995\u09cd\u09b7\u09cd\u09af \u0985\u09cd\u09af\u09be\u09aa, \u0985\u09b0\u09cd\u09a5\u09be\u09af\u09bc\u09a8 \u098f\u09ac\u0982 \u09a1\u09bf\u099c\u09bf\u099f\u09be\u09b2 \u099c\u0997\u09a4\u09c7\u09b0 \u09b8\u09be\u09a5\u09c7 \u09b8\u09ae\u09cd\u09aa\u09b0\u09cd\u0995\u09bf\u09a4 \u0985\u09a8\u09cd\u09af\u09be\u09a8\u09cd\u09af \u09ac\u09bf\u09b7\u09af\u09bc \u09b8\u09ae\u09cd\u09aa\u09b0\u09cd\u0995\u09c7 \u09a4\u09a5\u09cd\u09af \u098f\u09ac\u0982 \u099f\u09bf\u09aa\u09b8 \u09aa\u09cd\u09b0\u09a6\u09be\u09a8 \u0995\u09b0\u09be\u0964 \u0986\u09ae\u09b0\u09be \u09ac\u09bf\u09b6\u09cd\u09ac\u09be\u09b8 \u0995\u09b0\u09bf \u09af\u09c7 \u09aa\u09cd\u09b0\u09af\u09c1\u0995\u09cd\u09a4\u09bf \u099c\u09c0\u09ac\u09a8 \u098f\u09ac\u0982 \u09ac\u09cd\u09af\u09ac\u09b8\u09be\u09b0 \u09b0\u09c2\u09aa\u09be\u09a8\u09cd\u09a4\u09b0\u09c7\u09b0 \u099c\u09a8\u09cd\u09af \u098f\u0995\u099f\u09bf \u09b6\u0995\u09cd\u09a4\u09bf\u09b6\u09be\u09b2\u09c0 \u09b9\u09be\u09a4\u09bf\u09af\u09bc\u09be\u09b0, \u098f\u09ac\u0982 \u0986\u09ae\u09b0\u09be \u0986\u09ae\u09be\u09a6\u09c7\u09b0 \u09aa\u09be\u09a0\u0995\u09a6\u09c7\u09b0 \u0986\u09aa \u099f\u09c1 \u09a1\u09c7\u099f \u09a5\u09be\u0995\u09a4\u09c7 \u098f\u09ac\u0982 \u098f\u09b0 \u09b8\u09b0\u09cd\u09ac\u09be\u09a7\u09bf\u0995 \u09b8\u09c1\u09ac\u09bf\u09a7\u09be \u09aa\u09c7\u09a4\u09c7 \u09b8\u09be\u09b9\u09be\u09af\u09cd\u09af \u0995\u09b0\u09a4\u09c7 \u099a\u09be\u0987\u0964 <a title=\"\u0986\u09ae\u09b0\u09be \u0995\u09be\u09b0\u09be\" class=\"read-more\" href=\"https:\/\/noticiatecnologia.com\/bn\/%e0%a6%86%e0%a6%ae%e0%a6%b0%e0%a6%be-%e0%a6%95%e0%a6%be%e0%a6%b0%e0%a6%be\/\" aria-label=\"\u0986\u09ae\u09b0\u09be \u0995\u09c7 \u09b8\u09ae\u09cd\u09aa\u09b0\u09cd\u0995\u09c7 \u0986\u09b0\u0993 \u09aa\u09a1\u09bc\u09c1\u09a8\">\u0986\u09b0\u09cb \u09aa\u09a1\u09bc\u09c1\u09a8<\/a><\/p>","protected":false},"author":1,"featured_media":0,"parent":0,"menu_order":0,"comment_status":"closed","ping_status":"closed","template":"","meta":{"footnotes":""},"class_list":["post-46979","page","type-page","status-publish"],"yoast_head":"<!-- This site is optimized with the Yoast SEO plugin v25.7 - https:\/\/yoast.com\/wordpress\/plugins\/seo\/ -->\n<title>Quem somos - Noticia Tecnologia<\/title>\n<meta name=\"robots\" content=\"index, follow, max-snippet:-1, max-image-preview:large, max-video-preview:-1\" \/>\n<link rel=\"canonical\" href=\"https:\/\/noticiatecnologia.com\/bn\/\u0986\u09ae\u09b0\u09be-\u0995\u09be\u09b0\u09be\/\" \/>\n<meta property=\"og:locale\" content=\"en_US\" \/>\n<meta property=\"og:type\" content=\"article\" \/>\n<meta property=\"og:title\" content=\"Quem somos - Noticia Tecnologia\" \/>\n<meta property=\"og:description\" content=\"O Noticia Tecnologia \u00e9 um site de tecnologia criado em 2024 com o objetivo de fornecer informa\u00e7\u00f5es e dicas sobre aplicativos, finan\u00e7as e outros assuntos relacionados ao mundo digital. N\u00f3s acreditamos que a tecnologia \u00e9 uma ferramenta poderosa para transformar vidas e empresas, e queremos ajudar nossos leitores a se manterem atualizados e aproveitar ao ... Leia mais\" \/>\n<meta property=\"og:url\" content=\"https:\/\/noticiatecnologia.com\/bn\/\u0986\u09ae\u09b0\u09be-\u0995\u09be\u09b0\u09be\/\" \/>\n<meta property=\"og:site_name\" content=\"Noticia Tecnologia\" \/>\n<meta property=\"article:modified_time\" content=\"2024-06-28T16:01:45+00:00\" \/>\n<meta name=\"twitter:card\" content=\"summary_large_image\" \/>\n<meta name=\"twitter:label1\" content=\"Est. reading time\" \/>\n\t<meta name=\"twitter:data1\" content=\"1 \u09ae\u09bf\u09a8\u09bf\u099f\" \/>\n<script type=\"application\/ld+json\" class=\"yoast-schema-graph\">{\"@context\":\"https:\/\/schema.org\",\"@graph\":[{\"@type\":\"WebPage\",\"@id\":\"https:\/\/noticiatecnologia.com\/quem-somos\/\",\"url\":\"https:\/\/noticiatecnologia.com\/quem-somos\/\",\"name\":\"Quem somos - Noticia Tecnologia\",\"isPartOf\":{\"@id\":\"https:\/\/noticiatecnologia.com\/#website\"},\"datePublished\":\"2024-06-28T16:01:36+00:00\",\"dateModified\":\"2024-06-28T16:01:45+00:00\",\"breadcrumb\":{\"@id\":\"https:\/\/noticiatecnologia.com\/quem-somos\/#breadcrumb\"},\"inLanguage\":\"bn-BD\",\"potentialAction\":[{\"@type\":\"ReadAction\",\"target\":[\"https:\/\/noticiatecnologia.com\/quem-somos\/\"]}]},{\"@type\":\"BreadcrumbList\",\"@id\":\"https:\/\/noticiatecnologia.com\/quem-somos\/#breadcrumb\",\"itemListElement\":[{\"@type\":\"ListItem\",\"position\":1,\"name\":\"In\u00edcio\",\"item\":\"https:\/\/noticiatecnologia.com\/\"},{\"@type\":\"ListItem\",\"position\":2,\"name\":\"Quem somos\"}]},{\"@type\":\"WebSite\",\"@id\":\"https:\/\/noticiatecnologia.com\/#website\",\"url\":\"https:\/\/noticiatecnologia.com\/\",\"name\":\"Noticia Tecnologia\",\"description\":\"Desvendando a tecnologia!\",\"publisher\":{\"@id\":\"https:\/\/noticiatecnologia.com\/#organization\"},\"potentialAction\":[{\"@type\":\"SearchAction\",\"target\":{\"@type\":\"EntryPoint\",\"urlTemplate\":\"https:\/\/noticiatecnologia.com\/?s={search_term_string}\"},\"query-input\":{\"@type\":\"PropertyValueSpecification\",\"valueRequired\":true,\"valueName\":\"search_term_string\"}}],\"inLanguage\":\"bn-BD\"},{\"@type\":\"Organization\",\"@id\":\"https:\/\/noticiatecnologia.com\/#organization\",\"name\":\"Spotads\",\"url\":\"https:\/\/noticiatecnologia.com\/\",\"logo\":{\"@type\":\"ImageObject\",\"inLanguage\":\"bn-BD\",\"@id\":\"https:\/\/noticiatecnologia.com\/#\/schema\/logo\/image\/\",\"url\":\"https:\/\/noticiatecnologia.com\/wp-content\/uploads\/2024\/06\/NOTICIA-LOGO-1.png\",\"contentUrl\":\"https:\/\/noticiatecnologia.com\/wp-content\/uploads\/2024\/06\/NOTICIA-LOGO-1.png\",\"width\":250,\"height\":60,\"caption\":\"Spotads\"},\"image\":{\"@id\":\"https:\/\/noticiatecnologia.com\/#\/schema\/logo\/image\/\"}}]}<\/script>\n<!-- \/ Yoast SEO plugin. -->","yoast_head_json":{"title":"\u0986\u09ae\u09b0\u09be \u0995\u09c7 - Noticia Tecnologia","robots":{"index":"index","follow":"follow","max-snippet":"max-snippet:-1","max-image-preview":"max-image-preview:large","max-video-preview":"max-video-preview:-1"},"canonical":"https:\/\/noticiatecnologia.com\/bn\/\u0986\u09ae\u09b0\u09be-\u0995\u09be\u09b0\u09be\/","og_locale":"en_US","og_type":"article","og_title":"Quem somos - Noticia Tecnologia","og_description":"O Noticia Tecnologia \u00e9 um site de tecnologia criado em 2024 com o objetivo de fornecer informa\u00e7\u00f5es e dicas sobre aplicativos, finan\u00e7as e outros assuntos relacionados ao mundo digital. N\u00f3s acreditamos que a tecnologia \u00e9 uma ferramenta poderosa para transformar vidas e empresas, e queremos ajudar nossos leitores a se manterem atualizados e aproveitar ao ... Leia mais","og_url":"https:\/\/noticiatecnologia.com\/bn\/\u0986\u09ae\u09b0\u09be-\u0995\u09be\u09b0\u09be\/","og_site_name":"Noticia Tecnologia","article_modified_time":"2024-06-28T16:01:45+00:00","twitter_card":"summary_large_image","twitter_misc":{"Est. reading time":"1 \u09ae\u09bf\u09a8\u09bf\u099f"},"schema":{"@context":"https:\/\/schema.org","@graph":[{"@type":"WebPage","@id":"https:\/\/noticiatecnologia.com\/quem-somos\/","url":"https:\/\/noticiatecnologia.com\/quem-somos\/","name":"\u0986\u09ae\u09b0\u09be \u0995\u09c7 - Noticia Tecnologia","isPartOf":{"@id":"https:\/\/noticiatecnologia.com\/#website"},"datePublished":"2024-06-28T16:01:36+00:00","dateModified":"2024-06-28T16:01:45+00:00","breadcrumb":{"@id":"https:\/\/noticiatecnologia.com\/quem-somos\/#breadcrumb"},"inLanguage":"bn-BD","potentialAction":[{"@type":"ReadAction","target":["https:\/\/noticiatecnologia.com\/quem-somos\/"]}]},{"@type":"BreadcrumbList","@id":"https:\/\/noticiatecnologia.com\/quem-somos\/#breadcrumb","itemListElement":[{"@type":"ListItem","position":1,"name":"In\u00edcio","item":"https:\/\/noticiatecnologia.com\/"},{"@type":"ListItem","position":2,"name":"Quem somos"}]},{"@type":"WebSite","@id":"https:\/\/noticiatecnologia.com\/#website","url":"https:\/\/noticiatecnologia.com\/","name":"\u09aa\u09cd\u09b0\u09af\u09c1\u0995\u09cd\u09a4\u09bf \u09b8\u0982\u09ac\u09be\u09a6","description":"\u09aa\u09cd\u09b0\u09af\u09c1\u0995\u09cd\u09a4\u09bf \u0989\u09a8\u09cd\u09ae\u09cb\u099a\u09a8!","publisher":{"@id":"https:\/\/noticiatecnologia.com\/#organization"},"potentialAction":[{"@type":"SearchAction","target":{"@type":"EntryPoint","urlTemplate":"https:\/\/noticiatecnologia.com\/?s={search_term_string}"},"query-input":{"@type":"PropertyValueSpecification","valueRequired":true,"valueName":"search_term_string"}}],"inLanguage":"bn-BD"},{"@type":"Organization","@id":"https:\/\/noticiatecnologia.com\/#organization","name":"\u09b8\u09cd\u09aa\u099f\u09a1\u09b8","url":"https:\/\/noticiatecnologia.com\/","logo":{"@type":"ImageObject","inLanguage":"bn-BD","@id":"https:\/\/noticiatecnologia.com\/#\/schema\/logo\/image\/","url":"https:\/\/noticiatecnologia.com\/wp-content\/uploads\/2024\/06\/NOTICIA-LOGO-1.png","contentUrl":"https:\/\/noticiatecnologia.com\/wp-content\/uploads\/2024\/06\/NOTICIA-LOGO-1.png","width":250,"height":60,"caption":"Spotads"},"image":{"@id":"https:\/\/noticiatecnologia.com\/#\/schema\/logo\/image\/"}}]}},"_links":{"self":[{"href":"https:\/\/noticiatecnologia.com\/bn\/wp-json\/wp\/v2\/pages\/46979","targetHints":{"allow":["GET"]}}],"collection":[{"href":"https:\/\/noticiatecnologia.com\/bn\/wp-json\/wp\/v2\/pages"}],"about":[{"href":"https:\/\/noticiatecnologia.com\/bn\/wp-json\/wp\/v2\/types\/page"}],"author":[{"embeddable":true,"href":"https:\/\/noticiatecnologia.com\/bn\/wp-json\/wp\/v2\/users\/1"}],"replies":[{"embeddable":true,"href":"https:\/\/noticiatecnologia.com\/bn\/wp-json\/wp\/v2\/comments?post=46979"}],"version-history":[{"count":0,"href":"https:\/\/noticiatecnologia.com\/bn\/wp-json\/wp\/v2\/pages\/46979\/revisions"}],"wp:attachment":[{"href":"https:\/\/noticiatecnologia.com\/bn\/wp-json\/wp\/v2\/media?parent=46979"}],"curies":[{"name":"\u09a1\u09ac\u09cd\u09b2\u09bf\u0989\u09aa\u09bf","href":"https:\/\/api.w.org\/{rel}","templated":true}]}}