{"id":46975,"date":"2024-06-28T15:59:34","date_gmt":"2024-06-28T15:59:34","guid":{"rendered":"https:\/\/noticiatecnologia.com\/?page_id=46975"},"modified":"2024-06-28T15:59:34","modified_gmt":"2024-06-28T15:59:34","slug":"podminky-pouziti","status":"publish","type":"page","link":"https:\/\/noticiatecnologia.com\/cs\/podminky-pouziti\/","title":{"rendered":"Podm\u00ednky pou\u017eit\u00ed"},"content":{"rendered":"<h2 class=\"wp-block-heading\">Podm\u00ednky pou\u017eit\u00ed Noticias Tecnologia<\/h2>\n\n\n\n<p>Vstupem na webovou str\u00e1nku Noticias Tecnologia souhlas\u00edte s t\u00edm, \u017ee budete v\u00e1z\u00e1ni t\u011bmito podm\u00ednkami slu\u017eby, v\u0161emi platn\u00fdmi z\u00e1kony a p\u0159edpisy, a souhlas\u00edte s t\u00edm, \u017ee odpov\u00edd\u00e1te za dodr\u017eov\u00e1n\u00ed v\u0161ech platn\u00fdch m\u00edstn\u00edch z\u00e1kon\u016f. Pokud s n\u011bkterou z t\u011bchto podm\u00ednek nesouhlas\u00edte, je v\u00e1m zak\u00e1z\u00e1no pou\u017e\u00edvat tuto str\u00e1nku nebo k n\u00ed p\u0159istupovat. Materi\u00e1ly obsa\u017een\u00e9 na t\u00e9to str\u00e1nce jsou chr\u00e1n\u011bny p\u0159\u00edslu\u0161n\u00fdmi z\u00e1kony o autorsk\u00fdch pr\u00e1vech a ochrann\u00fdch zn\u00e1mk\u00e1ch.<\/p>\n\n\n\n<h2 class=\"wp-block-heading\">Vyu\u017eit\u00ed licence<\/h2>\n\n\n\n<p>Je ud\u011bleno povolen\u00ed k do\u010dasn\u00e9mu sta\u017een\u00ed jedn\u00e9 kopie materi\u00e1l\u016f (informac\u00ed nebo softwaru) z webov\u00fdch str\u00e1nek Noticias Tecnologia pouze pro osobn\u00ed, nekomer\u010dn\u00ed p\u0159echodn\u00e9 prohl\u00ed\u017een\u00ed. Jedn\u00e1 se o ud\u011blen\u00ed licence, nikoli o p\u0159evod vlastnick\u00e9ho pr\u00e1va, a na z\u00e1klad\u011b t\u00e9to licence nesm\u00edte:<\/p>\n\n\n\n<ul class=\"wp-block-list\">\n<li>upravovat nebo kop\u00edrovat materi\u00e1ly;<\/li>\n\n\n\n<li>pou\u017e\u00edvat materi\u00e1ly pro jak\u00fdkoli komer\u010dn\u00ed \u00fa\u010del nebo pro ve\u0159ejn\u00e9 vystaven\u00ed (komer\u010dn\u00ed nebo nekomer\u010dn\u00ed);<\/li>\n\n\n\n<li>pokou\u0161et se dekompilovat nebo zp\u011btn\u011b analyzovat jak\u00fdkoli software obsa\u017een\u00fd na webov\u00fdch str\u00e1nk\u00e1ch Noticias Tecnologia;<\/li>\n\n\n\n<li>odstranit z materi\u00e1l\u016f ve\u0161ker\u00e1 autorsk\u00e1 pr\u00e1va nebo jin\u00e9 vlastnick\u00e9 z\u00e1pisy; nebo<\/li>\n\n\n\n<li>p\u0159en\u00e9st materi\u00e1ly na jinou osobu nebo \u201ezrcadlit\u201c materi\u00e1ly na jak\u00fdkoli jin\u00fd server. Tato licence bude automaticky ukon\u010dena, pokud poru\u0161\u00edte kter\u00e9koli z t\u011bchto omezen\u00ed, a m\u016f\u017ee b\u00fdt kdykoli ukon\u010dena spole\u010dnost\u00ed Noticias Tecnologia. Po ukon\u010den\u00ed prohl\u00ed\u017een\u00ed t\u011bchto materi\u00e1l\u016f nebo po ukon\u010den\u00ed t\u00e9to licence mus\u00edte odstranit ve\u0161ker\u00e9 sta\u017een\u00e9 materi\u00e1ly, kter\u00e9 m\u00e1te v dr\u017een\u00ed, a\u0165 u\u017e v elektronick\u00e9 nebo ti\u0161t\u011bn\u00e9 podob\u011b.<\/li>\n<\/ul>\n\n\n\n<h2 class=\"wp-block-heading\">Z\u0159eknut\u00ed se odpov\u011bdnosti<\/h2>\n\n\n\n<p>Materi\u00e1ly na webov\u00fdch str\u00e1nk\u00e1ch Noticias Tecnologia jsou poskytov\u00e1ny \u201etak, jak jsou\u201c. Noticias Tecnologia neposkytuje \u017e\u00e1dn\u00e9 z\u00e1ruky, vyj\u00e1d\u0159en\u00e9 nebo p\u0159edpokl\u00e1dan\u00e9, a t\u00edmto odm\u00edt\u00e1 a neguje v\u0161echny ostatn\u00ed z\u00e1ruky, v\u010detn\u011b, bez omezen\u00ed, p\u0159edpokl\u00e1dan\u00fdch z\u00e1ruk nebo podm\u00ednek prodejnosti, vhodnosti pro ur\u010dit\u00fd \u00fa\u010del nebo neporu\u0161en\u00ed du\u0161evn\u00edho vlastnictv\u00ed nebo jin\u00e9ho poru\u0161en\u00ed pr\u00e1v.<\/p>\n\n\n\n<p>Spole\u010dnost Noticias Tecnologia d\u00e1le nezaru\u010duje ani ne\u010din\u00ed \u017e\u00e1dn\u00e1 prohl\u00e1\u0161en\u00ed t\u00fdkaj\u00edc\u00ed se p\u0159esnosti, pravd\u011bpodobn\u00fdch v\u00fdsledk\u016f nebo spolehlivosti pou\u017eit\u00ed materi\u00e1l\u016f na sv\u00fdch webov\u00fdch str\u00e1nk\u00e1ch nebo jinak souvisej\u00edc\u00edch s takov\u00fdmi materi\u00e1ly nebo na jak\u00fdchkoli str\u00e1nk\u00e1ch propojen\u00fdch s touto str\u00e1nkou.<\/p>\n\n\n\n<h2 class=\"wp-block-heading\">Omezen\u00ed<\/h2>\n\n\n\n<p>Spole\u010dnost Noticias Tecnologia ani jej\u00ed dodavatel\u00e9 v \u017e\u00e1dn\u00e9m p\u0159\u00edpad\u011b nenesou odpov\u011bdnost za jak\u00e9koli \u0161kody (v\u010detn\u011b, bez omezen\u00ed, \u0161kod za ztr\u00e1tu dat nebo zisku nebo v d\u016fsledku p\u0159eru\u0161en\u00ed podnik\u00e1n\u00ed) vypl\u00fdvaj\u00edc\u00ed z pou\u017eit\u00ed nebo nemo\u017enosti pou\u017e\u00edt materi\u00e1ly na webov\u00fdch str\u00e1nk\u00e1ch Noticias Tecnologia, i v p\u0159\u00edpad\u011b, \u017ee spole\u010dnost Noticias Tecnologia nebo jej\u00ed autorizovan\u00fd z\u00e1stupce byli \u00fastn\u011b nebo p\u00edsemn\u011b upozorn\u011bni na mo\u017enost vzniku takov\u00fdch \u0161kod. Proto\u017ee n\u011bkter\u00e9 jurisdikce neumo\u017e\u0148uj\u00ed omezen\u00ed p\u0159edpokl\u00e1dan\u00fdch z\u00e1ruk nebo omezen\u00ed odpov\u011bdnosti za n\u00e1sledn\u00e9 nebo n\u00e1hodn\u00e9 \u0161kody, nemus\u00ed se na v\u00e1s tato omezen\u00ed vztahovat.<\/p>\n\n\n\n<h2 class=\"wp-block-heading\">P\u0159esnost materi\u00e1l\u016f<\/h2>\n\n\n\n<p>Materi\u00e1ly objevuj\u00edc\u00ed se na webov\u00fdch str\u00e1nk\u00e1ch Noticias Tecnologia mohou obsahovat technick\u00e9, typografick\u00e9 nebo fotografick\u00e9 chyby. Noticias Tecnologia nezaru\u010duje, \u017ee jak\u00e9koli materi\u00e1ly na jej\u00edch webov\u00fdch str\u00e1nk\u00e1ch jsou p\u0159esn\u00e9, \u00fapln\u00e9 nebo aktu\u00e1ln\u00ed. Noticias Tecnologia m\u016f\u017ee kdykoli bez upozorn\u011bn\u00ed prov\u00e1d\u011bt zm\u011bny v materi\u00e1lech obsa\u017een\u00fdch na sv\u00fdch webov\u00fdch str\u00e1nk\u00e1ch. Noticias Tecnologia se v\u0161ak nezavazuje materi\u00e1ly aktualizovat.<\/p>\n\n\n\n<h2 class=\"wp-block-heading\">Odkazy<\/h2>\n\n\n\n<p>Noticias Tecnologia nezkontrolovala v\u0161echny str\u00e1nky, na kter\u00e9 odkazuje jej\u00ed web, a nenese odpov\u011bdnost za obsah \u017e\u00e1dn\u00e9 propojen\u00e9 str\u00e1nky. Zahrnut\u00ed jak\u00e9hokoli odkazu neznamen\u00e1, \u017ee spole\u010dnost Noticias Tecnologia podporuje str\u00e1nky. Pou\u017eit\u00ed jak\u00e9koli propojen\u00e9 str\u00e1nky je na vlastn\u00ed riziko u\u017eivatele.<\/p>\n\n\n\n<h2 class=\"wp-block-heading\">Modifikace<\/h2>\n\n\n\n<p>Noticias Tecnologia m\u016f\u017ee kdykoli bez upozorn\u011bn\u00ed upravit tyto podm\u00ednky slu\u017eby pro sv\u00e9 webov\u00e9 str\u00e1nky. Pou\u017e\u00edv\u00e1n\u00edm t\u00e9to webov\u00e9 str\u00e1nky souhlas\u00edte s t\u00edm, \u017ee budete v\u00e1z\u00e1ni aktu\u00e1ln\u00ed verz\u00ed t\u011bchto podm\u00ednek slu\u017eby.<\/p>\n\n\n\n<p>Platn\u00e9 pr\u00e1vo Tyto podm\u00ednky se \u0159\u00edd\u00ed a vykl\u00e1daj\u00ed v souladu se z\u00e1kony Noticias Tecnologia a vy se neodvolateln\u011b pod\u0159izujete v\u00fdhradn\u00ed jurisdikci soud\u016f v dan\u00e9m st\u00e1t\u011b nebo m\u00edst\u011b.<\/p>\n\n\n\n<h2 class=\"wp-block-heading\" id=\"lei-aplicavel\">Aplikovan\u00e9 pr\u00e1vo<\/h2>\n\n\n\n<p>Tyto podm\u00ednky se \u0159\u00edd\u00ed a vykl\u00e1daj\u00ed v souladu se z\u00e1kony Noticias Tecnologia a vy se neodvolateln\u011b pod\u0159izujete v\u00fdhradn\u00ed jurisdikci soud\u016f v dan\u00e9m st\u00e1t\u011b nebo m\u00edst\u011b.<\/p>","protected":false},"excerpt":{"rendered":"<p>P\u0159\u00edstupem na webov\u00e9 str\u00e1nky Noticias Tecnologia souhlas\u00edte s dodr\u017eov\u00e1n\u00edm t\u011bchto podm\u00ednek slu\u017eby, v\u0161ech platn\u00fdch z\u00e1kon\u016f a p\u0159edpis\u016f a souhlas\u00edte s t\u00edm, \u017ee jste zodpov\u011bdn\u00ed za dodr\u017eov\u00e1n\u00ed v\u0161ech platn\u00fdch m\u00edstn\u00edch z\u00e1kon\u016f. Pokud s n\u011bkterou z t\u011bchto podm\u00ednek nesouhlas\u00edte, je v\u00e1m zak\u00e1z\u00e1no tyto str\u00e1nky pou\u017e\u00edvat nebo k nim p\u0159istupovat. \u2026 <a title=\"Podm\u00ednky pou\u017eit\u00ed\" class=\"read-more\" href=\"https:\/\/noticiatecnologia.com\/cs\/podminky-pouziti\/\" aria-label=\"\u010c\u00edst v\u00edce o Podm\u00ednk\u00e1ch pou\u017eit\u00ed\">P\u0159e\u010dt\u011bte si v\u00edce<\/a><\/p>","protected":false},"author":1,"featured_media":0,"parent":0,"menu_order":0,"comment_status":"closed","ping_status":"closed","template":"","meta":{"footnotes":""},"class_list":["post-46975","page","type-page","status-publish"],"yoast_head":"<!-- This site is optimized with the Yoast SEO plugin v25.7 - https:\/\/yoast.com\/wordpress\/plugins\/seo\/ -->\n<title>Termos de Uso - Noticia Tecnologia<\/title>\n<meta name=\"robots\" content=\"index, follow, max-snippet:-1, max-image-preview:large, max-video-preview:-1\" \/>\n<link rel=\"canonical\" href=\"https:\/\/noticiatecnologia.com\/cs\/podminky-pouziti\/\" \/>\n<meta property=\"og:locale\" content=\"cs_CZ\" \/>\n<meta property=\"og:type\" content=\"article\" \/>\n<meta property=\"og:title\" content=\"Termos de Uso - Noticia Tecnologia\" \/>\n<meta property=\"og:description\" content=\"Termos de Uso do Noticias Tecnologia Ao acessar ao site Noticias Tecnologia, concorda em cumprir estes termos de servi\u00e7o, todas as leis e regulamentos aplic\u00e1veis e concorda que \u00e9 respons\u00e1vel pelo cumprimento de todas as leis locais aplic\u00e1veis. Se voc\u00ea n\u00e3o concordar com algum desses termos, est\u00e1 proibido de usar ou acessar este site. Os ... Leia mais\" \/>\n<meta property=\"og:url\" content=\"https:\/\/noticiatecnologia.com\/cs\/podminky-pouziti\/\" \/>\n<meta property=\"og:site_name\" content=\"Noticia Tecnologia\" \/>\n<meta name=\"twitter:card\" content=\"summary_large_image\" \/>\n<meta name=\"twitter:label1\" content=\"Odhadovan\u00e1 doba \u010dten\u00ed\" \/>\n\t<meta name=\"twitter:data1\" content=\"4 minuty\" \/>\n<script type=\"application\/ld+json\" class=\"yoast-schema-graph\">{\"@context\":\"https:\/\/schema.org\",\"@graph\":[{\"@type\":\"WebPage\",\"@id\":\"https:\/\/noticiatecnologia.com\/termos-de-uso\/\",\"url\":\"https:\/\/noticiatecnologia.com\/termos-de-uso\/\",\"name\":\"Termos de Uso - Noticia Tecnologia\",\"isPartOf\":{\"@id\":\"https:\/\/noticiatecnologia.com\/#website\"},\"datePublished\":\"2024-06-28T15:59:34+00:00\",\"breadcrumb\":{\"@id\":\"https:\/\/noticiatecnologia.com\/termos-de-uso\/#breadcrumb\"},\"inLanguage\":\"cs\",\"potentialAction\":[{\"@type\":\"ReadAction\",\"target\":[\"https:\/\/noticiatecnologia.com\/termos-de-uso\/\"]}]},{\"@type\":\"BreadcrumbList\",\"@id\":\"https:\/\/noticiatecnologia.com\/termos-de-uso\/#breadcrumb\",\"itemListElement\":[{\"@type\":\"ListItem\",\"position\":1,\"name\":\"In\u00edcio\",\"item\":\"https:\/\/noticiatecnologia.com\/\"},{\"@type\":\"ListItem\",\"position\":2,\"name\":\"Termos de Uso\"}]},{\"@type\":\"WebSite\",\"@id\":\"https:\/\/noticiatecnologia.com\/#website\",\"url\":\"https:\/\/noticiatecnologia.com\/\",\"name\":\"Noticia Tecnologia\",\"description\":\"Desvendando a tecnologia!\",\"publisher\":{\"@id\":\"https:\/\/noticiatecnologia.com\/#organization\"},\"potentialAction\":[{\"@type\":\"SearchAction\",\"target\":{\"@type\":\"EntryPoint\",\"urlTemplate\":\"https:\/\/noticiatecnologia.com\/?s={search_term_string}\"},\"query-input\":{\"@type\":\"PropertyValueSpecification\",\"valueRequired\":true,\"valueName\":\"search_term_string\"}}],\"inLanguage\":\"cs\"},{\"@type\":\"Organization\",\"@id\":\"https:\/\/noticiatecnologia.com\/#organization\",\"name\":\"Spotads\",\"url\":\"https:\/\/noticiatecnologia.com\/\",\"logo\":{\"@type\":\"ImageObject\",\"inLanguage\":\"cs\",\"@id\":\"https:\/\/noticiatecnologia.com\/#\/schema\/logo\/image\/\",\"url\":\"https:\/\/noticiatecnologia.com\/wp-content\/uploads\/2024\/06\/NOTICIA-LOGO-1.png\",\"contentUrl\":\"https:\/\/noticiatecnologia.com\/wp-content\/uploads\/2024\/06\/NOTICIA-LOGO-1.png\",\"width\":250,\"height\":60,\"caption\":\"Spotads\"},\"image\":{\"@id\":\"https:\/\/noticiatecnologia.com\/#\/schema\/logo\/image\/\"}}]}<\/script>\n<!-- \/ Yoast SEO plugin. -->","yoast_head_json":{"title":"Podm\u00ednky pou\u017eit\u00ed - Noticia Tecnologia","robots":{"index":"index","follow":"follow","max-snippet":"max-snippet:-1","max-image-preview":"max-image-preview:large","max-video-preview":"max-video-preview:-1"},"canonical":"https:\/\/noticiatecnologia.com\/cs\/podminky-pouziti\/","og_locale":"cs_CZ","og_type":"article","og_title":"Termos de Uso - Noticia Tecnologia","og_description":"Termos de Uso do Noticias Tecnologia Ao acessar ao site Noticias Tecnologia, concorda em cumprir estes termos de servi\u00e7o, todas as leis e regulamentos aplic\u00e1veis e concorda que \u00e9 respons\u00e1vel pelo cumprimento de todas as leis locais aplic\u00e1veis. Se voc\u00ea n\u00e3o concordar com algum desses termos, est\u00e1 proibido de usar ou acessar este site. Os ... Leia mais","og_url":"https:\/\/noticiatecnologia.com\/cs\/podminky-pouziti\/","og_site_name":"Noticia Tecnologia","twitter_card":"summary_large_image","twitter_misc":{"Odhadovan\u00e1 doba \u010dten\u00ed":"4 minuty"},"schema":{"@context":"https:\/\/schema.org","@graph":[{"@type":"WebPage","@id":"https:\/\/noticiatecnologia.com\/termos-de-uso\/","url":"https:\/\/noticiatecnologia.com\/termos-de-uso\/","name":"Podm\u00ednky pou\u017eit\u00ed - Noticia Tecnologia","isPartOf":{"@id":"https:\/\/noticiatecnologia.com\/#website"},"datePublished":"2024-06-28T15:59:34+00:00","breadcrumb":{"@id":"https:\/\/noticiatecnologia.com\/termos-de-uso\/#breadcrumb"},"inLanguage":"cs","potentialAction":[{"@type":"ReadAction","target":["https:\/\/noticiatecnologia.com\/termos-de-uso\/"]}]},{"@type":"BreadcrumbList","@id":"https:\/\/noticiatecnologia.com\/termos-de-uso\/#breadcrumb","itemListElement":[{"@type":"ListItem","position":1,"name":"In\u00edcio","item":"https:\/\/noticiatecnologia.com\/"},{"@type":"ListItem","position":2,"name":"Termos de Uso"}]},{"@type":"WebSite","@id":"https:\/\/noticiatecnologia.com\/#website","url":"https:\/\/noticiatecnologia.com\/","name":"Technologick\u00e9 novinky","description":"Odhalov\u00e1n\u00ed technologie!","publisher":{"@id":"https:\/\/noticiatecnologia.com\/#organization"},"potentialAction":[{"@type":"SearchAction","target":{"@type":"EntryPoint","urlTemplate":"https:\/\/noticiatecnologia.com\/?s={search_term_string}"},"query-input":{"@type":"PropertyValueSpecification","valueRequired":true,"valueName":"search_term_string"}}],"inLanguage":"cs"},{"@type":"Organization","@id":"https:\/\/noticiatecnologia.com\/#organization","name":"Spotads","url":"https:\/\/noticiatecnologia.com\/","logo":{"@type":"ImageObject","inLanguage":"cs","@id":"https:\/\/noticiatecnologia.com\/#\/schema\/logo\/image\/","url":"https:\/\/noticiatecnologia.com\/wp-content\/uploads\/2024\/06\/NOTICIA-LOGO-1.png","contentUrl":"https:\/\/noticiatecnologia.com\/wp-content\/uploads\/2024\/06\/NOTICIA-LOGO-1.png","width":250,"height":60,"caption":"Spotads"},"image":{"@id":"https:\/\/noticiatecnologia.com\/#\/schema\/logo\/image\/"}}]}},"_links":{"self":[{"href":"https:\/\/noticiatecnologia.com\/cs\/wp-json\/wp\/v2\/pages\/46975","targetHints":{"allow":["GET"]}}],"collection":[{"href":"https:\/\/noticiatecnologia.com\/cs\/wp-json\/wp\/v2\/pages"}],"about":[{"href":"https:\/\/noticiatecnologia.com\/cs\/wp-json\/wp\/v2\/types\/page"}],"author":[{"embeddable":true,"href":"https:\/\/noticiatecnologia.com\/cs\/wp-json\/wp\/v2\/users\/1"}],"replies":[{"embeddable":true,"href":"https:\/\/noticiatecnologia.com\/cs\/wp-json\/wp\/v2\/comments?post=46975"}],"version-history":[{"count":0,"href":"https:\/\/noticiatecnologia.com\/cs\/wp-json\/wp\/v2\/pages\/46975\/revisions"}],"wp:attachment":[{"href":"https:\/\/noticiatecnologia.com\/cs\/wp-json\/wp\/v2\/media?parent=46975"}],"curies":[{"name":"wp","href":"https:\/\/api.w.org\/{rel}","templated":true}]}}