{"id":46975,"date":"2024-06-28T15:59:34","date_gmt":"2024-06-28T15:59:34","guid":{"rendered":"https:\/\/noticiatecnologia.com\/?page_id=46975"},"modified":"2024-06-28T15:59:34","modified_gmt":"2024-06-28T15:59:34","slug":"nutzungsbedingungen","status":"publish","type":"page","link":"https:\/\/noticiatecnologia.com\/de\/nutzungsbedingungen\/","title":{"rendered":"Nutzungsbedingungen"},"content":{"rendered":"<h2 class=\"wp-block-heading\">Nutzungsbedingungen f\u00fcr Noticias Tecnologia<\/h2>\n\n\n\n<p>Durch den Zugriff auf die Website von Noticias Tecnologia erkl\u00e4ren Sie sich mit diesen Nutzungsbedingungen sowie allen geltenden Gesetzen und Vorschriften einverstanden und stimmen zu, dass Sie f\u00fcr die Einhaltung aller geltenden lokalen Gesetze verantwortlich sind. Wenn Sie mit einer dieser Bedingungen nicht einverstanden sind, ist Ihnen die Nutzung oder der Zugriff auf diese Website untersagt. Die auf dieser Website enthaltenen Materialien sind durch geltende Urheberrechts- und Markengesetze gesch\u00fctzt.<\/p>\n\n\n\n<h2 class=\"wp-block-heading\">Lizenznutzung<\/h2>\n\n\n\n<p>Es wird die Erlaubnis erteilt, vor\u00fcbergehend eine Kopie der Materialien (Informationen oder Software) auf der Website von Noticias Tecnologia nur f\u00fcr den pers\u00f6nlichen, nichtkommerziellen vor\u00fcbergehenden Gebrauch herunterzuladen. Hierbei handelt es sich um die Gew\u00e4hrung einer Lizenz, nicht um eine Eigentums\u00fcbertragung, und im Rahmen dieser Lizenz ist es Ihnen nicht gestattet:<\/p>\n\n\n\n<ul class=\"wp-block-list\">\n<li>die Materialien \u00e4ndern oder kopieren;<\/li>\n\n\n\n<li>die Materialien f\u00fcr kommerzielle Zwecke oder zur \u00f6ffentlichen Darstellung (kommerziell oder nichtkommerziell) verwenden;<\/li>\n\n\n\n<li>Versuchen Sie, die auf der Noticias Tecnologia-Website enthaltene Software zu dekompilieren oder zur\u00fcckzuentwickeln.<\/li>\n\n\n\n<li>jegliche Urheberrechts- oder andere Eigentumsvermerke aus den Materialien entfernen; oder<\/li>\n\n\n\n<li>die Materialien an eine andere Person \u00fcbertragen oder die Materialien auf einem anderen Server \u201espiegeln\u201c. Diese Lizenz erlischt automatisch, wenn Sie gegen eine dieser Einschr\u00e4nkungen versto\u00dfen, und kann von Noticias Tecnologia jederzeit gek\u00fcndigt werden. Wenn Sie die Anzeige dieser Materialien oder die Beendigung dieser Lizenz beenden, m\u00fcssen Sie alle in Ihrem Besitz befindlichen heruntergeladenen Materialien l\u00f6schen, sei es in elektronischer oder gedruckter Form.<\/li>\n<\/ul>\n\n\n\n<h2 class=\"wp-block-heading\">Haftungsausschluss<\/h2>\n\n\n\n<p>Die Materialien auf der Website von Noticias Tecnologia werden im Ist-Zustand bereitgestellt. Noticias Tecnologia \u00fcbernimmt keine Garantien, weder ausdr\u00fccklich noch stillschweigend, und lehnt hiermit alle anderen Garantien ab, einschlie\u00dflich, aber nicht beschr\u00e4nkt auf stillschweigende Garantien oder Bedingungen der Marktg\u00e4ngigkeit, der Eignung f\u00fcr einen bestimmten Zweck oder der Nichtverletzung von geistigem Eigentum oder anderer Rechtsverletzungen.<\/p>\n\n\n\n<p>Dar\u00fcber hinaus \u00fcbernimmt Noticias Tecnologia keine Gew\u00e4hrleistung oder Zusicherung hinsichtlich der Genauigkeit, der wahrscheinlichen Ergebnisse oder der Zuverl\u00e4ssigkeit der Verwendung der Materialien auf ihrer Website oder anderweitig im Zusammenhang mit solchen Materialien oder auf mit dieser Website verlinkten Websites.<\/p>\n\n\n\n<h2 class=\"wp-block-heading\">Einschr\u00e4nkungen<\/h2>\n\n\n\n<p>In keinem Fall haften Noticias Tecnologia oder seine Lieferanten f\u00fcr Sch\u00e4den (einschlie\u00dflich, aber nicht beschr\u00e4nkt auf Sch\u00e4den aus Daten- oder Gewinnverlusten oder aufgrund von Betriebsunterbrechungen), die sich aus der Nutzung oder der Unm\u00f6glichkeit der Nutzung der Materialien auf der Website von Noticias Tecnologia ergeben. auch wenn Noticias Tecnologia oder ein autorisierter Vertreter von Noticias Tecnologia m\u00fcndlich oder schriftlich \u00fcber die M\u00f6glichkeit solcher Sch\u00e4den informiert wurde. Da in einigen Gerichtsbarkeiten keine Beschr\u00e4nkungen stillschweigender Garantien oder Haftungsbeschr\u00e4nkungen f\u00fcr Folge- oder Nebensch\u00e4den zul\u00e4ssig sind, gelten diese Beschr\u00e4nkungen m\u00f6glicherweise nicht f\u00fcr Sie.<\/p>\n\n\n\n<h2 class=\"wp-block-heading\">Pr\u00e4zision der Materialien<\/h2>\n\n\n\n<p>Die auf der Website von Noticias Tecnologia erscheinenden Materialien k\u00f6nnen technische, typografische oder fotografische Fehler enthalten. Noticias Tecnologia \u00fcbernimmt keine Garantie daf\u00fcr, dass die Materialien auf ihrer Website korrekt, vollst\u00e4ndig oder aktuell sind. Noticias Tecnologia kann jederzeit und ohne Vorank\u00fcndigung \u00c4nderungen an den auf ihrer Website enthaltenen Materialien vornehmen. Noticias Tecnologia \u00fcbernimmt jedoch keine Verpflichtung, die Materialien zu aktualisieren.<\/p>\n\n\n\n<h2 class=\"wp-block-heading\">Links<\/h2>\n\n\n\n<p>Noticias Tecnologia hat nicht alle mit seiner Website verlinkten Websites \u00fcberpr\u00fcft und ist nicht f\u00fcr den Inhalt der verlinkten Websites verantwortlich. Die Aufnahme eines Links bedeutet nicht, dass Noticias Tecnologia die Website bef\u00fcrwortet. Die Nutzung der verlinkten Seiten erfolgt auf eigene Gefahr des Nutzers.<\/p>\n\n\n\n<h2 class=\"wp-block-heading\">\u00c4nderungen<\/h2>\n\n\n\n<p>Noticias Tecnologia kann diese Nutzungsbedingungen f\u00fcr seine Website jederzeit und ohne Vorank\u00fcndigung \u00e4ndern. Durch die Nutzung dieser Website erkl\u00e4ren Sie sich mit der aktuellen Version dieser Nutzungsbedingungen einverstanden.<\/p>\n\n\n\n<p>Anwendbares Recht Diese Allgemeinen Gesch\u00e4ftsbedingungen unterliegen den Gesetzen von Noticias Tecnologia und werden in \u00dcbereinstimmung mit diesen ausgelegt. Sie unterwerfen sich unwiderruflich der ausschlie\u00dflichen Zust\u00e4ndigkeit der Gerichte in diesem Staat oder Standort.<\/p>\n\n\n\n<h2 class=\"wp-block-heading\" id=\"lei-aplicavel\">Anwendbares Recht<\/h2>\n\n\n\n<p>Diese Allgemeinen Gesch\u00e4ftsbedingungen unterliegen den Gesetzen von Noticias Tecnologia und werden in \u00dcbereinstimmung mit diesen ausgelegt. Sie unterwerfen sich unwiderruflich der ausschlie\u00dflichen Zust\u00e4ndigkeit der Gerichte in diesem Staat oder Standort.<\/p>","protected":false},"excerpt":{"rendered":"<p>Mit dem Zugriff auf die Website von Noticias Tecnologia erkl\u00e4ren Sie sich mit diesen Nutzungsbedingungen sowie allen geltenden Gesetzen und Vorschriften einverstanden und erkl\u00e4ren sich damit einverstanden, dass Sie f\u00fcr die Einhaltung aller geltenden lokalen Gesetze verantwortlich sind. Wenn Sie mit diesen Bedingungen nicht einverstanden sind, ist Ihnen die Nutzung oder der Zugriff auf diese Website untersagt. Die \u2026 <a title=\"Nutzungsbedingungen\" class=\"read-more\" href=\"https:\/\/noticiatecnologia.com\/de\/nutzungsbedingungen\/\" aria-label=\"Weitere Informationen zu den Nutzungsbedingungen\">mehr lesen<\/a><\/p>","protected":false},"author":1,"featured_media":0,"parent":0,"menu_order":0,"comment_status":"closed","ping_status":"closed","template":"","meta":{"footnotes":""},"class_list":["post-46975","page","type-page","status-publish"],"yoast_head":"<!-- This site is optimized with the Yoast SEO plugin v25.7 - https:\/\/yoast.com\/wordpress\/plugins\/seo\/ -->\n<title>Termos de Uso - Noticia Tecnologia<\/title>\n<meta name=\"robots\" content=\"index, follow, max-snippet:-1, max-image-preview:large, max-video-preview:-1\" \/>\n<link rel=\"canonical\" href=\"https:\/\/noticiatecnologia.com\/de\/nutzungsbedingungen\/\" \/>\n<meta property=\"og:locale\" content=\"de_DE\" \/>\n<meta property=\"og:type\" content=\"article\" \/>\n<meta property=\"og:title\" content=\"Termos de Uso - Noticia Tecnologia\" \/>\n<meta property=\"og:description\" content=\"Termos de Uso do Noticias Tecnologia Ao acessar ao site Noticias Tecnologia, concorda em cumprir estes termos de servi\u00e7o, todas as leis e regulamentos aplic\u00e1veis e concorda que \u00e9 respons\u00e1vel pelo cumprimento de todas as leis locais aplic\u00e1veis. Se voc\u00ea n\u00e3o concordar com algum desses termos, est\u00e1 proibido de usar ou acessar este site. Os ... Leia mais\" \/>\n<meta property=\"og:url\" content=\"https:\/\/noticiatecnologia.com\/de\/nutzungsbedingungen\/\" \/>\n<meta property=\"og:site_name\" content=\"Noticia Tecnologia\" \/>\n<meta name=\"twitter:card\" content=\"summary_large_image\" \/>\n<meta name=\"twitter:label1\" content=\"Gesch\u00e4tzte Lesezeit\" \/>\n\t<meta name=\"twitter:data1\" content=\"4\u00a0Minuten\" \/>\n<script type=\"application\/ld+json\" class=\"yoast-schema-graph\">{\"@context\":\"https:\/\/schema.org\",\"@graph\":[{\"@type\":\"WebPage\",\"@id\":\"https:\/\/noticiatecnologia.com\/termos-de-uso\/\",\"url\":\"https:\/\/noticiatecnologia.com\/termos-de-uso\/\",\"name\":\"Termos de Uso - Noticia Tecnologia\",\"isPartOf\":{\"@id\":\"https:\/\/noticiatecnologia.com\/#website\"},\"datePublished\":\"2024-06-28T15:59:34+00:00\",\"breadcrumb\":{\"@id\":\"https:\/\/noticiatecnologia.com\/termos-de-uso\/#breadcrumb\"},\"inLanguage\":\"de\",\"potentialAction\":[{\"@type\":\"ReadAction\",\"target\":[\"https:\/\/noticiatecnologia.com\/termos-de-uso\/\"]}]},{\"@type\":\"BreadcrumbList\",\"@id\":\"https:\/\/noticiatecnologia.com\/termos-de-uso\/#breadcrumb\",\"itemListElement\":[{\"@type\":\"ListItem\",\"position\":1,\"name\":\"In\u00edcio\",\"item\":\"https:\/\/noticiatecnologia.com\/\"},{\"@type\":\"ListItem\",\"position\":2,\"name\":\"Termos de Uso\"}]},{\"@type\":\"WebSite\",\"@id\":\"https:\/\/noticiatecnologia.com\/#website\",\"url\":\"https:\/\/noticiatecnologia.com\/\",\"name\":\"Noticia Tecnologia\",\"description\":\"Desvendando a tecnologia!\",\"publisher\":{\"@id\":\"https:\/\/noticiatecnologia.com\/#organization\"},\"potentialAction\":[{\"@type\":\"SearchAction\",\"target\":{\"@type\":\"EntryPoint\",\"urlTemplate\":\"https:\/\/noticiatecnologia.com\/?s={search_term_string}\"},\"query-input\":{\"@type\":\"PropertyValueSpecification\",\"valueRequired\":true,\"valueName\":\"search_term_string\"}}],\"inLanguage\":\"de\"},{\"@type\":\"Organization\",\"@id\":\"https:\/\/noticiatecnologia.com\/#organization\",\"name\":\"Spotads\",\"url\":\"https:\/\/noticiatecnologia.com\/\",\"logo\":{\"@type\":\"ImageObject\",\"inLanguage\":\"de\",\"@id\":\"https:\/\/noticiatecnologia.com\/#\/schema\/logo\/image\/\",\"url\":\"https:\/\/noticiatecnologia.com\/wp-content\/uploads\/2024\/06\/NOTICIA-LOGO-1.png\",\"contentUrl\":\"https:\/\/noticiatecnologia.com\/wp-content\/uploads\/2024\/06\/NOTICIA-LOGO-1.png\",\"width\":250,\"height\":60,\"caption\":\"Spotads\"},\"image\":{\"@id\":\"https:\/\/noticiatecnologia.com\/#\/schema\/logo\/image\/\"}}]}<\/script>\n<!-- \/ Yoast SEO plugin. -->","yoast_head_json":{"title":"Nutzungsbedingungen \u2013 Noticia Tecnologia","robots":{"index":"index","follow":"follow","max-snippet":"max-snippet:-1","max-image-preview":"max-image-preview:large","max-video-preview":"max-video-preview:-1"},"canonical":"https:\/\/noticiatecnologia.com\/de\/nutzungsbedingungen\/","og_locale":"de_DE","og_type":"article","og_title":"Termos de Uso - Noticia Tecnologia","og_description":"Termos de Uso do Noticias Tecnologia Ao acessar ao site Noticias Tecnologia, concorda em cumprir estes termos de servi\u00e7o, todas as leis e regulamentos aplic\u00e1veis e concorda que \u00e9 respons\u00e1vel pelo cumprimento de todas as leis locais aplic\u00e1veis. Se voc\u00ea n\u00e3o concordar com algum desses termos, est\u00e1 proibido de usar ou acessar este site. Os ... Leia mais","og_url":"https:\/\/noticiatecnologia.com\/de\/nutzungsbedingungen\/","og_site_name":"Noticia Tecnologia","twitter_card":"summary_large_image","twitter_misc":{"Gesch\u00e4tzte Lesezeit":"4\u00a0Minuten"},"schema":{"@context":"https:\/\/schema.org","@graph":[{"@type":"WebPage","@id":"https:\/\/noticiatecnologia.com\/termos-de-uso\/","url":"https:\/\/noticiatecnologia.com\/termos-de-uso\/","name":"Nutzungsbedingungen \u2013 Noticia Tecnologia","isPartOf":{"@id":"https:\/\/noticiatecnologia.com\/#website"},"datePublished":"2024-06-28T15:59:34+00:00","breadcrumb":{"@id":"https:\/\/noticiatecnologia.com\/termos-de-uso\/#breadcrumb"},"inLanguage":"de","potentialAction":[{"@type":"ReadAction","target":["https:\/\/noticiatecnologia.com\/termos-de-uso\/"]}]},{"@type":"BreadcrumbList","@id":"https:\/\/noticiatecnologia.com\/termos-de-uso\/#breadcrumb","itemListElement":[{"@type":"ListItem","position":1,"name":"In\u00edcio","item":"https:\/\/noticiatecnologia.com\/"},{"@type":"ListItem","position":2,"name":"Termos de Uso"}]},{"@type":"WebSite","@id":"https:\/\/noticiatecnologia.com\/#website","url":"https:\/\/noticiatecnologia.com\/","name":"Technische Neuigkeiten","description":"Technologie aufdecken!","publisher":{"@id":"https:\/\/noticiatecnologia.com\/#organization"},"potentialAction":[{"@type":"SearchAction","target":{"@type":"EntryPoint","urlTemplate":"https:\/\/noticiatecnologia.com\/?s={search_term_string}"},"query-input":{"@type":"PropertyValueSpecification","valueRequired":true,"valueName":"search_term_string"}}],"inLanguage":"de"},{"@type":"Organization","@id":"https:\/\/noticiatecnologia.com\/#organization","name":"Spotads","url":"https:\/\/noticiatecnologia.com\/","logo":{"@type":"ImageObject","inLanguage":"de","@id":"https:\/\/noticiatecnologia.com\/#\/schema\/logo\/image\/","url":"https:\/\/noticiatecnologia.com\/wp-content\/uploads\/2024\/06\/NOTICIA-LOGO-1.png","contentUrl":"https:\/\/noticiatecnologia.com\/wp-content\/uploads\/2024\/06\/NOTICIA-LOGO-1.png","width":250,"height":60,"caption":"Spotads"},"image":{"@id":"https:\/\/noticiatecnologia.com\/#\/schema\/logo\/image\/"}}]}},"_links":{"self":[{"href":"https:\/\/noticiatecnologia.com\/de\/wp-json\/wp\/v2\/pages\/46975","targetHints":{"allow":["GET"]}}],"collection":[{"href":"https:\/\/noticiatecnologia.com\/de\/wp-json\/wp\/v2\/pages"}],"about":[{"href":"https:\/\/noticiatecnologia.com\/de\/wp-json\/wp\/v2\/types\/page"}],"author":[{"embeddable":true,"href":"https:\/\/noticiatecnologia.com\/de\/wp-json\/wp\/v2\/users\/1"}],"replies":[{"embeddable":true,"href":"https:\/\/noticiatecnologia.com\/de\/wp-json\/wp\/v2\/comments?post=46975"}],"version-history":[{"count":0,"href":"https:\/\/noticiatecnologia.com\/de\/wp-json\/wp\/v2\/pages\/46975\/revisions"}],"wp:attachment":[{"href":"https:\/\/noticiatecnologia.com\/de\/wp-json\/wp\/v2\/media?parent=46975"}],"curies":[{"name":"wp","href":"https:\/\/api.w.org\/{rel}","templated":true}]}}