{"id":46979,"date":"2024-06-28T16:01:36","date_gmt":"2024-06-28T16:01:36","guid":{"rendered":"https:\/\/noticiatecnologia.com\/?page_id=46979"},"modified":"2024-06-28T16:01:45","modified_gmt":"2024-06-28T16:01:45","slug":"%d7%9e%d7%99-%d7%90%d7%a0%d7%97%d7%a0%d7%95","status":"publish","type":"page","link":"https:\/\/noticiatecnologia.com\/he\/%d7%9e%d7%99-%d7%90%d7%a0%d7%97%d7%a0%d7%95\/","title":{"rendered":"\u05de\u05d9 \u05d0\u05e0\u05d7\u05e0\u05d5"},"content":{"rendered":"<p>Noticia Tecnologia \u05d4\u05d5\u05d0 \u05d0\u05ea\u05e8 \u05d8\u05db\u05e0\u05d5\u05dc\u05d5\u05d2\u05d9 \u05e9\u05e0\u05d5\u05e6\u05e8 \u05d1\u05e9\u05e0\u05ea 2024 \u05d1\u05de\u05d8\u05e8\u05d4 \u05dc\u05e1\u05e4\u05e7 \u05de\u05d9\u05d3\u05e2 \u05d5\u05d8\u05d9\u05e4\u05d9\u05dd \u05e2\u05dc \u05d9\u05d9\u05e9\u05d5\u05de\u05d9\u05dd, \u05e4\u05d9\u05e0\u05e0\u05e1\u05d9\u05dd \u05d5\u05e0\u05d5\u05e9\u05d0\u05d9\u05dd \u05d0\u05d7\u05e8\u05d9\u05dd \u05d4\u05e7\u05e9\u05d5\u05e8\u05d9\u05dd \u05dc\u05e2\u05d5\u05dc\u05dd \u05d4\u05d3\u05d9\u05d2\u05d9\u05d8\u05dc\u05d9. \u05d0\u05e0\u05d5 \u05de\u05d0\u05de\u05d9\u05e0\u05d9\u05dd \u05e9\u05d8\u05db\u05e0\u05d5\u05dc\u05d5\u05d2\u05d9\u05d4 \u05d4\u05d9\u05d0 \u05db\u05dc\u05d9 \u05e8\u05d1 \u05e2\u05d5\u05e6\u05de\u05d4 \u05dc\u05e9\u05d9\u05e0\u05d5\u05d9 \u05d7\u05d9\u05d9\u05dd \u05d5\u05e2\u05e1\u05e7\u05d9\u05dd, \u05d5\u05d0\u05e0\u05d7\u05e0\u05d5 \u05e8\u05d5\u05e6\u05d9\u05dd \u05dc\u05e2\u05d6\u05d5\u05e8 \u05dc\u05e7\u05d5\u05e8\u05d0\u05d9\u05dd \u05e9\u05dc\u05e0\u05d5 \u05dc\u05d4\u05d9\u05e9\u05d0\u05e8 \u05de\u05e2\u05d5\u05d3\u05db\u05e0\u05d9\u05dd \u05d5\u05dc\u05d4\u05e4\u05d9\u05e7 \u05d0\u05ea \u05d4\u05de\u05e8\u05d1 \u05de\u05d4\u05db\u05dc\u05d9\u05dd \u05d4\u05dc\u05dc\u05d5.<\/p>\n\n\n\n<p>\u05db\u05d0\u05df \u05d1-Noticia Tecnologia \u05ea\u05de\u05e6\u05d0\u05d5 \u05de\u05d0\u05de\u05e8\u05d9\u05dd \u05d5\u05de\u05d3\u05e8\u05d9\u05db\u05d9\u05dd \u05e9\u05e0\u05db\u05ea\u05d1\u05d5 \u05e2\u05dc \u05d9\u05d3\u05d9 \u05de\u05d5\u05de\u05d7\u05d9 \u05d8\u05db\u05e0\u05d5\u05dc\u05d5\u05d2\u05d9\u05d4, \u05db\u05de\u05d5 \u05d2\u05dd \u05e0\u05d9\u05ea\u05d5\u05d7\u05d9\u05dd \u05d5\u05e1\u05e7\u05d9\u05e8\u05d5\u05ea \u05e9\u05dc \u05de\u05d5\u05e6\u05e8\u05d9\u05dd \u05d5\u05e9\u05d9\u05e8\u05d5\u05ea\u05d9\u05dd. \u05d0\u05e0\u05d5 \u05de\u05e6\u05d9\u05e2\u05d9\u05dd \u05d2\u05dd \u05d8\u05d9\u05e4\u05d9\u05dd \u05d5\u05d8\u05e8\u05d9\u05e7\u05d9\u05dd \u05e9\u05d9\u05e2\u05d6\u05e8\u05d5 \u05dc\u05da \u05dc\u05d4\u05e4\u05d9\u05e7 \u05d0\u05ea \u05d4\u05de\u05e8\u05d1 \u05de\u05d4\u05de\u05db\u05e9\u05d9\u05e8\u05d9\u05dd \u05d5\u05d4\u05d0\u05e4\u05dc\u05d9\u05e7\u05e6\u05d9\u05d5\u05ea \u05d4\u05e0\u05d9\u05d9\u05d3\u05d9\u05dd \u05e9\u05dc\u05da.<\/p>\n\n\n\n<p>Noticia Tecnologia \u05d4\u05d5\u05d0 \u05e1\u05d9\u05de\u05df \u05de\u05e1\u05d7\u05e8\u05d9 \u05e8\u05e9\u05d5\u05dd \u05e9\u05dc \u05d4\u05d7\u05d1\u05e8\u05d4&nbsp;<a href=\"http:\/\/spotads.me\/\">spotads.me<\/a>&nbsp;\u05d5\u05de\u05ea\u05d5\u05d7\u05d6\u05e7 \u05e2\u05dc \u05d9\u05d3\u05d9 \u05e6\u05d5\u05d5\u05ea \u05e9\u05dc \u05d0\u05e0\u05e9\u05d9 \u05de\u05e7\u05e6\u05d5\u05e2 \u05e9\u05de\u05ea\u05dc\u05d4\u05d1\u05d9\u05dd \u05de\u05d8\u05db\u05e0\u05d5\u05dc\u05d5\u05d2\u05d9\u05d4.&quot;<\/p>\n\n\n\n<p>\u05d4\u05e6\u05d5\u05d5\u05ea \u05e9\u05dc\u05e0\u05d5 \u05de\u05d5\u05e8\u05db\u05d1 \u05de\u05de\u05d5\u05de\u05d7\u05d9\u05dd \u05d8\u05db\u05e0\u05d5\u05dc\u05d5\u05d2\u05d9\u05d9\u05dd, \u05e2\u05d9\u05ea\u05d5\u05e0\u05d0\u05d9\u05dd \u05d5\u05db\u05d5\u05ea\u05d1\u05d9\u05dd, \u05db\u05d5\u05dc\u05dd \u05de\u05d7\u05d5\u05d9\u05d1\u05d9\u05dd \u05dc\u05e1\u05e4\u05e7 \u05ea\u05d5\u05db\u05df \u05d0\u05d9\u05db\u05d5\u05ea\u05d9 \u05d5\u05de\u05d3\u05d5\u05d9\u05e7 \u05dc\u05e7\u05d5\u05e8\u05d0\u05d9\u05dd \u05e9\u05dc\u05e0\u05d5. \u05d0\u05e0\u05d5 \u05de\u05d0\u05de\u05d9\u05e0\u05d9\u05dd \u05e9\u05d8\u05db\u05e0\u05d5\u05dc\u05d5\u05d2\u05d9\u05d4 \u05d4\u05d9\u05d0 \u05db\u05dc\u05d9 \u05e8\u05d1 \u05e2\u05d5\u05e6\u05de\u05d4 \u05dc\u05e9\u05d9\u05e0\u05d5\u05d9 \u05d7\u05d9\u05d9\u05dd \u05d5\u05e2\u05e1\u05e7\u05d9\u05dd \u05d5\u05d4\u05de\u05d8\u05e8\u05d4 \u05e9\u05dc\u05e0\u05d5 \u05d4\u05d9\u05d0 \u05dc\u05e2\u05d6\u05d5\u05e8 \u05dc\u05e7\u05d5\u05e8\u05d0\u05d9\u05dd \u05e9\u05dc\u05e0\u05d5 \u05dc\u05d4\u05d9\u05e9\u05d0\u05e8 \u05de\u05e2\u05d5\u05d3\u05db\u05e0\u05d9\u05dd \u05d5\u05dc\u05d4\u05e4\u05d9\u05e7 \u05d0\u05ea \u05d4\u05de\u05e8\u05d1 \u05de\u05d4\u05db\u05dc\u05d9\u05dd \u05d4\u05dc\u05dc\u05d5.<\/p>\n\n\n\n<p>\u05d1\u05e0\u05d5\u05e1\u05e3 \u05dc\u05ea\u05d5\u05db\u05df, \u05d0\u05e0\u05d5 \u05de\u05e6\u05d9\u05e2\u05d9\u05dd \u05dc\u05e7\u05d5\u05e8\u05d0\u05d9\u05dd \u05e9\u05dc\u05e0\u05d5 \u05d2\u05dd \u05d0\u05ea \u05d4\u05d4\u05d6\u05d3\u05de\u05e0\u05d5\u05ea \u05dc\u05d4\u05ea\u05d7\u05d1\u05e8 \u05e2\u05dd \u05d7\u05d5\u05d1\u05d1\u05d9 \u05d8\u05db\u05e0\u05d5\u05dc\u05d5\u05d2\u05d9\u05d4 \u05d0\u05d7\u05e8\u05d9\u05dd \u05d3\u05e8\u05da \u05d4\u05e8\u05e9\u05ea\u05d5\u05ea \u05d4\u05d7\u05d1\u05e8\u05ea\u05d9\u05d5\u05ea \u05d5\u05e4\u05d5\u05e8\u05d5\u05de\u05d9 \u05d4\u05d3\u05d9\u05d5\u05df \u05e9\u05dc\u05e0\u05d5. \u05d0\u05e0\u05d5 \u05de\u05e2\u05e8\u05d9\u05db\u05d9\u05dd \u05d0\u05ea \u05d3\u05e2\u05ea \u05d4\u05e7\u05d5\u05e8\u05d0\u05d9\u05dd \u05e9\u05dc\u05e0\u05d5 \u05d5\u05ea\u05de\u05d9\u05d3 \u05e4\u05ea\u05d5\u05d7\u05d9\u05dd \u05dc\u05d4\u05e6\u05e2\u05d5\u05ea \u05d5\u05de\u05e9\u05d5\u05d1 \u05dc\u05e9\u05d9\u05e4\u05d5\u05e8 \u05d4\u05e9\u05d9\u05e8\u05d5\u05ea\u05d9\u05dd \u05e9\u05dc\u05e0\u05d5.<\/p>\n\n\n\n<p>\u05e2\u05e7\u05d1\u05d5 \u05d0\u05d7\u05e8\u05d9\u05e0\u05d5 \u05d5\u05d4\u05d9\u05e9\u05d0\u05e8\u05d5 \u05de\u05e2\u05d5\u05d3\u05db\u05e0\u05d9\u05dd \u05d1\u05d8\u05e8\u05e0\u05d3\u05d9\u05dd \u05d5\u05d4\u05d7\u05d3\u05e9\u05d5\u05ea \u05d4\u05d0\u05d7\u05e8\u05d5\u05e0\u05d5\u05ea \u05d1\u05e2\u05d5\u05dc\u05dd \u05d4\u05d8\u05db\u05e0\u05d5\u05dc\u05d5\u05d2\u05d9\u05d4. \u05ea\u05d5\u05d3\u05d4 \u05e9\u05d1\u05d9\u05e7\u05e8\u05ea \u05d1\u05d0\u05ea\u05e8 \u05e9\u05dc\u05e0\u05d5 \u05d5\u05d0\u05e0\u05d5 \u05de\u05e7\u05d5\u05d5\u05d9\u05dd \u05dc\u05e8\u05d0\u05d5\u05ea\u05da \u05e9\u05d5\u05d1 \u05d1\u05e7\u05e8\u05d5\u05d1!<\/p>","protected":false},"excerpt":{"rendered":"<p>Noticia Tecnologia \u05d4\u05d5\u05d0 \u05d0\u05ea\u05e8 \u05d8\u05db\u05e0\u05d5\u05dc\u05d5\u05d2\u05d9\u05d4 \u05e9\u05e0\u05d5\u05e6\u05e8 \u05d1\u05e9\u05e0\u05ea 2024 \u05d1\u05de\u05d8\u05e8\u05d4 \u05dc\u05e1\u05e4\u05e7 \u05de\u05d9\u05d3\u05e2 \u05d5\u05d8\u05d9\u05e4\u05d9\u05dd \u05d1\u05e0\u05d5\u05e9\u05d0 \u05d0\u05e4\u05dc\u05d9\u05e7\u05e6\u05d9\u05d5\u05ea, \u05e4\u05d9\u05e0\u05e0\u05e1\u05d9\u05dd \u05d5\u05e0\u05d5\u05e9\u05d0\u05d9\u05dd \u05d0\u05d7\u05e8\u05d9\u05dd \u05d4\u05e7\u05e9\u05d5\u05e8\u05d9\u05dd \u05dc\u05e2\u05d5\u05dc\u05dd \u05d4\u05d3\u05d9\u05d2\u05d9\u05d8\u05dc\u05d9. \u05d0\u05e0\u05d5 \u05de\u05d0\u05de\u05d9\u05e0\u05d9\u05dd \u05e9\u05d8\u05db\u05e0\u05d5\u05dc\u05d5\u05d2\u05d9\u05d4 \u05d4\u05d9\u05d0 \u05db\u05dc\u05d9 \u05e8\u05d1 \u05e2\u05d5\u05e6\u05de\u05d4 \u05dc\u05e9\u05d9\u05e0\u05d5\u05d9 \u05d7\u05d9\u05d9\u05dd \u05d5\u05e2\u05e1\u05e7\u05d9\u05dd, \u05d5\u05d0\u05e0\u05d5 \u05e8\u05d5\u05e6\u05d9\u05dd \u05dc\u05e2\u05d6\u05d5\u05e8 \u05dc\u05e7\u05d5\u05e8\u05d0\u05d9\u05e0\u05d5 \u05dc\u05d4\u05d9\u05e9\u05d0\u05e8 \u05de\u05e2\u05d5\u05d3\u05db\u05e0\u05d9\u05dd \u05d5\u05dc\u05d4\u05e4\u05d9\u05e7 \u05de\u05de\u05e0\u05d4 \u05d0\u05ea \u05d4\u05de\u05e8\u05d1. <a title=\"\u05de\u05d9 \u05d0\u05e0\u05d7\u05e0\u05d5\" class=\"read-more\" href=\"https:\/\/noticiatecnologia.com\/he\/%d7%9e%d7%99-%d7%90%d7%a0%d7%97%d7%a0%d7%95\/\" aria-label=\"\u05e7\u05e8\u05d0 \u05e2\u05d5\u05d3 \u05e2\u05dc \u05de\u05d9 \u05d0\u05e0\u05d7\u05e0\u05d5\">\u05e7\u05e8\u05d0 \u05e2\u05d5\u05d3<\/a><\/p>","protected":false},"author":1,"featured_media":0,"parent":0,"menu_order":0,"comment_status":"closed","ping_status":"closed","template":"","meta":{"footnotes":""},"class_list":["post-46979","page","type-page","status-publish"],"yoast_head":"<!-- This site is optimized with the Yoast SEO plugin v25.7 - https:\/\/yoast.com\/wordpress\/plugins\/seo\/ -->\n<title>Quem somos - Noticia Tecnologia<\/title>\n<meta name=\"robots\" content=\"index, follow, max-snippet:-1, max-image-preview:large, max-video-preview:-1\" \/>\n<link rel=\"canonical\" href=\"https:\/\/noticiatecnologia.com\/he\/\u05de\u05d9-\u05d0\u05e0\u05d7\u05e0\u05d5\/\" \/>\n<meta property=\"og:locale\" content=\"he_IL\" \/>\n<meta property=\"og:type\" content=\"article\" \/>\n<meta property=\"og:title\" content=\"Quem somos - Noticia Tecnologia\" \/>\n<meta property=\"og:description\" content=\"O Noticia Tecnologia \u00e9 um site de tecnologia criado em 2024 com o objetivo de fornecer informa\u00e7\u00f5es e dicas sobre aplicativos, finan\u00e7as e outros assuntos relacionados ao mundo digital. N\u00f3s acreditamos que a tecnologia \u00e9 uma ferramenta poderosa para transformar vidas e empresas, e queremos ajudar nossos leitores a se manterem atualizados e aproveitar ao ... Leia mais\" \/>\n<meta property=\"og:url\" content=\"https:\/\/noticiatecnologia.com\/he\/\u05de\u05d9-\u05d0\u05e0\u05d7\u05e0\u05d5\/\" \/>\n<meta property=\"og:site_name\" content=\"Noticia Tecnologia\" \/>\n<meta property=\"article:modified_time\" content=\"2024-06-28T16:01:45+00:00\" \/>\n<meta name=\"twitter:card\" content=\"summary_large_image\" \/>\n<meta name=\"twitter:label1\" content=\"\u05d6\u05de\u05df \u05e7\u05e8\u05d9\u05d0\u05d4 \u05de\u05d5\u05e2\u05e8\u05da\" \/>\n\t<meta name=\"twitter:data1\" content=\"\u05d3\u05e7\u05d41\" \/>\n<script type=\"application\/ld+json\" class=\"yoast-schema-graph\">{\"@context\":\"https:\/\/schema.org\",\"@graph\":[{\"@type\":\"WebPage\",\"@id\":\"https:\/\/noticiatecnologia.com\/quem-somos\/\",\"url\":\"https:\/\/noticiatecnologia.com\/quem-somos\/\",\"name\":\"Quem somos - Noticia Tecnologia\",\"isPartOf\":{\"@id\":\"https:\/\/noticiatecnologia.com\/#website\"},\"datePublished\":\"2024-06-28T16:01:36+00:00\",\"dateModified\":\"2024-06-28T16:01:45+00:00\",\"breadcrumb\":{\"@id\":\"https:\/\/noticiatecnologia.com\/quem-somos\/#breadcrumb\"},\"inLanguage\":\"he-IL\",\"potentialAction\":[{\"@type\":\"ReadAction\",\"target\":[\"https:\/\/noticiatecnologia.com\/quem-somos\/\"]}]},{\"@type\":\"BreadcrumbList\",\"@id\":\"https:\/\/noticiatecnologia.com\/quem-somos\/#breadcrumb\",\"itemListElement\":[{\"@type\":\"ListItem\",\"position\":1,\"name\":\"In\u00edcio\",\"item\":\"https:\/\/noticiatecnologia.com\/\"},{\"@type\":\"ListItem\",\"position\":2,\"name\":\"Quem somos\"}]},{\"@type\":\"WebSite\",\"@id\":\"https:\/\/noticiatecnologia.com\/#website\",\"url\":\"https:\/\/noticiatecnologia.com\/\",\"name\":\"Noticia Tecnologia\",\"description\":\"Desvendando a tecnologia!\",\"publisher\":{\"@id\":\"https:\/\/noticiatecnologia.com\/#organization\"},\"potentialAction\":[{\"@type\":\"SearchAction\",\"target\":{\"@type\":\"EntryPoint\",\"urlTemplate\":\"https:\/\/noticiatecnologia.com\/?s={search_term_string}\"},\"query-input\":{\"@type\":\"PropertyValueSpecification\",\"valueRequired\":true,\"valueName\":\"search_term_string\"}}],\"inLanguage\":\"he-IL\"},{\"@type\":\"Organization\",\"@id\":\"https:\/\/noticiatecnologia.com\/#organization\",\"name\":\"Spotads\",\"url\":\"https:\/\/noticiatecnologia.com\/\",\"logo\":{\"@type\":\"ImageObject\",\"inLanguage\":\"he-IL\",\"@id\":\"https:\/\/noticiatecnologia.com\/#\/schema\/logo\/image\/\",\"url\":\"https:\/\/noticiatecnologia.com\/wp-content\/uploads\/2024\/06\/NOTICIA-LOGO-1.png\",\"contentUrl\":\"https:\/\/noticiatecnologia.com\/wp-content\/uploads\/2024\/06\/NOTICIA-LOGO-1.png\",\"width\":250,\"height\":60,\"caption\":\"Spotads\"},\"image\":{\"@id\":\"https:\/\/noticiatecnologia.com\/#\/schema\/logo\/image\/\"}}]}<\/script>\n<!-- \/ Yoast SEO plugin. -->","yoast_head_json":{"title":"\u05de\u05d9 \u05d0\u05e0\u05d7\u05e0\u05d5 - Noticia Tecnologia","robots":{"index":"index","follow":"follow","max-snippet":"max-snippet:-1","max-image-preview":"max-image-preview:large","max-video-preview":"max-video-preview:-1"},"canonical":"https:\/\/noticiatecnologia.com\/he\/\u05de\u05d9-\u05d0\u05e0\u05d7\u05e0\u05d5\/","og_locale":"he_IL","og_type":"article","og_title":"Quem somos - Noticia Tecnologia","og_description":"O Noticia Tecnologia \u00e9 um site de tecnologia criado em 2024 com o objetivo de fornecer informa\u00e7\u00f5es e dicas sobre aplicativos, finan\u00e7as e outros assuntos relacionados ao mundo digital. N\u00f3s acreditamos que a tecnologia \u00e9 uma ferramenta poderosa para transformar vidas e empresas, e queremos ajudar nossos leitores a se manterem atualizados e aproveitar ao ... Leia mais","og_url":"https:\/\/noticiatecnologia.com\/he\/\u05de\u05d9-\u05d0\u05e0\u05d7\u05e0\u05d5\/","og_site_name":"Noticia Tecnologia","article_modified_time":"2024-06-28T16:01:45+00:00","twitter_card":"summary_large_image","twitter_misc":{"\u05d6\u05de\u05df \u05e7\u05e8\u05d9\u05d0\u05d4 \u05de\u05d5\u05e2\u05e8\u05da":"\u05d3\u05e7\u05d41"},"schema":{"@context":"https:\/\/schema.org","@graph":[{"@type":"WebPage","@id":"https:\/\/noticiatecnologia.com\/quem-somos\/","url":"https:\/\/noticiatecnologia.com\/quem-somos\/","name":"\u05de\u05d9 \u05d0\u05e0\u05d7\u05e0\u05d5 - Noticia Tecnologia","isPartOf":{"@id":"https:\/\/noticiatecnologia.com\/#website"},"datePublished":"2024-06-28T16:01:36+00:00","dateModified":"2024-06-28T16:01:45+00:00","breadcrumb":{"@id":"https:\/\/noticiatecnologia.com\/quem-somos\/#breadcrumb"},"inLanguage":"he-IL","potentialAction":[{"@type":"ReadAction","target":["https:\/\/noticiatecnologia.com\/quem-somos\/"]}]},{"@type":"BreadcrumbList","@id":"https:\/\/noticiatecnologia.com\/quem-somos\/#breadcrumb","itemListElement":[{"@type":"ListItem","position":1,"name":"In\u00edcio","item":"https:\/\/noticiatecnologia.com\/"},{"@type":"ListItem","position":2,"name":"Quem somos"}]},{"@type":"WebSite","@id":"https:\/\/noticiatecnologia.com\/#website","url":"https:\/\/noticiatecnologia.com\/","name":"\u05d7\u05d3\u05e9\u05d5\u05ea \u05d8\u05db\u05e0\u05d5\u05dc\u05d5\u05d2\u05d9\u05d4","description":"\u05d7\u05e9\u05d9\u05e4\u05ea \u05d8\u05db\u05e0\u05d5\u05dc\u05d5\u05d2\u05d9\u05d4!","publisher":{"@id":"https:\/\/noticiatecnologia.com\/#organization"},"potentialAction":[{"@type":"SearchAction","target":{"@type":"EntryPoint","urlTemplate":"https:\/\/noticiatecnologia.com\/?s={search_term_string}"},"query-input":{"@type":"PropertyValueSpecification","valueRequired":true,"valueName":"search_term_string"}}],"inLanguage":"he-IL"},{"@type":"Organization","@id":"https:\/\/noticiatecnologia.com\/#organization","name":"Spotads","url":"https:\/\/noticiatecnologia.com\/","logo":{"@type":"ImageObject","inLanguage":"he-IL","@id":"https:\/\/noticiatecnologia.com\/#\/schema\/logo\/image\/","url":"https:\/\/noticiatecnologia.com\/wp-content\/uploads\/2024\/06\/NOTICIA-LOGO-1.png","contentUrl":"https:\/\/noticiatecnologia.com\/wp-content\/uploads\/2024\/06\/NOTICIA-LOGO-1.png","width":250,"height":60,"caption":"Spotads"},"image":{"@id":"https:\/\/noticiatecnologia.com\/#\/schema\/logo\/image\/"}}]}},"_links":{"self":[{"href":"https:\/\/noticiatecnologia.com\/he\/wp-json\/wp\/v2\/pages\/46979","targetHints":{"allow":["GET"]}}],"collection":[{"href":"https:\/\/noticiatecnologia.com\/he\/wp-json\/wp\/v2\/pages"}],"about":[{"href":"https:\/\/noticiatecnologia.com\/he\/wp-json\/wp\/v2\/types\/page"}],"author":[{"embeddable":true,"href":"https:\/\/noticiatecnologia.com\/he\/wp-json\/wp\/v2\/users\/1"}],"replies":[{"embeddable":true,"href":"https:\/\/noticiatecnologia.com\/he\/wp-json\/wp\/v2\/comments?post=46979"}],"version-history":[{"count":0,"href":"https:\/\/noticiatecnologia.com\/he\/wp-json\/wp\/v2\/pages\/46979\/revisions"}],"wp:attachment":[{"href":"https:\/\/noticiatecnologia.com\/he\/wp-json\/wp\/v2\/media?parent=46979"}],"curies":[{"name":"wp","href":"https:\/\/api.w.org\/{rel}","templated":true}]}}