{"id":46973,"date":"2024-06-28T15:57:52","date_gmt":"2024-06-28T15:57:52","guid":{"rendered":"https:\/\/noticiatecnologia.com\/?page_id=46973"},"modified":"2024-06-30T15:15:47","modified_gmt":"2024-06-30T15:15:47","slug":"politika-privatnosti","status":"publish","type":"page","link":"https:\/\/noticiatecnologia.com\/hr\/politika-privatnosti\/","title":{"rendered":"Politika privatnosti"},"content":{"rendered":"<p>Sve prikupljene informacije koristit \u0107emo za pobolj\u0161anje va\u0161eg iskustva na na\u0161oj web stranici. Prikupljene informacije mogu uklju\u010divati va\u0161e ime, e-po\u0161tu, broj telefona i\/ili druge.<\/p>\n\n\n\n<p>Kori\u0161tenje noticias Tecnologia pretpostavlja prihva\u0107anje ovog Ugovora o privatnosti. Ako se korisnik ne sla\u017ee, \u010dak ni djelomi\u010dno, s uvjetima i odredbama sadr\u017eanim u ovim Pravilima privatnosti, ne bi trebao pristupati i\/ili koristiti sadr\u017eaj koji nudi noticias Tecnologia. Kori\u0161tenjem web stranice Korisnik potvr\u0111uje i u potpunosti se sla\u017ee s obradom svojih podataka, sukladno odredbama ovih Pravila privatnosti i Op\u0107ih uvjeta kori\u0161tenja.<\/p>\n\n\n\n<p>Zadr\u017eavamo pravo izmjene ove politike privatnosti u bilo kojem trenutku, bez pristanka ili obavijesti Korisnika, stoga je molimo da je \u010desto pregledavate. Promjene i poja\u0161njenja stupaju na snagu odmah nakon objave na web stranici. Ako napravimo materijalne promjene u ovoj politici, ovdje \u0107emo vas obavijestiti da su a\u017eurirane, tako da ste svjesni koje informacije prikupljamo, kako ih koristimo i pod kojim okolnostima, ako postoje, koristimo i\/ili otkrivamo to.<\/p>\n\n\n\n<p>noticias Tecnologia po\u0161tuje privatnost svojih korisnika i transparentnost u na\u010dinu kori\u0161tenja podataka. Na\u0161a Pravila privatnosti izra\u0111ena su u skladu s me\u0111unarodnim i nacionalnim standardima za\u0161tite podataka.<\/p>\n\n\n\n<p>Ova Pravila o privatnosti moraju se \u010ditati i tuma\u010diti zajedno s Op\u0107im uvjetima i odredbama kori\u0161tenja noticias Tecnologia, dostupnima na <a href=\"https:\/\/noticiastecnologia.com\/termos-de-uso\/\">https:\/\/noticiastecnologia.com\/termos-de-uso\/<\/a><\/p>\n\n\n\n<h2 class=\"wp-block-heading\">Op\u0107e informacije za korisnike <\/h2>\n\n\n\n<p>Noticias Tecnologia ima za cilj dijeliti informacije sa svojim Korisnicima, \u010dine\u0107i znanje dostupnim svima. Korisnik mo\u017ee pregledavati web stranicu noticias Tecnologia bez prethodne registracije.<\/p>\n\n\n\n<p>Noticias Tecnologia slijedi me\u0111unarodne sigurnosne norme i standarde u pohrani, za\u0161titi, privatnosti i prijenosu podataka, isti\u010du\u0107i da nijedna metoda pohrane, za\u0161tite, privatnosti i prijenosa podataka nije 100% sigurna i nepovrediva.<\/p>\n\n\n\n<p>noticias Tecnologia usvaja prakse i tehnologije koje se stalno pregledavaju i pobolj\u0161avaju, u skladu s tehni\u010dkim i regulatornim napretkom, nacionalnim i stranim. Kada govorimo o za\u0161titi, mislimo na svaki neovla\u0161teni pristup, kori\u0161tenje, promjenu, otkrivanje ili uni\u0161tavanje va\u0161ih podataka. Kako bismo sprije\u010dili da se to dogodi, ula\u017eemo u mjere koje uklju\u010duju \u0161ifrirane komunikacije, kontrolu pristupa, pridr\u017eavanje sigurnog razvoja softvera, interne politike uskla\u0111enosti te mjere odgovornosti i smanjenja rizika koje omogu\u0107uju sigurnost u \u017eivotnom ciklusu podataka. Podaci o korisnicima tako\u0111er se pohranjuju u sigurne, renomirane i me\u0111unarodno priznate baze podataka.<\/p>\n\n\n\n<p>Noticias Tecnologia ni pod kojim okolnostima ne tra\u017ei nov\u010dane iznose za pu\u0161tanje bilo koje vrste proizvoda, ma kakva ona bila. Ako se to dogodi, odmah nas obavijestite.<\/p>\n\n\n\n<p>Radimo na tome da sve informacije budu \u0161to a\u017eurnije. Me\u0111utim, vrijedi napomenuti da se ove informacije mogu razlikovati od informacija koje se nalaze na web stranicama institucija ili pru\u017eatelja usluga odre\u0111ene web stranice. Ne jam\u010dimo za to\u010dnost ili pravovremenost informacija. Ne zaboravite uvijek pro\u010ditati uvjete kori\u0161tenja i uvjete institucija koje odaberete. Primamo mali iznos od ogla\u0161avanja na na\u0161oj web stranici i od na\u0161ih partnera kada preporu\u010dimo korisnika koji zatra\u017ei proizvod ili ponudu. Sve \u0161to objavljujemo temelji se na kvantitativnoj i kvalitativnoj procjeni svakog proizvoda. Vrijedno je spomenuti da na\u0161i partneri mogu izravno utjecati na proizvode o kojima pi\u0161emo i recenziramo, kao i na redoslijed \u201cnajboljih\u201d \u010dlanaka i pozicioniranje proizvoda u tehnolo\u0161kim vijestima. S obzirom na koli\u010dinu informacija na na\u0161oj web stranici, ne dajemo nikakvu vrstu jamstva u pogledu kvalitete i aktualnosti informacija; Stoga dajemo prednost informacijama od na\u0161ih partnera.<\/p>\n\n\n\n<p>Kako bismo za\u0161titili va\u0161e osobne podatke, poduzimamo razumne mjere opreza i slijedimo najbolju praksu u industriji kako bismo osigurali da se ne izgube na neprikladan na\u010din, zlouporabe, pristupe, otkriju, izmijene ili uni\u0161te.<\/p>\n\n\n\n<h2 class=\"wp-block-heading\">Veze na stranice tre\u0107ih strana <\/h2>\n\n\n\n<p>noticias Tecnologia ima poveznice na druge web stranice koje, po na\u0161em mi\u0161ljenju, mogu sadr\u017eavati korisne informacije\/alate za na\u0161e posjetitelje. Na\u0161a Pravila o privatnosti ne odnose se na web stranice tre\u0107ih strana. Nismo odgovorni za politiku privatnosti ili sadr\u017eaj koji se nalazi na tim istim web stranicama. noticias Tecnologia ne vr\u0161i nikakvu kontrolu nad njima te je stoga izuzeta od bilo kakve odgovornosti u odnosima uspostavljenim izme\u0111u Korisnika i proizvoda i usluga tre\u0107ih strana ogla\u0161enih na web stranici.<\/p>\n\n\n\n<p>Nakon \u0161to napustite na\u0161u web-stranicu ili ste preusmjereni na web-stranicu ili aplikaciju tre\u0107e strane, na vas se vi\u0161e ne primjenjuju ova Pravila o privatnosti ili Uvjeti pru\u017eanja usluge na\u0161e web-stranice.<\/p>\n\n\n\n<p>Ako se predomislite nakon \u0161to se uklju\u010dite, mo\u017eete povu\u0107i svoj pristanak da vas kontaktiramo, za nastavak prikupljanja, kori\u0161tenja ili otkrivanja va\u0161ih podataka, u bilo kojem trenutku, tako da nas kontaktirate na <a>contato@noticiastecnologia.com<\/a>.<\/p>\n\n\n\n<h2 class=\"wp-block-heading\">Podaci koji nisu osobni <\/h2>\n\n\n\n<p>Kada korisnici ne tra\u017ee besplatan sadr\u017eaj od noticias Tecnologia (e-knjige, kvizovi, \u010dlanci, infografike, izme\u0111u ostalog), mogu se pratiti i prikupljati neosobni podaci, koji, izme\u0111u ostalih pojedinosti, pokazuju koje su stranice web stranice posje\u0107ene, kada su posje\u0107eni, na koje su hiperveze kliknuti, koji su sadr\u017eaji ili usluge zatra\u017eeni ili preporu\u010deni, me\u0111u ostalim.<\/p>\n\n\n\n<h2 class=\"wp-block-heading\">Kola\u010di\u0107i <\/h2>\n\n\n\n<p>Google, kao dobavlja\u010d tre\u0107e strane, koristi kola\u010di\u0107e za poslu\u017eivanje oglasa. Pomo\u0107u kola\u010di\u0107a DART Google mo\u017ee poslu\u017eivati oglase na temelju va\u0161ih posjeta drugim web stranicama na internetu. Korisnici mogu onemogu\u0107iti DART kola\u010di\u0107 posjetom Pravila o privatnosti Google oglasa i sadr\u017eajne mre\u017ee.<\/p>\n\n\n\n<p>noticias Tecnologia koristi kola\u010di\u0107e za pomo\u0107 u prikupljanju podataka i IP (Internet Protocol) identifikacijskih informacija kako bi se olak\u0161ala korisni\u010dka navigacija, poma\u017eu\u0107i jam\u010diti sigurnost, za\u0161titu i autenti\u010dnost podataka.<\/p>\n\n\n\n<p>Osim toga, tako\u0111er koristimo ogla\u0161avanje tre\u0107ih strana na na\u0161oj web stranici kako bismo pokrili tro\u0161kove odr\u017eavanja. Neki od tih ogla\u0161iva\u010da mogu koristiti tehnologije kao \u0161to su kola\u010di\u0107i kada ogla\u0161avaju na na\u0161oj web stranici, \u0161to \u0107e zna\u010diti da \u0107e ti ogla\u0161iva\u010di (kao \u0161to je Google putem Google AdSense i Ad Exchange) tako\u0111er primiti va\u0161e osobne podatke, kao \u0161to su va\u0161a IP adresa, va\u0161 ISP, va\u0161 preglednik itd. Ova se funkcija op\u0107enito koristi za geografsko ciljanje (prikazivanje oglasa koji imaju smisla na temelju va\u0161e geografske lokacije).<\/p>\n\n\n\n<p>Korisnik mo\u017ee u bilo kojem trenutku promijeniti ho\u0107e li prihvatiti kola\u010di\u0107e u konfiguraciji svog preglednika, uz napomenu da deaktiviranjem navigacijskih kola\u010di\u0107a neke od zna\u010dajki tehnologije vijesti mogu biti naru\u0161ene.<\/p>\n\n\n\n<h2 class=\"wp-block-heading\">Podaci koji omogu\u0107uju identifikaciju osobe <\/h2>\n\n\n\n<p>Za pristup besplatnom sadr\u017eaju na noticias Tecnologia, kao \u0161to su \u010dlanci, e-knjige, kvizovi, izme\u0111u ostalog, korisnik mora dati neke identifikacijske osobne podatke, naime: e-po\u0161tu i puno ime.<\/p>\n\n\n\n<p>Svrhe identifikacijskih osobnih podataka koje obra\u0111uje noticias Tecnologia su:<\/p>\n\n\n\n<p>\u2013 Ispravna i to\u010dna identifikacija Korisnika, \u010dime se osigurava ve\u0107a sigurnost i za\u0161tita samih Korisnika;<\/p>\n\n\n\n<p>\u2013 Pristup uslugama i proizvodima koje nudi noticias Tecnologia;<\/p>\n\n\n\n<p>\u2013 Analiza korisni\u010dkih profila od strane noticias Tecnologia s ciljem ozna\u010davanja najboljih proizvoda i informacija prema njihovim stvarnim potrebama i stvarnosti.<\/p>\n\n\n\n<p>U cilju jo\u0161 preciznije analize profila Korisnika, noticias Tecnologia mo\u017ee provesti istra\u017eivanja kako bi dobila \u0161to vi\u0161e i bolje informacije o Vama i na taj na\u010din odredila personalizirane proizvode i usluge prema preferencijama i potrebama pojedinog Korisnika.<\/p>\n\n\n\n<p>Na ovaj na\u010din noticias Tecnologia i partnerske tvrtke mo\u0107i \u0107e pozvati korisnike da sudjeluju u anketama o zadovoljstvu, gdje \u0107e se slati e-poruke s potrebnim uputama. Prikupljeni podaci koristit \u0107e se s glavnim ciljem tra\u017eenja pobolj\u0161anja u sustavima, proizvodima, sadr\u017eajima i uslugama koje nudi noticias Tecnologia i partnerske tvrtke.<\/p>\n\n\n\n<p>Ako nas korisnik kontaktira kako bi prijavio problem, pitanje ili dobio podr\u0161ku, prikupljamo i pohranjujemo podatke za kontakt korisnika, kao i odgovaraju\u0107e poruke i druge podatke potrebne za istra\u017eivanje problema ili pitanja. Ovi \u0107e se podaci koristiti za rje\u0161avanje svih upita na temelju prikupljenih informacija, rje\u0161avanje nedoumica, ispravljanje problema i pobolj\u0161anje sustava, dodatno pobolj\u0161avaju\u0107i korisni\u010dko iskustvo unutar tehnolo\u0161kih novosti.<\/p>\n\n\n\n<h2 class=\"wp-block-heading\">O dijeljenju podataka <\/h2>\n\n\n\n<p>noticias Tecnologia ne\u0107e prodavati informacije ili osobne podatke svojih Korisnika, ali ih mo\u017ee dijeliti s partnerskim tvrtkama u svrhu isticanja proizvoda i usluga koji najbolje odgovaraju njihovom profilu i potrebama ili pru\u017eanja proizvoda i\/ili usluga koje Korisnik tra\u017ei. .<\/p>\n\n\n\n<p>noticias Tecnologia pridr\u017eava pravo pomo\u0107i ili suradnje s bilo kojim pravosudnim ili dr\u017eavnim tijelom, te mo\u017ee dijeliti osobne podatke Korisnika kako bi: a) utvrdili ili ostvarili svoja zakonska prava; b) za\u0161tititi svoju imovinu; c) kada smatrate da je va\u0161a pomo\u0107 ili suradnja neophodna kako biste za\u0161titili svoje korisnike, suradnike, administratore ili bilo koga tko je o\u0161te\u0107en radnjom ili propustom.<\/p>\n\n\n\n<h2 class=\"wp-block-heading\">O neobra\u0111enim i neprikupljenim podacima <\/h2>\n\n\n\n<p>noticias Tecnologia ne obra\u0111uje osobne podatke djece mla\u0111e od 13 (trinaest) godina, bez prethodnog odobrenja njihovih roditelja ili zakonskih skrbnika.<\/p>\n\n\n\n<p>Ako se osobni podaci djece mla\u0111e od 13 (trinaest) godina prikupljaju i obra\u0111uju, bez izri\u010ditog odobrenja njihovih roditelja ili zakonskih skrbnika, na nenamjeran na\u010din, noticias Tecnologia \u0107e obrisati sve prikupljene podatke, bez ikakve prethodne obavijesti .<\/p>\n\n\n\n<p>Ukoliko Korisnik sazna da smo gre\u0161kom obradili podatke djeteta, molimo da nas odmah kontaktira putem e-maila <a>contato@noticiastecnologia.com<\/a>, kako bismo mogli poduzeti potrebne mjere.<\/p>","protected":false},"excerpt":{"rendered":"<p>Sve prikupljene informacije bit \u0107e kori\u0161tene za pobolj\u0161anje va\u0161eg iskustva na na\u0161oj web stranici. Prikupljene informacije mogu uklju\u010divati va\u0161e ime, adresu e-po\u0161te, broj telefona i\/ili druge informacije. Kori\u0161tenje Noticias Tecnologia podrazumijeva prihva\u0107anje ovog Ugovora o privatnosti. Ako se ne sla\u017eete, \u010dak i djelomi\u010dno, s uvjetima i odredbama sadr\u017eanima u ovom dokumentu, obavijestit \u0107emo vas o uvjetima i odredbama sadr\u017eanima u ovom dokumentu. <a title=\"Politika privatnosti\" class=\"read-more\" href=\"https:\/\/noticiatecnologia.com\/hr\/politika-privatnosti\/\" aria-label=\"Pro\u010ditajte vi\u0161e o Pravilima privatnosti\">\u010citaj vi\u0161e<\/a><\/p>","protected":false},"author":1,"featured_media":0,"parent":0,"menu_order":0,"comment_status":"closed","ping_status":"closed","template":"","meta":{"footnotes":""},"class_list":["post-46973","page","type-page","status-publish"],"yoast_head":"<!-- This site is optimized with the Yoast SEO plugin v25.7 - https:\/\/yoast.com\/wordpress\/plugins\/seo\/ -->\n<title>Politica de Privacidade - Noticia Tecnologia<\/title>\n<meta name=\"robots\" content=\"index, follow, max-snippet:-1, max-image-preview:large, max-video-preview:-1\" \/>\n<link rel=\"canonical\" href=\"https:\/\/noticiatecnologia.com\/hr\/politika-privatnosti\/\" \/>\n<meta property=\"og:locale\" content=\"hr_HR\" \/>\n<meta property=\"og:type\" content=\"article\" \/>\n<meta property=\"og:title\" content=\"Politica de Privacidade - Noticia Tecnologia\" \/>\n<meta property=\"og:description\" content=\"Todas as informa\u00e7\u00f5es recolhidas ser\u00e3o utilizadas para melhorar sua experi\u00eancia dentro do nosso site. As informa\u00e7\u00f5es recolhidas podem incluir o seu nome, email, n\u00famero de telefone e\/ou outros. O uso do noticias tecnologia pressup\u00f5e a aceita\u00e7\u00e3o deste Acordo de Privacidade. Caso o usu\u00e1rio n\u00e3o concorde, ainda que em parte, com os termos e condi\u00e7\u00f5es contidos ... Leia mais\" \/>\n<meta property=\"og:url\" content=\"https:\/\/noticiatecnologia.com\/hr\/politika-privatnosti\/\" \/>\n<meta property=\"og:site_name\" content=\"Noticia Tecnologia\" \/>\n<meta property=\"article:modified_time\" content=\"2024-06-30T15:15:47+00:00\" \/>\n<meta name=\"twitter:card\" content=\"summary_large_image\" \/>\n<meta name=\"twitter:label1\" content=\"Procijenjeno vrijeme \u010ditanja\" \/>\n\t<meta name=\"twitter:data1\" content=\"9 minuta\" \/>\n<script type=\"application\/ld+json\" class=\"yoast-schema-graph\">{\"@context\":\"https:\/\/schema.org\",\"@graph\":[{\"@type\":\"WebPage\",\"@id\":\"https:\/\/noticiatecnologia.com\/politica-de-privacidade\/\",\"url\":\"https:\/\/noticiatecnologia.com\/politica-de-privacidade\/\",\"name\":\"Politica de Privacidade - Noticia Tecnologia\",\"isPartOf\":{\"@id\":\"https:\/\/noticiatecnologia.com\/#website\"},\"datePublished\":\"2024-06-28T15:57:52+00:00\",\"dateModified\":\"2024-06-30T15:15:47+00:00\",\"breadcrumb\":{\"@id\":\"https:\/\/noticiatecnologia.com\/politica-de-privacidade\/#breadcrumb\"},\"inLanguage\":\"hr\",\"potentialAction\":[{\"@type\":\"ReadAction\",\"target\":[\"https:\/\/noticiatecnologia.com\/politica-de-privacidade\/\"]}]},{\"@type\":\"BreadcrumbList\",\"@id\":\"https:\/\/noticiatecnologia.com\/politica-de-privacidade\/#breadcrumb\",\"itemListElement\":[{\"@type\":\"ListItem\",\"position\":1,\"name\":\"In\u00edcio\",\"item\":\"https:\/\/noticiatecnologia.com\/\"},{\"@type\":\"ListItem\",\"position\":2,\"name\":\"Politica de Privacidade\"}]},{\"@type\":\"WebSite\",\"@id\":\"https:\/\/noticiatecnologia.com\/#website\",\"url\":\"https:\/\/noticiatecnologia.com\/\",\"name\":\"Noticia Tecnologia\",\"description\":\"Desvendando a tecnologia!\",\"publisher\":{\"@id\":\"https:\/\/noticiatecnologia.com\/#organization\"},\"potentialAction\":[{\"@type\":\"SearchAction\",\"target\":{\"@type\":\"EntryPoint\",\"urlTemplate\":\"https:\/\/noticiatecnologia.com\/?s={search_term_string}\"},\"query-input\":{\"@type\":\"PropertyValueSpecification\",\"valueRequired\":true,\"valueName\":\"search_term_string\"}}],\"inLanguage\":\"hr\"},{\"@type\":\"Organization\",\"@id\":\"https:\/\/noticiatecnologia.com\/#organization\",\"name\":\"Spotads\",\"url\":\"https:\/\/noticiatecnologia.com\/\",\"logo\":{\"@type\":\"ImageObject\",\"inLanguage\":\"hr\",\"@id\":\"https:\/\/noticiatecnologia.com\/#\/schema\/logo\/image\/\",\"url\":\"https:\/\/noticiatecnologia.com\/wp-content\/uploads\/2024\/06\/NOTICIA-LOGO-1.png\",\"contentUrl\":\"https:\/\/noticiatecnologia.com\/wp-content\/uploads\/2024\/06\/NOTICIA-LOGO-1.png\",\"width\":250,\"height\":60,\"caption\":\"Spotads\"},\"image\":{\"@id\":\"https:\/\/noticiatecnologia.com\/#\/schema\/logo\/image\/\"}}]}<\/script>\n<!-- \/ Yoast SEO plugin. -->","yoast_head_json":{"title":"Politika privatnosti - Noticia Tecnologia","robots":{"index":"index","follow":"follow","max-snippet":"max-snippet:-1","max-image-preview":"max-image-preview:large","max-video-preview":"max-video-preview:-1"},"canonical":"https:\/\/noticiatecnologia.com\/hr\/politika-privatnosti\/","og_locale":"hr_HR","og_type":"article","og_title":"Politica de Privacidade - Noticia Tecnologia","og_description":"Todas as informa\u00e7\u00f5es recolhidas ser\u00e3o utilizadas para melhorar sua experi\u00eancia dentro do nosso site. As informa\u00e7\u00f5es recolhidas podem incluir o seu nome, email, n\u00famero de telefone e\/ou outros. O uso do noticias tecnologia pressup\u00f5e a aceita\u00e7\u00e3o deste Acordo de Privacidade. Caso o usu\u00e1rio n\u00e3o concorde, ainda que em parte, com os termos e condi\u00e7\u00f5es contidos ... Leia mais","og_url":"https:\/\/noticiatecnologia.com\/hr\/politika-privatnosti\/","og_site_name":"Noticia Tecnologia","article_modified_time":"2024-06-30T15:15:47+00:00","twitter_card":"summary_large_image","twitter_misc":{"Procijenjeno vrijeme \u010ditanja":"9 minuta"},"schema":{"@context":"https:\/\/schema.org","@graph":[{"@type":"WebPage","@id":"https:\/\/noticiatecnologia.com\/politica-de-privacidade\/","url":"https:\/\/noticiatecnologia.com\/politica-de-privacidade\/","name":"Politika privatnosti - Noticia Tecnologia","isPartOf":{"@id":"https:\/\/noticiatecnologia.com\/#website"},"datePublished":"2024-06-28T15:57:52+00:00","dateModified":"2024-06-30T15:15:47+00:00","breadcrumb":{"@id":"https:\/\/noticiatecnologia.com\/politica-de-privacidade\/#breadcrumb"},"inLanguage":"hr","potentialAction":[{"@type":"ReadAction","target":["https:\/\/noticiatecnologia.com\/politica-de-privacidade\/"]}]},{"@type":"BreadcrumbList","@id":"https:\/\/noticiatecnologia.com\/politica-de-privacidade\/#breadcrumb","itemListElement":[{"@type":"ListItem","position":1,"name":"In\u00edcio","item":"https:\/\/noticiatecnologia.com\/"},{"@type":"ListItem","position":2,"name":"Politica de Privacidade"}]},{"@type":"WebSite","@id":"https:\/\/noticiatecnologia.com\/#website","url":"https:\/\/noticiatecnologia.com\/","name":"Tehnolo\u0161ke vijesti","description":"Otkrivanje tehnologije!","publisher":{"@id":"https:\/\/noticiatecnologia.com\/#organization"},"potentialAction":[{"@type":"SearchAction","target":{"@type":"EntryPoint","urlTemplate":"https:\/\/noticiatecnologia.com\/?s={search_term_string}"},"query-input":{"@type":"PropertyValueSpecification","valueRequired":true,"valueName":"search_term_string"}}],"inLanguage":"hr"},{"@type":"Organization","@id":"https:\/\/noticiatecnologia.com\/#organization","name":"Spotads","url":"https:\/\/noticiatecnologia.com\/","logo":{"@type":"ImageObject","inLanguage":"hr","@id":"https:\/\/noticiatecnologia.com\/#\/schema\/logo\/image\/","url":"https:\/\/noticiatecnologia.com\/wp-content\/uploads\/2024\/06\/NOTICIA-LOGO-1.png","contentUrl":"https:\/\/noticiatecnologia.com\/wp-content\/uploads\/2024\/06\/NOTICIA-LOGO-1.png","width":250,"height":60,"caption":"Spotads"},"image":{"@id":"https:\/\/noticiatecnologia.com\/#\/schema\/logo\/image\/"}}]}},"_links":{"self":[{"href":"https:\/\/noticiatecnologia.com\/hr\/wp-json\/wp\/v2\/pages\/46973","targetHints":{"allow":["GET"]}}],"collection":[{"href":"https:\/\/noticiatecnologia.com\/hr\/wp-json\/wp\/v2\/pages"}],"about":[{"href":"https:\/\/noticiatecnologia.com\/hr\/wp-json\/wp\/v2\/types\/page"}],"author":[{"embeddable":true,"href":"https:\/\/noticiatecnologia.com\/hr\/wp-json\/wp\/v2\/users\/1"}],"replies":[{"embeddable":true,"href":"https:\/\/noticiatecnologia.com\/hr\/wp-json\/wp\/v2\/comments?post=46973"}],"version-history":[{"count":0,"href":"https:\/\/noticiatecnologia.com\/hr\/wp-json\/wp\/v2\/pages\/46973\/revisions"}],"wp:attachment":[{"href":"https:\/\/noticiatecnologia.com\/hr\/wp-json\/wp\/v2\/media?parent=46973"}],"curies":[{"name":"radni list","href":"https:\/\/api.w.org\/{rel}","templated":true}]}}