{"id":46979,"date":"2024-06-28T16:01:36","date_gmt":"2024-06-28T16:01:36","guid":{"rendered":"https:\/\/noticiatecnologia.com\/?page_id=46979"},"modified":"2024-06-28T16:01:45","modified_gmt":"2024-06-28T16:01:45","slug":"tko-smo-mi","status":"publish","type":"page","link":"https:\/\/noticiatecnologia.com\/hr\/tko-smo-mi\/","title":{"rendered":"Tko smo mi"},"content":{"rendered":"<p>Noticia Tecnologia tehnolo\u0161ka je web stranica stvorena 2024. godine s ciljem pru\u017eanja informacija i savjeta o aplikacijama, financijama i drugim temama vezanim uz digitalni svijet. Vjerujemo da je tehnologija mo\u0107an alat za preobrazbu \u017eivota i poslovanja i \u017eelimo pomo\u0107i na\u0161im \u010ditateljima da ostanu u tijeku i maksimalno iskoriste ove alate.<\/p>\n\n\n\n<p>Ovdje u Noticia Tecnologia prona\u0107i \u0107ete \u010dlanke i upute koje su napisali tehnolo\u0161ki stru\u010dnjaci, kao i analize i recenzije proizvoda i usluga. Nudimo i savjete i trikove koji \u0107e vam pomo\u0107i da najbolje iskoristite svoje mobilne ure\u0111aje i aplikacije.<\/p>\n\n\n\n<p>Noticia Tecnologia je registrirani za\u0161titni znak tvrtke&nbsp;<a href=\"http:\/\/spotads.me\/\">mrlje.mene<\/a>&nbsp;a odr\u017eava ga tim profesionalaca koji su strastveni u tehnologiji.\u201d<\/p>\n\n\n\n<p>Na\u0161 tim sastoji se od tehnolo\u0161kih stru\u010dnjaka, novinara i pisaca, koji su svi predani pru\u017eanju visokokvalitetnog i to\u010dnog sadr\u017eaja na\u0161im \u010ditateljima. Vjerujemo da je tehnologija mo\u0107an alat za preobrazbu \u017eivota i poslovanja i na\u0161 je cilj pomo\u0107i na\u0161im \u010ditateljima da ostanu u tijeku i maksimalno iskoriste te alate.<\/p>\n\n\n\n<p>Osim sadr\u017eaja, na\u0161im \u010ditateljima nudimo i mogu\u0107nost povezivanja s drugim tehnolo\u0161kim entuzijastima putem na\u0161ih dru\u0161tvenih mre\u017ea i foruma za rasprave. Cijenimo mi\u0161ljenja na\u0161ih \u010ditatelja i uvijek smo otvoreni za prijedloge i povratne informacije za pobolj\u0161anje na\u0161ih usluga.<\/p>\n\n\n\n<p>Pratite nas i budite u toku s najnovijim trendovima i novostima u svijetu tehnologije. Zahvaljujemo \u0161to ste posjetili na\u0161u web stranicu i nadamo se da se uskoro ponovno vidimo!<\/p>","protected":false},"excerpt":{"rendered":"<p>Noticia Tecnologia je tehnolo\u0161ka web stranica stvorena 2024. godine s ciljem pru\u017eanja informacija i savjeta o aplikacijama, financijama i drugim temama vezanim uz digitalni svijet. Vjerujemo da je tehnologija mo\u0107an alat za transformaciju \u017eivota i poslovanja te \u017eelimo pomo\u0107i na\u0161im \u010ditateljima da ostanu u tijeku s novostima i da je maksimalno iskoriste. <a title=\"Tko smo mi\" class=\"read-more\" href=\"https:\/\/noticiatecnologia.com\/hr\/tko-smo-mi\/\" aria-label=\"Pro\u010ditajte vi\u0161e o tome Tko smo mi\">\u010citaj vi\u0161e<\/a><\/p>","protected":false},"author":1,"featured_media":0,"parent":0,"menu_order":0,"comment_status":"closed","ping_status":"closed","template":"","meta":{"footnotes":""},"class_list":["post-46979","page","type-page","status-publish"],"yoast_head":"<!-- This site is optimized with the Yoast SEO plugin v25.7 - https:\/\/yoast.com\/wordpress\/plugins\/seo\/ -->\n<title>Quem somos - Noticia Tecnologia<\/title>\n<meta name=\"robots\" content=\"index, follow, max-snippet:-1, max-image-preview:large, max-video-preview:-1\" \/>\n<link rel=\"canonical\" href=\"https:\/\/noticiatecnologia.com\/hr\/tko-smo-mi\/\" \/>\n<meta property=\"og:locale\" content=\"hr_HR\" \/>\n<meta property=\"og:type\" content=\"article\" \/>\n<meta property=\"og:title\" content=\"Quem somos - Noticia Tecnologia\" \/>\n<meta property=\"og:description\" content=\"O Noticia Tecnologia \u00e9 um site de tecnologia criado em 2024 com o objetivo de fornecer informa\u00e7\u00f5es e dicas sobre aplicativos, finan\u00e7as e outros assuntos relacionados ao mundo digital. N\u00f3s acreditamos que a tecnologia \u00e9 uma ferramenta poderosa para transformar vidas e empresas, e queremos ajudar nossos leitores a se manterem atualizados e aproveitar ao ... Leia mais\" \/>\n<meta property=\"og:url\" content=\"https:\/\/noticiatecnologia.com\/hr\/tko-smo-mi\/\" \/>\n<meta property=\"og:site_name\" content=\"Noticia Tecnologia\" \/>\n<meta property=\"article:modified_time\" content=\"2024-06-28T16:01:45+00:00\" \/>\n<meta name=\"twitter:card\" content=\"summary_large_image\" \/>\n<meta name=\"twitter:label1\" content=\"Procijenjeno vrijeme \u010ditanja\" \/>\n\t<meta name=\"twitter:data1\" content=\"1 minuta\" \/>\n<script type=\"application\/ld+json\" class=\"yoast-schema-graph\">{\"@context\":\"https:\/\/schema.org\",\"@graph\":[{\"@type\":\"WebPage\",\"@id\":\"https:\/\/noticiatecnologia.com\/quem-somos\/\",\"url\":\"https:\/\/noticiatecnologia.com\/quem-somos\/\",\"name\":\"Quem somos - Noticia Tecnologia\",\"isPartOf\":{\"@id\":\"https:\/\/noticiatecnologia.com\/#website\"},\"datePublished\":\"2024-06-28T16:01:36+00:00\",\"dateModified\":\"2024-06-28T16:01:45+00:00\",\"breadcrumb\":{\"@id\":\"https:\/\/noticiatecnologia.com\/quem-somos\/#breadcrumb\"},\"inLanguage\":\"hr\",\"potentialAction\":[{\"@type\":\"ReadAction\",\"target\":[\"https:\/\/noticiatecnologia.com\/quem-somos\/\"]}]},{\"@type\":\"BreadcrumbList\",\"@id\":\"https:\/\/noticiatecnologia.com\/quem-somos\/#breadcrumb\",\"itemListElement\":[{\"@type\":\"ListItem\",\"position\":1,\"name\":\"In\u00edcio\",\"item\":\"https:\/\/noticiatecnologia.com\/\"},{\"@type\":\"ListItem\",\"position\":2,\"name\":\"Quem somos\"}]},{\"@type\":\"WebSite\",\"@id\":\"https:\/\/noticiatecnologia.com\/#website\",\"url\":\"https:\/\/noticiatecnologia.com\/\",\"name\":\"Noticia Tecnologia\",\"description\":\"Desvendando a tecnologia!\",\"publisher\":{\"@id\":\"https:\/\/noticiatecnologia.com\/#organization\"},\"potentialAction\":[{\"@type\":\"SearchAction\",\"target\":{\"@type\":\"EntryPoint\",\"urlTemplate\":\"https:\/\/noticiatecnologia.com\/?s={search_term_string}\"},\"query-input\":{\"@type\":\"PropertyValueSpecification\",\"valueRequired\":true,\"valueName\":\"search_term_string\"}}],\"inLanguage\":\"hr\"},{\"@type\":\"Organization\",\"@id\":\"https:\/\/noticiatecnologia.com\/#organization\",\"name\":\"Spotads\",\"url\":\"https:\/\/noticiatecnologia.com\/\",\"logo\":{\"@type\":\"ImageObject\",\"inLanguage\":\"hr\",\"@id\":\"https:\/\/noticiatecnologia.com\/#\/schema\/logo\/image\/\",\"url\":\"https:\/\/noticiatecnologia.com\/wp-content\/uploads\/2024\/06\/NOTICIA-LOGO-1.png\",\"contentUrl\":\"https:\/\/noticiatecnologia.com\/wp-content\/uploads\/2024\/06\/NOTICIA-LOGO-1.png\",\"width\":250,\"height\":60,\"caption\":\"Spotads\"},\"image\":{\"@id\":\"https:\/\/noticiatecnologia.com\/#\/schema\/logo\/image\/\"}}]}<\/script>\n<!-- \/ Yoast SEO plugin. -->","yoast_head_json":{"title":"Tko smo mi - Noticia Tecnologia","robots":{"index":"index","follow":"follow","max-snippet":"max-snippet:-1","max-image-preview":"max-image-preview:large","max-video-preview":"max-video-preview:-1"},"canonical":"https:\/\/noticiatecnologia.com\/hr\/tko-smo-mi\/","og_locale":"hr_HR","og_type":"article","og_title":"Quem somos - Noticia Tecnologia","og_description":"O Noticia Tecnologia \u00e9 um site de tecnologia criado em 2024 com o objetivo de fornecer informa\u00e7\u00f5es e dicas sobre aplicativos, finan\u00e7as e outros assuntos relacionados ao mundo digital. N\u00f3s acreditamos que a tecnologia \u00e9 uma ferramenta poderosa para transformar vidas e empresas, e queremos ajudar nossos leitores a se manterem atualizados e aproveitar ao ... Leia mais","og_url":"https:\/\/noticiatecnologia.com\/hr\/tko-smo-mi\/","og_site_name":"Noticia Tecnologia","article_modified_time":"2024-06-28T16:01:45+00:00","twitter_card":"summary_large_image","twitter_misc":{"Procijenjeno vrijeme \u010ditanja":"1 minuta"},"schema":{"@context":"https:\/\/schema.org","@graph":[{"@type":"WebPage","@id":"https:\/\/noticiatecnologia.com\/quem-somos\/","url":"https:\/\/noticiatecnologia.com\/quem-somos\/","name":"Tko smo mi - Noticia Tecnologia","isPartOf":{"@id":"https:\/\/noticiatecnologia.com\/#website"},"datePublished":"2024-06-28T16:01:36+00:00","dateModified":"2024-06-28T16:01:45+00:00","breadcrumb":{"@id":"https:\/\/noticiatecnologia.com\/quem-somos\/#breadcrumb"},"inLanguage":"hr","potentialAction":[{"@type":"ReadAction","target":["https:\/\/noticiatecnologia.com\/quem-somos\/"]}]},{"@type":"BreadcrumbList","@id":"https:\/\/noticiatecnologia.com\/quem-somos\/#breadcrumb","itemListElement":[{"@type":"ListItem","position":1,"name":"In\u00edcio","item":"https:\/\/noticiatecnologia.com\/"},{"@type":"ListItem","position":2,"name":"Quem somos"}]},{"@type":"WebSite","@id":"https:\/\/noticiatecnologia.com\/#website","url":"https:\/\/noticiatecnologia.com\/","name":"Tehnolo\u0161ke vijesti","description":"Otkrivanje tehnologije!","publisher":{"@id":"https:\/\/noticiatecnologia.com\/#organization"},"potentialAction":[{"@type":"SearchAction","target":{"@type":"EntryPoint","urlTemplate":"https:\/\/noticiatecnologia.com\/?s={search_term_string}"},"query-input":{"@type":"PropertyValueSpecification","valueRequired":true,"valueName":"search_term_string"}}],"inLanguage":"hr"},{"@type":"Organization","@id":"https:\/\/noticiatecnologia.com\/#organization","name":"Spotads","url":"https:\/\/noticiatecnologia.com\/","logo":{"@type":"ImageObject","inLanguage":"hr","@id":"https:\/\/noticiatecnologia.com\/#\/schema\/logo\/image\/","url":"https:\/\/noticiatecnologia.com\/wp-content\/uploads\/2024\/06\/NOTICIA-LOGO-1.png","contentUrl":"https:\/\/noticiatecnologia.com\/wp-content\/uploads\/2024\/06\/NOTICIA-LOGO-1.png","width":250,"height":60,"caption":"Spotads"},"image":{"@id":"https:\/\/noticiatecnologia.com\/#\/schema\/logo\/image\/"}}]}},"_links":{"self":[{"href":"https:\/\/noticiatecnologia.com\/hr\/wp-json\/wp\/v2\/pages\/46979","targetHints":{"allow":["GET"]}}],"collection":[{"href":"https:\/\/noticiatecnologia.com\/hr\/wp-json\/wp\/v2\/pages"}],"about":[{"href":"https:\/\/noticiatecnologia.com\/hr\/wp-json\/wp\/v2\/types\/page"}],"author":[{"embeddable":true,"href":"https:\/\/noticiatecnologia.com\/hr\/wp-json\/wp\/v2\/users\/1"}],"replies":[{"embeddable":true,"href":"https:\/\/noticiatecnologia.com\/hr\/wp-json\/wp\/v2\/comments?post=46979"}],"version-history":[{"count":0,"href":"https:\/\/noticiatecnologia.com\/hr\/wp-json\/wp\/v2\/pages\/46979\/revisions"}],"wp:attachment":[{"href":"https:\/\/noticiatecnologia.com\/hr\/wp-json\/wp\/v2\/media?parent=46979"}],"curies":[{"name":"radni list","href":"https:\/\/api.w.org\/{rel}","templated":true}]}}