{"id":46979,"date":"2024-06-28T16:01:36","date_gmt":"2024-06-28T16:01:36","guid":{"rendered":"https:\/\/noticiatecnologia.com\/?page_id=46979"},"modified":"2024-06-28T16:01:45","modified_gmt":"2024-06-28T16:01:45","slug":"kik-vagyunk","status":"publish","type":"page","link":"https:\/\/noticiatecnologia.com\/hu\/kik-vagyunk\/","title":{"rendered":"Kik vagyunk"},"content":{"rendered":"<p>A Noticia Tecnologia egy 2024-ben l\u00e9trehozott technol\u00f3giai weboldal azzal a c\u00e9llal, hogy inform\u00e1ci\u00f3kat \u00e9s tippeket adjon a digit\u00e1lis vil\u00e1ggal kapcsolatos alkalmaz\u00e1sokr\u00f3l, p\u00e9nz\u00fcgyekr\u0151l \u00e9s egy\u00e9b t\u00e9m\u00e1kr\u00f3l. Hisz\u00fcnk abban, hogy a technol\u00f3gia hat\u00e9kony eszk\u00f6z az \u00e9letek \u00e9s a v\u00e1llalkoz\u00e1sok \u00e1talak\u00edt\u00e1s\u00e1hoz, \u00e9s szeretn\u00e9nk seg\u00edteni olvas\u00f3inknak, hogy naprak\u00e9szek maradjanak, \u00e9s a legt\u00f6bbet hozz\u00e1k ki ezekb\u0151l az eszk\u00f6z\u00f6kb\u0151l.<\/p>\n\n\n\n<p>Itt, a Noticia Tecnologi\u00e1ban technol\u00f3giai szak\u00e9rt\u0151k \u00e1ltal \u00edrt cikkeket \u00e9s oktat\u00f3anyagokat, valamint term\u00e9kek \u00e9s szolg\u00e1ltat\u00e1sok elemz\u00e9seit \u00e9s \u00e1ttekint\u00e9seit tal\u00e1lja. Tippeket \u00e9s tr\u00fckk\u00f6ket is k\u00edn\u00e1lunk, amelyek seg\u00edts\u00e9g\u00e9vel a legt\u00f6bbet hozhatja ki mobileszk\u00f6zeib\u0151l \u00e9s alkalmaz\u00e1saib\u00f3l.<\/p>\n\n\n\n<p>A Noticia Tecnologia a v\u00e1llalat bejegyzett v\u00e9djegye&nbsp;<a href=\"http:\/\/spotads.me\/\">spotads.me<\/a>&nbsp;\u00e9s a technol\u00f3gia ir\u00e1nt szenved\u00e9lyes szakemberekb\u0151l \u00e1ll\u00f3 csapat tartja karban.\u201d<\/p>\n\n\n\n<p>Csapatunk technol\u00f3giai szak\u00e9rt\u0151kb\u0151l, \u00fajs\u00e1g\u00edr\u00f3kb\u00f3l \u00e9s \u00edr\u00f3kb\u00f3l \u00e1ll, akik mindannyian elk\u00f6telezettek amellett, hogy j\u00f3 min\u0151s\u00e9g\u0171, pontos tartalmat biztos\u00edtsanak olvas\u00f3inknak. Hisz\u00fcnk abban, hogy a technol\u00f3gia hat\u00e9kony eszk\u00f6z az \u00e9letek \u00e9s a v\u00e1llalkoz\u00e1sok \u00e1talak\u00edt\u00e1s\u00e1hoz, \u00e9s c\u00e9lunk, hogy seg\u00edts\u00fck olvas\u00f3inkat naprak\u00e9szen tartani \u00e9s a legt\u00f6bbet kihozni ezekb\u0151l az eszk\u00f6z\u00f6kb\u0151l.<\/p>\n\n\n\n<p>A tartalom mellett azt is k\u00edn\u00e1ljuk olvas\u00f3inknak, hogy k\u00f6z\u00f6ss\u00e9gi h\u00e1l\u00f3zatainkon \u00e9s vitaf\u00f3rumainkon kereszt\u00fcl kapcsolatba l\u00e9phessenek m\u00e1s technol\u00f3giai rajong\u00f3kkal. Nagyra \u00e9rt\u00e9kelj\u00fck olvas\u00f3ink v\u00e9lem\u00e9ny\u00e9t, \u00e9s mindig nyitottak vagyunk javaslatainkra \u00e9s visszajelz\u00e9seinkre szolg\u00e1ltat\u00e1saink fejleszt\u00e9se \u00e9rdek\u00e9ben.<\/p>\n\n\n\n<p>K\u00f6vessen minket, \u00e9s naprak\u00e9sz legyen a technol\u00f3gia vil\u00e1g\u00e1nak leg\u00fajabb trendjeivel \u00e9s h\u00edreivel. K\u00f6sz\u00f6nj\u00fck, hogy ell\u00e1togatott weboldalunkra, \u00e9s rem\u00e9lj\u00fck, hamarosan \u00fajra tal\u00e1lkozunk!<\/p>","protected":false},"excerpt":{"rendered":"<p>A Noticia Tecnologia egy 2024-ben l\u00e9trehozott technol\u00f3giai weboldal, amelynek c\u00e9lja, hogy inform\u00e1ci\u00f3kat \u00e9s tippeket ny\u00fajtson az alkalmaz\u00e1sokr\u00f3l, a p\u00e9nz\u00fcgyekr\u0151l \u00e9s a digit\u00e1lis vil\u00e1ggal kapcsolatos egy\u00e9b t\u00e9m\u00e1kr\u00f3l. Hissz\u00fck, hogy a technol\u00f3gia egy hat\u00e9kony eszk\u00f6z az \u00e9letek \u00e9s a v\u00e1llalkoz\u00e1sok \u00e1talak\u00edt\u00e1s\u00e1ra, \u00e9s szeretn\u00e9nk seg\u00edteni olvas\u00f3inknak, hogy naprak\u00e9szek maradjanak \u00e9s a legt\u00f6bbet hozz\u00e1k ki bel\u0151le. <a title=\"Kik vagyunk\" class=\"read-more\" href=\"https:\/\/noticiatecnologia.com\/hu\/kik-vagyunk\/\" aria-label=\"Olvasson t\u00f6bbet arr\u00f3l, hogy kik vagyunk\">Olvass tov\u00e1bb<\/a><\/p>","protected":false},"author":1,"featured_media":0,"parent":0,"menu_order":0,"comment_status":"closed","ping_status":"closed","template":"","meta":{"footnotes":""},"class_list":["post-46979","page","type-page","status-publish"],"yoast_head":"<!-- This site is optimized with the Yoast SEO plugin v25.7 - https:\/\/yoast.com\/wordpress\/plugins\/seo\/ -->\n<title>Quem somos - Noticia Tecnologia<\/title>\n<meta name=\"robots\" content=\"index, follow, max-snippet:-1, max-image-preview:large, max-video-preview:-1\" \/>\n<link rel=\"canonical\" href=\"https:\/\/noticiatecnologia.com\/hu\/kik-vagyunk\/\" \/>\n<meta property=\"og:locale\" content=\"hu_HU\" \/>\n<meta property=\"og:type\" content=\"article\" \/>\n<meta property=\"og:title\" content=\"Quem somos - Noticia Tecnologia\" \/>\n<meta property=\"og:description\" content=\"O Noticia Tecnologia \u00e9 um site de tecnologia criado em 2024 com o objetivo de fornecer informa\u00e7\u00f5es e dicas sobre aplicativos, finan\u00e7as e outros assuntos relacionados ao mundo digital. N\u00f3s acreditamos que a tecnologia \u00e9 uma ferramenta poderosa para transformar vidas e empresas, e queremos ajudar nossos leitores a se manterem atualizados e aproveitar ao ... Leia mais\" \/>\n<meta property=\"og:url\" content=\"https:\/\/noticiatecnologia.com\/hu\/kik-vagyunk\/\" \/>\n<meta property=\"og:site_name\" content=\"Noticia Tecnologia\" \/>\n<meta property=\"article:modified_time\" content=\"2024-06-28T16:01:45+00:00\" \/>\n<meta name=\"twitter:card\" content=\"summary_large_image\" \/>\n<meta name=\"twitter:label1\" content=\"Becs\u00fclt olvas\u00e1si id\u0151\" \/>\n\t<meta name=\"twitter:data1\" content=\"1 perc\" \/>\n<script type=\"application\/ld+json\" class=\"yoast-schema-graph\">{\"@context\":\"https:\/\/schema.org\",\"@graph\":[{\"@type\":\"WebPage\",\"@id\":\"https:\/\/noticiatecnologia.com\/quem-somos\/\",\"url\":\"https:\/\/noticiatecnologia.com\/quem-somos\/\",\"name\":\"Quem somos - Noticia Tecnologia\",\"isPartOf\":{\"@id\":\"https:\/\/noticiatecnologia.com\/#website\"},\"datePublished\":\"2024-06-28T16:01:36+00:00\",\"dateModified\":\"2024-06-28T16:01:45+00:00\",\"breadcrumb\":{\"@id\":\"https:\/\/noticiatecnologia.com\/quem-somos\/#breadcrumb\"},\"inLanguage\":\"hu\",\"potentialAction\":[{\"@type\":\"ReadAction\",\"target\":[\"https:\/\/noticiatecnologia.com\/quem-somos\/\"]}]},{\"@type\":\"BreadcrumbList\",\"@id\":\"https:\/\/noticiatecnologia.com\/quem-somos\/#breadcrumb\",\"itemListElement\":[{\"@type\":\"ListItem\",\"position\":1,\"name\":\"In\u00edcio\",\"item\":\"https:\/\/noticiatecnologia.com\/\"},{\"@type\":\"ListItem\",\"position\":2,\"name\":\"Quem somos\"}]},{\"@type\":\"WebSite\",\"@id\":\"https:\/\/noticiatecnologia.com\/#website\",\"url\":\"https:\/\/noticiatecnologia.com\/\",\"name\":\"Noticia Tecnologia\",\"description\":\"Desvendando a tecnologia!\",\"publisher\":{\"@id\":\"https:\/\/noticiatecnologia.com\/#organization\"},\"potentialAction\":[{\"@type\":\"SearchAction\",\"target\":{\"@type\":\"EntryPoint\",\"urlTemplate\":\"https:\/\/noticiatecnologia.com\/?s={search_term_string}\"},\"query-input\":{\"@type\":\"PropertyValueSpecification\",\"valueRequired\":true,\"valueName\":\"search_term_string\"}}],\"inLanguage\":\"hu\"},{\"@type\":\"Organization\",\"@id\":\"https:\/\/noticiatecnologia.com\/#organization\",\"name\":\"Spotads\",\"url\":\"https:\/\/noticiatecnologia.com\/\",\"logo\":{\"@type\":\"ImageObject\",\"inLanguage\":\"hu\",\"@id\":\"https:\/\/noticiatecnologia.com\/#\/schema\/logo\/image\/\",\"url\":\"https:\/\/noticiatecnologia.com\/wp-content\/uploads\/2024\/06\/NOTICIA-LOGO-1.png\",\"contentUrl\":\"https:\/\/noticiatecnologia.com\/wp-content\/uploads\/2024\/06\/NOTICIA-LOGO-1.png\",\"width\":250,\"height\":60,\"caption\":\"Spotads\"},\"image\":{\"@id\":\"https:\/\/noticiatecnologia.com\/#\/schema\/logo\/image\/\"}}]}<\/script>\n<!-- \/ Yoast SEO plugin. -->","yoast_head_json":{"title":"Kik vagyunk \u2013 Noticia Tecnologia","robots":{"index":"index","follow":"follow","max-snippet":"max-snippet:-1","max-image-preview":"max-image-preview:large","max-video-preview":"max-video-preview:-1"},"canonical":"https:\/\/noticiatecnologia.com\/hu\/kik-vagyunk\/","og_locale":"hu_HU","og_type":"article","og_title":"Quem somos - Noticia Tecnologia","og_description":"O Noticia Tecnologia \u00e9 um site de tecnologia criado em 2024 com o objetivo de fornecer informa\u00e7\u00f5es e dicas sobre aplicativos, finan\u00e7as e outros assuntos relacionados ao mundo digital. N\u00f3s acreditamos que a tecnologia \u00e9 uma ferramenta poderosa para transformar vidas e empresas, e queremos ajudar nossos leitores a se manterem atualizados e aproveitar ao ... Leia mais","og_url":"https:\/\/noticiatecnologia.com\/hu\/kik-vagyunk\/","og_site_name":"Noticia Tecnologia","article_modified_time":"2024-06-28T16:01:45+00:00","twitter_card":"summary_large_image","twitter_misc":{"Becs\u00fclt olvas\u00e1si id\u0151":"1 perc"},"schema":{"@context":"https:\/\/schema.org","@graph":[{"@type":"WebPage","@id":"https:\/\/noticiatecnologia.com\/quem-somos\/","url":"https:\/\/noticiatecnologia.com\/quem-somos\/","name":"Kik vagyunk \u2013 Noticia Tecnologia","isPartOf":{"@id":"https:\/\/noticiatecnologia.com\/#website"},"datePublished":"2024-06-28T16:01:36+00:00","dateModified":"2024-06-28T16:01:45+00:00","breadcrumb":{"@id":"https:\/\/noticiatecnologia.com\/quem-somos\/#breadcrumb"},"inLanguage":"hu","potentialAction":[{"@type":"ReadAction","target":["https:\/\/noticiatecnologia.com\/quem-somos\/"]}]},{"@type":"BreadcrumbList","@id":"https:\/\/noticiatecnologia.com\/quem-somos\/#breadcrumb","itemListElement":[{"@type":"ListItem","position":1,"name":"In\u00edcio","item":"https:\/\/noticiatecnologia.com\/"},{"@type":"ListItem","position":2,"name":"Quem somos"}]},{"@type":"WebSite","@id":"https:\/\/noticiatecnologia.com\/#website","url":"https:\/\/noticiatecnologia.com\/","name":"Technol\u00f3giai h\u00edrek","description":"A technol\u00f3gia felt\u00e1r\u00e1sa!","publisher":{"@id":"https:\/\/noticiatecnologia.com\/#organization"},"potentialAction":[{"@type":"SearchAction","target":{"@type":"EntryPoint","urlTemplate":"https:\/\/noticiatecnologia.com\/?s={search_term_string}"},"query-input":{"@type":"PropertyValueSpecification","valueRequired":true,"valueName":"search_term_string"}}],"inLanguage":"hu"},{"@type":"Organization","@id":"https:\/\/noticiatecnologia.com\/#organization","name":"Spotads","url":"https:\/\/noticiatecnologia.com\/","logo":{"@type":"ImageObject","inLanguage":"hu","@id":"https:\/\/noticiatecnologia.com\/#\/schema\/logo\/image\/","url":"https:\/\/noticiatecnologia.com\/wp-content\/uploads\/2024\/06\/NOTICIA-LOGO-1.png","contentUrl":"https:\/\/noticiatecnologia.com\/wp-content\/uploads\/2024\/06\/NOTICIA-LOGO-1.png","width":250,"height":60,"caption":"Spotads"},"image":{"@id":"https:\/\/noticiatecnologia.com\/#\/schema\/logo\/image\/"}}]}},"_links":{"self":[{"href":"https:\/\/noticiatecnologia.com\/hu\/wp-json\/wp\/v2\/pages\/46979","targetHints":{"allow":["GET"]}}],"collection":[{"href":"https:\/\/noticiatecnologia.com\/hu\/wp-json\/wp\/v2\/pages"}],"about":[{"href":"https:\/\/noticiatecnologia.com\/hu\/wp-json\/wp\/v2\/types\/page"}],"author":[{"embeddable":true,"href":"https:\/\/noticiatecnologia.com\/hu\/wp-json\/wp\/v2\/users\/1"}],"replies":[{"embeddable":true,"href":"https:\/\/noticiatecnologia.com\/hu\/wp-json\/wp\/v2\/comments?post=46979"}],"version-history":[{"count":0,"href":"https:\/\/noticiatecnologia.com\/hu\/wp-json\/wp\/v2\/pages\/46979\/revisions"}],"wp:attachment":[{"href":"https:\/\/noticiatecnologia.com\/hu\/wp-json\/wp\/v2\/media?parent=46979"}],"curies":[{"name":"munkaf\u00fczet","href":"https:\/\/api.w.org\/{rel}","templated":true}]}}