{"id":46975,"date":"2024-06-28T15:59:34","date_gmt":"2024-06-28T15:59:34","guid":{"rendered":"https:\/\/noticiatecnologia.com\/?page_id=46975"},"modified":"2024-06-28T15:59:34","modified_gmt":"2024-06-28T15:59:34","slug":"syarat-penggunaan","status":"publish","type":"page","link":"https:\/\/noticiatecnologia.com\/id\/syarat-penggunaan\/","title":{"rendered":"Syarat Penggunaan"},"content":{"rendered":"<h2 class=\"wp-block-heading\">Ketentuan Penggunaan Noticias Tecnologia<\/h2>\n\n\n\n<p>Dengan mengakses situs web Noticias Tecnologia, Anda setuju untuk terikat dengan ketentuan layanan ini, semua hukum dan peraturan yang berlaku, dan setuju bahwa Anda bertanggung jawab untuk mematuhi hukum setempat yang berlaku. Jika Anda tidak menyetujui salah satu ketentuan ini, Anda dilarang menggunakan atau mengakses situs ini. Materi yang terkandung dalam situs ini dilindungi oleh undang-undang hak cipta dan merek dagang yang berlaku.<\/p>\n\n\n\n<h2 class=\"wp-block-heading\">Penggunaan Lisensi<\/h2>\n\n\n\n<p>Izin diberikan untuk mengunduh sementara satu salinan materi (informasi atau perangkat lunak) di situs web Noticias Tecnologia hanya untuk dilihat sementara dan non-komersial. Ini adalah pemberian lisensi, bukan pengalihan hak milik, dan berdasarkan lisensi ini Anda tidak boleh:<\/p>\n\n\n\n<ul class=\"wp-block-list\">\n<li>memodifikasi atau menyalin materi;<\/li>\n\n\n\n<li>menggunakan materi untuk tujuan komersial atau untuk tampilan publik (komersial atau non-komersial);<\/li>\n\n\n\n<li>mencoba mendekompilasi atau merekayasa balik perangkat lunak apa pun yang terdapat di situs web Noticias Tecnologia;<\/li>\n\n\n\n<li>menghapus segala hak cipta atau notasi kepemilikan lainnya dari materi; atau<\/li>\n\n\n\n<li>mentransfer materi ke orang lain atau &#039;mencerminkan&#039; materi di server lain. Lisensi ini akan berakhir secara otomatis jika Anda melanggar salah satu batasan ini dan dapat diakhiri oleh Noticias Tecnologia kapan saja. Setelah Anda menghentikan penayangan materi ini atau setelah penghentian lisensi ini, Anda harus menghapus semua materi unduhan yang Anda miliki baik dalam format elektronik atau cetak.<\/li>\n<\/ul>\n\n\n\n<h2 class=\"wp-block-heading\">Penafian<\/h2>\n\n\n\n<p>Materi di situs Noticias Tecnologia disediakan &#039;sebagaimana adanya&#039;. Noticias Tecnologia tidak memberikan jaminan, tersurat maupun tersirat, dan dengan ini menyangkal dan meniadakan semua jaminan lainnya, termasuk, namun tidak terbatas pada, jaminan tersirat atau ketentuan yang dapat diperjualbelikan, kesesuaian untuk tujuan tertentu, atau tidak adanya pelanggaran atas kekayaan intelektual atau pelanggaran hak lainnya.<\/p>\n\n\n\n<p>Lebih lanjut, Noticias Tecnologia tidak menjamin atau membuat pernyataan apa pun mengenai keakuratan, kemungkinan hasil, atau keandalan penggunaan materi di situs webnya atau terkait dengan materi tersebut atau di situs mana pun yang tertaut ke situs ini.<\/p>\n\n\n\n<h2 class=\"wp-block-heading\">Keterbatasan<\/h2>\n\n\n\n<p>Dalam keadaan apa pun Noticias Tecnologia atau pemasoknya tidak bertanggung jawab atas segala kerusakan (termasuk, namun tidak terbatas pada, kerugian karena hilangnya data atau keuntungan, atau karena gangguan bisnis) yang timbul dari penggunaan atau ketidakmampuan untuk menggunakan materi di situs web Noticias Tecnologia, meskipun Noticias Tecnologia atau perwakilan resmi Noticias Tecnologia telah diberitahu secara lisan atau tertulis tentang kemungkinan kerugian tersebut. Karena beberapa wilayah hukum tidak mengizinkan pembatasan terhadap jaminan tersirat, atau pembatasan tanggung jawab atas kerusakan yang bersifat konsekuensial atau insidental, pembatasan ini mungkin tidak berlaku bagi Anda.<\/p>\n\n\n\n<h2 class=\"wp-block-heading\">Presisi bahan<\/h2>\n\n\n\n<p>Materi yang muncul di situs Noticias Tecnologia mungkin mengandung kesalahan teknis, tipografi, atau fotografi. Noticias Tecnologia tidak menjamin bahwa materi apa pun di situsnya akurat, lengkap, atau terkini. Noticias Tecnologia dapat membuat perubahan pada materi yang terdapat di situs webnya kapan saja tanpa pemberitahuan. Namun Noticias Tecnologia tidak membuat komitmen apa pun untuk memperbarui materi.<\/p>\n\n\n\n<h2 class=\"wp-block-heading\">Tautan<\/h2>\n\n\n\n<p>Noticias Tecnologia belum meninjau semua situs yang tertaut ke situs webnya dan tidak bertanggung jawab atas konten situs tertaut mana pun. Dimasukkannya tautan apa pun tidak berarti dukungan Noticias Tecnologia terhadap situs tersebut. Penggunaan situs tertaut adalah risiko pengguna sendiri.<\/p>\n\n\n\n<h2 class=\"wp-block-heading\">Modifikasi<\/h2>\n\n\n\n<p>Noticias Tecnologia dapat merevisi ketentuan layanan ini untuk situs webnya kapan saja tanpa pemberitahuan. Dengan menggunakan situs web ini, Anda setuju untuk terikat dengan persyaratan layanan versi terbaru ini.<\/p>\n\n\n\n<p>Hukum yang Berlaku Syarat dan ketentuan ini diatur oleh dan ditafsirkan sesuai dengan hukum Noticias Tecnologia dan Anda secara tidak dapat ditarik kembali tunduk pada yurisdiksi eksklusif pengadilan di Negara Bagian atau lokasi tersebut.<\/p>\n\n\n\n<h2 class=\"wp-block-heading\" id=\"lei-aplicavel\">Hukum yang berlaku<\/h2>\n\n\n\n<p>Syarat dan ketentuan ini diatur oleh dan ditafsirkan sesuai dengan hukum Noticias Tecnologia dan Anda secara tidak dapat ditarik kembali tunduk pada yurisdiksi eksklusif pengadilan di Negara Bagian atau lokasi tersebut.<\/p>","protected":false},"excerpt":{"rendered":"<p>Dengan mengakses situs web Noticias Tecnologia, Anda setuju untuk mematuhi ketentuan layanan ini, semua hukum dan peraturan yang berlaku, dan setuju bahwa Anda bertanggung jawab untuk mematuhi semua hukum setempat yang berlaku. Jika Anda tidak setuju dengan ketentuan apa pun, Anda dilarang menggunakan atau mengakses situs ini. <a title=\"Syarat Penggunaan\" class=\"read-more\" href=\"https:\/\/noticiatecnologia.com\/id\/syarat-penggunaan\/\" aria-label=\"Sederhananya, Ketentuan Penggunaan\">Baca selengkapnya<\/a><\/p>","protected":false},"author":1,"featured_media":0,"parent":0,"menu_order":0,"comment_status":"closed","ping_status":"closed","template":"","meta":{"footnotes":""},"class_list":["post-46975","page","type-page","status-publish"],"yoast_head":"<!-- This site is optimized with the Yoast SEO plugin v25.7 - https:\/\/yoast.com\/wordpress\/plugins\/seo\/ -->\n<title>Termos de Uso - Noticia Tecnologia<\/title>\n<meta name=\"robots\" content=\"index, follow, max-snippet:-1, max-image-preview:large, max-video-preview:-1\" \/>\n<link rel=\"canonical\" href=\"https:\/\/noticiatecnologia.com\/id\/syarat-penggunaan\/\" \/>\n<meta property=\"og:locale\" content=\"id_ID\" \/>\n<meta property=\"og:type\" content=\"article\" \/>\n<meta property=\"og:title\" content=\"Termos de Uso - Noticia Tecnologia\" \/>\n<meta property=\"og:description\" content=\"Termos de Uso do Noticias Tecnologia Ao acessar ao site Noticias Tecnologia, concorda em cumprir estes termos de servi\u00e7o, todas as leis e regulamentos aplic\u00e1veis e concorda que \u00e9 respons\u00e1vel pelo cumprimento de todas as leis locais aplic\u00e1veis. Se voc\u00ea n\u00e3o concordar com algum desses termos, est\u00e1 proibido de usar ou acessar este site. Os ... Leia mais\" \/>\n<meta property=\"og:url\" content=\"https:\/\/noticiatecnologia.com\/id\/syarat-penggunaan\/\" \/>\n<meta property=\"og:site_name\" content=\"Noticia Tecnologia\" \/>\n<meta name=\"twitter:card\" content=\"summary_large_image\" \/>\n<meta name=\"twitter:label1\" content=\"Estimasi waktu membaca\" \/>\n\t<meta name=\"twitter:data1\" content=\"4 menit\" \/>\n<script type=\"application\/ld+json\" class=\"yoast-schema-graph\">{\"@context\":\"https:\/\/schema.org\",\"@graph\":[{\"@type\":\"WebPage\",\"@id\":\"https:\/\/noticiatecnologia.com\/termos-de-uso\/\",\"url\":\"https:\/\/noticiatecnologia.com\/termos-de-uso\/\",\"name\":\"Termos de Uso - Noticia Tecnologia\",\"isPartOf\":{\"@id\":\"https:\/\/noticiatecnologia.com\/#website\"},\"datePublished\":\"2024-06-28T15:59:34+00:00\",\"breadcrumb\":{\"@id\":\"https:\/\/noticiatecnologia.com\/termos-de-uso\/#breadcrumb\"},\"inLanguage\":\"id\",\"potentialAction\":[{\"@type\":\"ReadAction\",\"target\":[\"https:\/\/noticiatecnologia.com\/termos-de-uso\/\"]}]},{\"@type\":\"BreadcrumbList\",\"@id\":\"https:\/\/noticiatecnologia.com\/termos-de-uso\/#breadcrumb\",\"itemListElement\":[{\"@type\":\"ListItem\",\"position\":1,\"name\":\"In\u00edcio\",\"item\":\"https:\/\/noticiatecnologia.com\/\"},{\"@type\":\"ListItem\",\"position\":2,\"name\":\"Termos de Uso\"}]},{\"@type\":\"WebSite\",\"@id\":\"https:\/\/noticiatecnologia.com\/#website\",\"url\":\"https:\/\/noticiatecnologia.com\/\",\"name\":\"Noticia Tecnologia\",\"description\":\"Desvendando a tecnologia!\",\"publisher\":{\"@id\":\"https:\/\/noticiatecnologia.com\/#organization\"},\"potentialAction\":[{\"@type\":\"SearchAction\",\"target\":{\"@type\":\"EntryPoint\",\"urlTemplate\":\"https:\/\/noticiatecnologia.com\/?s={search_term_string}\"},\"query-input\":{\"@type\":\"PropertyValueSpecification\",\"valueRequired\":true,\"valueName\":\"search_term_string\"}}],\"inLanguage\":\"id\"},{\"@type\":\"Organization\",\"@id\":\"https:\/\/noticiatecnologia.com\/#organization\",\"name\":\"Spotads\",\"url\":\"https:\/\/noticiatecnologia.com\/\",\"logo\":{\"@type\":\"ImageObject\",\"inLanguage\":\"id\",\"@id\":\"https:\/\/noticiatecnologia.com\/#\/schema\/logo\/image\/\",\"url\":\"https:\/\/noticiatecnologia.com\/wp-content\/uploads\/2024\/06\/NOTICIA-LOGO-1.png\",\"contentUrl\":\"https:\/\/noticiatecnologia.com\/wp-content\/uploads\/2024\/06\/NOTICIA-LOGO-1.png\",\"width\":250,\"height\":60,\"caption\":\"Spotads\"},\"image\":{\"@id\":\"https:\/\/noticiatecnologia.com\/#\/schema\/logo\/image\/\"}}]}<\/script>\n<!-- \/ Yoast SEO plugin. -->","yoast_head_json":{"title":"Ketentuan Penggunaan - Noticia Tecnologia","robots":{"index":"index","follow":"follow","max-snippet":"max-snippet:-1","max-image-preview":"max-image-preview:large","max-video-preview":"max-video-preview:-1"},"canonical":"https:\/\/noticiatecnologia.com\/id\/syarat-penggunaan\/","og_locale":"id_ID","og_type":"article","og_title":"Termos de Uso - Noticia Tecnologia","og_description":"Termos de Uso do Noticias Tecnologia Ao acessar ao site Noticias Tecnologia, concorda em cumprir estes termos de servi\u00e7o, todas as leis e regulamentos aplic\u00e1veis e concorda que \u00e9 respons\u00e1vel pelo cumprimento de todas as leis locais aplic\u00e1veis. Se voc\u00ea n\u00e3o concordar com algum desses termos, est\u00e1 proibido de usar ou acessar este site. Os ... Leia mais","og_url":"https:\/\/noticiatecnologia.com\/id\/syarat-penggunaan\/","og_site_name":"Noticia Tecnologia","twitter_card":"summary_large_image","twitter_misc":{"Estimasi waktu membaca":"4 menit"},"schema":{"@context":"https:\/\/schema.org","@graph":[{"@type":"WebPage","@id":"https:\/\/noticiatecnologia.com\/termos-de-uso\/","url":"https:\/\/noticiatecnologia.com\/termos-de-uso\/","name":"Ketentuan Penggunaan - Noticia Tecnologia","isPartOf":{"@id":"https:\/\/noticiatecnologia.com\/#website"},"datePublished":"2024-06-28T15:59:34+00:00","breadcrumb":{"@id":"https:\/\/noticiatecnologia.com\/termos-de-uso\/#breadcrumb"},"inLanguage":"id","potentialAction":[{"@type":"ReadAction","target":["https:\/\/noticiatecnologia.com\/termos-de-uso\/"]}]},{"@type":"BreadcrumbList","@id":"https:\/\/noticiatecnologia.com\/termos-de-uso\/#breadcrumb","itemListElement":[{"@type":"ListItem","position":1,"name":"In\u00edcio","item":"https:\/\/noticiatecnologia.com\/"},{"@type":"ListItem","position":2,"name":"Termos de Uso"}]},{"@type":"WebSite","@id":"https:\/\/noticiatecnologia.com\/#website","url":"https:\/\/noticiatecnologia.com\/","name":"Berita Teknologi","description":"Mengungkap teknologi!","publisher":{"@id":"https:\/\/noticiatecnologia.com\/#organization"},"potentialAction":[{"@type":"SearchAction","target":{"@type":"EntryPoint","urlTemplate":"https:\/\/noticiatecnologia.com\/?s={search_term_string}"},"query-input":{"@type":"PropertyValueSpecification","valueRequired":true,"valueName":"search_term_string"}}],"inLanguage":"id"},{"@type":"Organization","@id":"https:\/\/noticiatecnologia.com\/#organization","name":"bintik-bintik","url":"https:\/\/noticiatecnologia.com\/","logo":{"@type":"ImageObject","inLanguage":"id","@id":"https:\/\/noticiatecnologia.com\/#\/schema\/logo\/image\/","url":"https:\/\/noticiatecnologia.com\/wp-content\/uploads\/2024\/06\/NOTICIA-LOGO-1.png","contentUrl":"https:\/\/noticiatecnologia.com\/wp-content\/uploads\/2024\/06\/NOTICIA-LOGO-1.png","width":250,"height":60,"caption":"Spotads"},"image":{"@id":"https:\/\/noticiatecnologia.com\/#\/schema\/logo\/image\/"}}]}},"_links":{"self":[{"href":"https:\/\/noticiatecnologia.com\/id\/wp-json\/wp\/v2\/pages\/46975","targetHints":{"allow":["GET"]}}],"collection":[{"href":"https:\/\/noticiatecnologia.com\/id\/wp-json\/wp\/v2\/pages"}],"about":[{"href":"https:\/\/noticiatecnologia.com\/id\/wp-json\/wp\/v2\/types\/page"}],"author":[{"embeddable":true,"href":"https:\/\/noticiatecnologia.com\/id\/wp-json\/wp\/v2\/users\/1"}],"replies":[{"embeddable":true,"href":"https:\/\/noticiatecnologia.com\/id\/wp-json\/wp\/v2\/comments?post=46975"}],"version-history":[{"count":0,"href":"https:\/\/noticiatecnologia.com\/id\/wp-json\/wp\/v2\/pages\/46975\/revisions"}],"wp:attachment":[{"href":"https:\/\/noticiatecnologia.com\/id\/wp-json\/wp\/v2\/media?parent=46975"}],"curies":[{"name":"wp","href":"https:\/\/api.w.org\/{rel}","templated":true}]}}