{"id":46979,"date":"2024-06-28T16:01:36","date_gmt":"2024-06-28T16:01:36","guid":{"rendered":"https:\/\/noticiatecnologia.com\/?page_id=46979"},"modified":"2024-06-28T16:01:45","modified_gmt":"2024-06-28T16:01:45","slug":"siapa-kita","status":"publish","type":"page","link":"https:\/\/noticiatecnologia.com\/id\/siapa-kita\/","title":{"rendered":"Siapa kita"},"content":{"rendered":"<p>Noticia Tecnologia adalah website teknologi yang dibuat pada tahun 2024 dengan tujuan memberikan informasi dan tips mengenai aplikasi, keuangan dan topik lain yang berkaitan dengan dunia digital. Kami percaya teknologi adalah alat yang ampuh untuk mengubah kehidupan dan bisnis, dan kami ingin membantu pembaca kami tetap mendapatkan informasi terkini dan memanfaatkan alat-alat ini semaksimal mungkin.<\/p>\n\n\n\n<p>Di Noticia Tecnologia, Anda akan menemukan artikel dan tutorial yang ditulis oleh pakar teknologi, serta analisis dan ulasan produk dan layanan. Kami juga menawarkan tip dan trik untuk membantu Anda memaksimalkan perangkat dan aplikasi seluler Anda.<\/p>\n\n\n\n<p>Noticia Tecnologia adalah merek dagang terdaftar perusahaan&nbsp;<a href=\"http:\/\/spotads.me\/\">spotads.me<\/a>&nbsp;dan dikelola oleh tim profesional yang memiliki minat terhadap teknologi.\u201d<\/p>\n\n\n\n<p>Tim kami terdiri dari pakar teknologi, jurnalis, dan penulis, semuanya berkomitmen untuk menyediakan konten berkualitas tinggi dan akurat kepada pembaca kami. Kami percaya bahwa teknologi adalah alat yang ampuh untuk mengubah kehidupan dan bisnis dan tujuan kami adalah membantu pembaca kami tetap mendapatkan informasi terkini dan memanfaatkan alat-alat ini semaksimal mungkin.<\/p>\n\n\n\n<p>Selain konten, kami juga menawarkan pembaca kami kesempatan untuk terhubung dengan penggemar teknologi lainnya melalui jejaring sosial dan forum diskusi kami. Kami menghargai pendapat pembaca kami dan selalu terbuka terhadap saran dan masukan untuk meningkatkan layanan kami.<\/p>\n\n\n\n<p>Ikuti kami dan ikuti perkembangan tren dan berita terkini di dunia teknologi. Terima kasih telah mengunjungi situs web kami dan kami berharap dapat segera bertemu Anda lagi!<\/p>","protected":false},"excerpt":{"rendered":"<p>Noticia Tecnologia adalah situs web teknologi yang didirikan pada tahun 2024 dengan tujuan menyediakan informasi dan kiat seputar aplikasi, keuangan, dan topik-topik lain yang berkaitan dengan dunia digital. Kami percaya bahwa teknologi adalah alat yang ampuh untuk mengubah kehidupan dan bisnis, dan kami ingin membantu para pembaca kami tetap mengikuti perkembangan terkini dan memanfaatkannya sebaik mungkin. <a title=\"Siapa kita\" class=\"read-more\" href=\"https:\/\/noticiatecnologia.com\/id\/siapa-kita\/\" aria-label=\"Baca selengkapnya tentang Siapa kami\">Baca selengkapnya<\/a><\/p>","protected":false},"author":1,"featured_media":0,"parent":0,"menu_order":0,"comment_status":"closed","ping_status":"closed","template":"","meta":{"footnotes":""},"class_list":["post-46979","page","type-page","status-publish"],"yoast_head":"<!-- This site is optimized with the Yoast SEO plugin v25.7 - https:\/\/yoast.com\/wordpress\/plugins\/seo\/ -->\n<title>Quem somos - Noticia Tecnologia<\/title>\n<meta name=\"robots\" content=\"index, follow, max-snippet:-1, max-image-preview:large, max-video-preview:-1\" \/>\n<link rel=\"canonical\" href=\"https:\/\/noticiatecnologia.com\/id\/siapa-kita\/\" \/>\n<meta property=\"og:locale\" content=\"id_ID\" \/>\n<meta property=\"og:type\" content=\"article\" \/>\n<meta property=\"og:title\" content=\"Quem somos - Noticia Tecnologia\" \/>\n<meta property=\"og:description\" content=\"O Noticia Tecnologia \u00e9 um site de tecnologia criado em 2024 com o objetivo de fornecer informa\u00e7\u00f5es e dicas sobre aplicativos, finan\u00e7as e outros assuntos relacionados ao mundo digital. N\u00f3s acreditamos que a tecnologia \u00e9 uma ferramenta poderosa para transformar vidas e empresas, e queremos ajudar nossos leitores a se manterem atualizados e aproveitar ao ... Leia mais\" \/>\n<meta property=\"og:url\" content=\"https:\/\/noticiatecnologia.com\/id\/siapa-kita\/\" \/>\n<meta property=\"og:site_name\" content=\"Noticia Tecnologia\" \/>\n<meta property=\"article:modified_time\" content=\"2024-06-28T16:01:45+00:00\" \/>\n<meta name=\"twitter:card\" content=\"summary_large_image\" \/>\n<meta name=\"twitter:label1\" content=\"Estimasi waktu membaca\" \/>\n\t<meta name=\"twitter:data1\" content=\"1 menit\" \/>\n<script type=\"application\/ld+json\" class=\"yoast-schema-graph\">{\"@context\":\"https:\/\/schema.org\",\"@graph\":[{\"@type\":\"WebPage\",\"@id\":\"https:\/\/noticiatecnologia.com\/quem-somos\/\",\"url\":\"https:\/\/noticiatecnologia.com\/quem-somos\/\",\"name\":\"Quem somos - Noticia Tecnologia\",\"isPartOf\":{\"@id\":\"https:\/\/noticiatecnologia.com\/#website\"},\"datePublished\":\"2024-06-28T16:01:36+00:00\",\"dateModified\":\"2024-06-28T16:01:45+00:00\",\"breadcrumb\":{\"@id\":\"https:\/\/noticiatecnologia.com\/quem-somos\/#breadcrumb\"},\"inLanguage\":\"id\",\"potentialAction\":[{\"@type\":\"ReadAction\",\"target\":[\"https:\/\/noticiatecnologia.com\/quem-somos\/\"]}]},{\"@type\":\"BreadcrumbList\",\"@id\":\"https:\/\/noticiatecnologia.com\/quem-somos\/#breadcrumb\",\"itemListElement\":[{\"@type\":\"ListItem\",\"position\":1,\"name\":\"In\u00edcio\",\"item\":\"https:\/\/noticiatecnologia.com\/\"},{\"@type\":\"ListItem\",\"position\":2,\"name\":\"Quem somos\"}]},{\"@type\":\"WebSite\",\"@id\":\"https:\/\/noticiatecnologia.com\/#website\",\"url\":\"https:\/\/noticiatecnologia.com\/\",\"name\":\"Noticia Tecnologia\",\"description\":\"Desvendando a tecnologia!\",\"publisher\":{\"@id\":\"https:\/\/noticiatecnologia.com\/#organization\"},\"potentialAction\":[{\"@type\":\"SearchAction\",\"target\":{\"@type\":\"EntryPoint\",\"urlTemplate\":\"https:\/\/noticiatecnologia.com\/?s={search_term_string}\"},\"query-input\":{\"@type\":\"PropertyValueSpecification\",\"valueRequired\":true,\"valueName\":\"search_term_string\"}}],\"inLanguage\":\"id\"},{\"@type\":\"Organization\",\"@id\":\"https:\/\/noticiatecnologia.com\/#organization\",\"name\":\"Spotads\",\"url\":\"https:\/\/noticiatecnologia.com\/\",\"logo\":{\"@type\":\"ImageObject\",\"inLanguage\":\"id\",\"@id\":\"https:\/\/noticiatecnologia.com\/#\/schema\/logo\/image\/\",\"url\":\"https:\/\/noticiatecnologia.com\/wp-content\/uploads\/2024\/06\/NOTICIA-LOGO-1.png\",\"contentUrl\":\"https:\/\/noticiatecnologia.com\/wp-content\/uploads\/2024\/06\/NOTICIA-LOGO-1.png\",\"width\":250,\"height\":60,\"caption\":\"Spotads\"},\"image\":{\"@id\":\"https:\/\/noticiatecnologia.com\/#\/schema\/logo\/image\/\"}}]}<\/script>\n<!-- \/ Yoast SEO plugin. -->","yoast_head_json":{"title":"Siapa kami - Noticia Tecnologia","robots":{"index":"index","follow":"follow","max-snippet":"max-snippet:-1","max-image-preview":"max-image-preview:large","max-video-preview":"max-video-preview:-1"},"canonical":"https:\/\/noticiatecnologia.com\/id\/siapa-kita\/","og_locale":"id_ID","og_type":"article","og_title":"Quem somos - Noticia Tecnologia","og_description":"O Noticia Tecnologia \u00e9 um site de tecnologia criado em 2024 com o objetivo de fornecer informa\u00e7\u00f5es e dicas sobre aplicativos, finan\u00e7as e outros assuntos relacionados ao mundo digital. N\u00f3s acreditamos que a tecnologia \u00e9 uma ferramenta poderosa para transformar vidas e empresas, e queremos ajudar nossos leitores a se manterem atualizados e aproveitar ao ... Leia mais","og_url":"https:\/\/noticiatecnologia.com\/id\/siapa-kita\/","og_site_name":"Noticia Tecnologia","article_modified_time":"2024-06-28T16:01:45+00:00","twitter_card":"summary_large_image","twitter_misc":{"Estimasi waktu membaca":"1 menit"},"schema":{"@context":"https:\/\/schema.org","@graph":[{"@type":"WebPage","@id":"https:\/\/noticiatecnologia.com\/quem-somos\/","url":"https:\/\/noticiatecnologia.com\/quem-somos\/","name":"Siapa kami - Noticia Tecnologia","isPartOf":{"@id":"https:\/\/noticiatecnologia.com\/#website"},"datePublished":"2024-06-28T16:01:36+00:00","dateModified":"2024-06-28T16:01:45+00:00","breadcrumb":{"@id":"https:\/\/noticiatecnologia.com\/quem-somos\/#breadcrumb"},"inLanguage":"id","potentialAction":[{"@type":"ReadAction","target":["https:\/\/noticiatecnologia.com\/quem-somos\/"]}]},{"@type":"BreadcrumbList","@id":"https:\/\/noticiatecnologia.com\/quem-somos\/#breadcrumb","itemListElement":[{"@type":"ListItem","position":1,"name":"In\u00edcio","item":"https:\/\/noticiatecnologia.com\/"},{"@type":"ListItem","position":2,"name":"Quem somos"}]},{"@type":"WebSite","@id":"https:\/\/noticiatecnologia.com\/#website","url":"https:\/\/noticiatecnologia.com\/","name":"Berita Teknologi","description":"Mengungkap teknologi!","publisher":{"@id":"https:\/\/noticiatecnologia.com\/#organization"},"potentialAction":[{"@type":"SearchAction","target":{"@type":"EntryPoint","urlTemplate":"https:\/\/noticiatecnologia.com\/?s={search_term_string}"},"query-input":{"@type":"PropertyValueSpecification","valueRequired":true,"valueName":"search_term_string"}}],"inLanguage":"id"},{"@type":"Organization","@id":"https:\/\/noticiatecnologia.com\/#organization","name":"bintik-bintik","url":"https:\/\/noticiatecnologia.com\/","logo":{"@type":"ImageObject","inLanguage":"id","@id":"https:\/\/noticiatecnologia.com\/#\/schema\/logo\/image\/","url":"https:\/\/noticiatecnologia.com\/wp-content\/uploads\/2024\/06\/NOTICIA-LOGO-1.png","contentUrl":"https:\/\/noticiatecnologia.com\/wp-content\/uploads\/2024\/06\/NOTICIA-LOGO-1.png","width":250,"height":60,"caption":"Spotads"},"image":{"@id":"https:\/\/noticiatecnologia.com\/#\/schema\/logo\/image\/"}}]}},"_links":{"self":[{"href":"https:\/\/noticiatecnologia.com\/id\/wp-json\/wp\/v2\/pages\/46979","targetHints":{"allow":["GET"]}}],"collection":[{"href":"https:\/\/noticiatecnologia.com\/id\/wp-json\/wp\/v2\/pages"}],"about":[{"href":"https:\/\/noticiatecnologia.com\/id\/wp-json\/wp\/v2\/types\/page"}],"author":[{"embeddable":true,"href":"https:\/\/noticiatecnologia.com\/id\/wp-json\/wp\/v2\/users\/1"}],"replies":[{"embeddable":true,"href":"https:\/\/noticiatecnologia.com\/id\/wp-json\/wp\/v2\/comments?post=46979"}],"version-history":[{"count":0,"href":"https:\/\/noticiatecnologia.com\/id\/wp-json\/wp\/v2\/pages\/46979\/revisions"}],"wp:attachment":[{"href":"https:\/\/noticiatecnologia.com\/id\/wp-json\/wp\/v2\/media?parent=46979"}],"curies":[{"name":"wp","href":"https:\/\/api.w.org\/{rel}","templated":true}]}}