{"id":46975,"date":"2024-06-28T15:59:34","date_gmt":"2024-06-28T15:59:34","guid":{"rendered":"https:\/\/noticiatecnologia.com\/?page_id=46975"},"modified":"2024-06-28T15:59:34","modified_gmt":"2024-06-28T15:59:34","slug":"termini-di-utilizzo","status":"publish","type":"page","link":"https:\/\/noticiatecnologia.com\/it\/termini-di-utilizzo\/","title":{"rendered":"Termini di utilizzo"},"content":{"rendered":"<h2 class=\"wp-block-heading\">Notizie Tecnologia Termini di utilizzo<\/h2>\n\n\n\n<p>Accedendo al sito web Noticias Tecnologia, accetti di essere vincolato dai presenti termini di servizio, da tutte le leggi e i regolamenti applicabili e accetti di essere responsabile del rispetto di tutte le leggi locali applicabili. Se non sei d&#039;accordo con uno qualsiasi di questi termini, ti \u00e8 vietato utilizzare o accedere a questo sito. I materiali contenuti in questo sito sono protetti dalle leggi applicabili sul copyright e sui marchi.<\/p>\n\n\n\n<h2 class=\"wp-block-heading\">Utilizzo della licenza<\/h2>\n\n\n\n<p>\u00c8 concesso il permesso di scaricare temporaneamente una copia dei materiali (informazioni o software) sul sito web di Noticias Tecnologia solo per la visualizzazione transitoria personale e non commerciale. Questa \u00e8 la concessione di una licenza, non un trasferimento di titolo, e con questa licenza non puoi:<\/p>\n\n\n\n<ul class=\"wp-block-list\">\n<li>modificare o copiare i materiali;<\/li>\n\n\n\n<li>utilizzare i materiali per qualsiasi scopo commerciale o per esposizione pubblica (commerciale o non commerciale);<\/li>\n\n\n\n<li>tentare di decompilare o decodificare qualsiasi software contenuto nel sito Web Noticias Tecnologia;<\/li>\n\n\n\n<li>rimuovere qualsiasi copyright o altra notazione proprietaria dai materiali; O<\/li>\n\n\n\n<li>trasferire i materiali a un&#039;altra persona o eseguire il &quot;mirroring&quot; dei materiali su qualsiasi altro server. La presente licenza terminer\u00e0 automaticamente in caso di violazione di una qualsiasi di queste restrizioni e potr\u00e0 essere terminata da Noticias Tecnologia in qualsiasi momento. Al termine della visualizzazione di questi materiali o al termine della presente licenza, \u00e8 necessario eliminare qualsiasi materiale scaricato in proprio possesso sia in formato elettronico che stampato.<\/li>\n<\/ul>\n\n\n\n<h2 class=\"wp-block-heading\">Disclaimer<\/h2>\n\n\n\n<p>I materiali presenti sul sito web di Noticias Tecnologia sono forniti &quot;cos\u00ec come sono&quot;. Noticias Tecnologia non fornisce alcuna garanzia, espressa o implicita, e con la presente esclude e nega tutte le altre garanzie, incluse, senza limitazioni, garanzie implicite o condizioni di commerciabilit\u00e0, idoneit\u00e0 per uno scopo particolare o non violazione della propriet\u00e0 intellettuale o altra violazione dei diritti.<\/p>\n\n\n\n<p>Inoltre, Noticias Tecnologia non garantisce n\u00e9 rilascia alcuna dichiarazione riguardante l&#039;accuratezza, i probabili risultati o l&#039;affidabilit\u00e0 dell&#039;uso dei materiali sul proprio sito Web o altrimenti relativi a tali materiali o su qualsiasi sito collegato a questo sito.<\/p>\n\n\n\n<h2 class=\"wp-block-heading\">Limitazioni<\/h2>\n\n\n\n<p>In nessun caso Noticias Tecnologia o i suoi fornitori saranno responsabili per eventuali danni (inclusi, senza limitazione, danni per perdita di dati o profitti o dovuti a interruzione dell&#039;attivit\u00e0) derivanti dall&#039;uso o dall&#039;impossibilit\u00e0 di utilizzare i materiali sul sito web di Noticias Tecnologia, anche se Noticias Tecnologia o un rappresentante autorizzato di Noticias Tecnologia \u00e8 stato informato oralmente o per iscritto della possibilit\u00e0 di tali danni. Poich\u00e9 alcune giurisdizioni non consentono limitazioni sulle garanzie implicite o limitazioni di responsabilit\u00e0 per danni consequenziali o incidentali, tali limitazioni potrebbero non applicarsi all&#039;utente.<\/p>\n\n\n\n<h2 class=\"wp-block-heading\">Precisione dei materiali<\/h2>\n\n\n\n<p>I materiali visualizzati sul sito Web di Noticias Tecnologia potrebbero includere errori tecnici, tipografici o fotografici. Noticias Tecnologia non garantisce che i materiali presenti sul proprio sito Web siano accurati, completi o aggiornati. Noticias Tecnologia pu\u00f2 apportare modifiche ai materiali contenuti nel proprio sito Web in qualsiasi momento senza preavviso. Tuttavia Noticias Tecnologia non si assume alcun impegno per l&#039;aggiornamento dei materiali.<\/p>\n\n\n\n<h2 class=\"wp-block-heading\">Collegamenti<\/h2>\n\n\n\n<p>Noticias Tecnologia non ha esaminato tutti i siti collegati al proprio sito Web e non \u00e8 responsabile del contenuto di alcun sito collegato. L&#039;inclusione di qualsiasi collegamento non implica l&#039;approvazione del sito da parte di Noticias Tecnologia. L&#039;utilizzo di qualsiasi sito collegato \u00e8 a rischio e pericolo dell&#039;utente.<\/p>\n\n\n\n<h2 class=\"wp-block-heading\">Modifiche<\/h2>\n\n\n\n<p>Noticias Tecnologia pu\u00f2 modificare i presenti termini di servizio per il proprio sito Web in qualsiasi momento senza preavviso. Utilizzando questo sito Web, accetti di essere vincolato dalla versione corrente di questi termini di servizio.<\/p>\n\n\n\n<p>Legge applicabile I presenti termini e condizioni sono regolati e interpretati in conformit\u00e0 con le leggi di Noticias Tecnologia e l&#039;utente si sottopone irrevocabilmente alla giurisdizione esclusiva dei tribunali di tale Stato o luogo.<\/p>\n\n\n\n<h2 class=\"wp-block-heading\" id=\"lei-aplicavel\">Legge applicabile<\/h2>\n\n\n\n<p>I presenti termini e condizioni sono regolati e interpretati in conformit\u00e0 con le leggi di Noticias Tecnologia e l&#039;utente si sottopone irrevocabilmente alla giurisdizione esclusiva dei tribunali di tale Stato o luogo.<\/p>","protected":false},"excerpt":{"rendered":"<p>Accedendo al sito web di Noticias Tecnologia, l&#039;utente accetta di rispettare i presenti termini di servizio, tutte le leggi e i regolamenti applicabili e di essere responsabile del rispetto di tutte le leggi locali applicabili. Se non si accetta uno qualsiasi di questi termini, \u00e8 vietato utilizzare o accedere a questo sito. Il... <a title=\"Termini di utilizzo\" class=\"read-more\" href=\"https:\/\/noticiatecnologia.com\/it\/termini-di-utilizzo\/\" aria-label=\"Si prega di prendere nota delle Condizioni d&#039;uso\">Per saperne di pi\u00f9<\/a><\/p>","protected":false},"author":1,"featured_media":0,"parent":0,"menu_order":0,"comment_status":"closed","ping_status":"closed","template":"","meta":{"footnotes":""},"class_list":["post-46975","page","type-page","status-publish"],"yoast_head":"<!-- This site is optimized with the Yoast SEO plugin v25.7 - https:\/\/yoast.com\/wordpress\/plugins\/seo\/ -->\n<title>Termos de Uso - Noticia Tecnologia<\/title>\n<meta name=\"robots\" content=\"index, follow, max-snippet:-1, max-image-preview:large, max-video-preview:-1\" \/>\n<link rel=\"canonical\" href=\"https:\/\/noticiatecnologia.com\/it\/termini-di-utilizzo\/\" \/>\n<meta property=\"og:locale\" content=\"it_IT\" \/>\n<meta property=\"og:type\" content=\"article\" \/>\n<meta property=\"og:title\" content=\"Termos de Uso - Noticia Tecnologia\" \/>\n<meta property=\"og:description\" content=\"Termos de Uso do Noticias Tecnologia Ao acessar ao site Noticias Tecnologia, concorda em cumprir estes termos de servi\u00e7o, todas as leis e regulamentos aplic\u00e1veis e concorda que \u00e9 respons\u00e1vel pelo cumprimento de todas as leis locais aplic\u00e1veis. Se voc\u00ea n\u00e3o concordar com algum desses termos, est\u00e1 proibido de usar ou acessar este site. Os ... Leia mais\" \/>\n<meta property=\"og:url\" content=\"https:\/\/noticiatecnologia.com\/it\/termini-di-utilizzo\/\" \/>\n<meta property=\"og:site_name\" content=\"Noticia Tecnologia\" \/>\n<meta name=\"twitter:card\" content=\"summary_large_image\" \/>\n<meta name=\"twitter:label1\" content=\"Tempo di lettura stimato\" \/>\n\t<meta name=\"twitter:data1\" content=\"4 minuti\" \/>\n<script type=\"application\/ld+json\" class=\"yoast-schema-graph\">{\"@context\":\"https:\/\/schema.org\",\"@graph\":[{\"@type\":\"WebPage\",\"@id\":\"https:\/\/noticiatecnologia.com\/termos-de-uso\/\",\"url\":\"https:\/\/noticiatecnologia.com\/termos-de-uso\/\",\"name\":\"Termos de Uso - Noticia Tecnologia\",\"isPartOf\":{\"@id\":\"https:\/\/noticiatecnologia.com\/#website\"},\"datePublished\":\"2024-06-28T15:59:34+00:00\",\"breadcrumb\":{\"@id\":\"https:\/\/noticiatecnologia.com\/termos-de-uso\/#breadcrumb\"},\"inLanguage\":\"it-IT\",\"potentialAction\":[{\"@type\":\"ReadAction\",\"target\":[\"https:\/\/noticiatecnologia.com\/termos-de-uso\/\"]}]},{\"@type\":\"BreadcrumbList\",\"@id\":\"https:\/\/noticiatecnologia.com\/termos-de-uso\/#breadcrumb\",\"itemListElement\":[{\"@type\":\"ListItem\",\"position\":1,\"name\":\"In\u00edcio\",\"item\":\"https:\/\/noticiatecnologia.com\/\"},{\"@type\":\"ListItem\",\"position\":2,\"name\":\"Termos de Uso\"}]},{\"@type\":\"WebSite\",\"@id\":\"https:\/\/noticiatecnologia.com\/#website\",\"url\":\"https:\/\/noticiatecnologia.com\/\",\"name\":\"Noticia Tecnologia\",\"description\":\"Desvendando a tecnologia!\",\"publisher\":{\"@id\":\"https:\/\/noticiatecnologia.com\/#organization\"},\"potentialAction\":[{\"@type\":\"SearchAction\",\"target\":{\"@type\":\"EntryPoint\",\"urlTemplate\":\"https:\/\/noticiatecnologia.com\/?s={search_term_string}\"},\"query-input\":{\"@type\":\"PropertyValueSpecification\",\"valueRequired\":true,\"valueName\":\"search_term_string\"}}],\"inLanguage\":\"it-IT\"},{\"@type\":\"Organization\",\"@id\":\"https:\/\/noticiatecnologia.com\/#organization\",\"name\":\"Spotads\",\"url\":\"https:\/\/noticiatecnologia.com\/\",\"logo\":{\"@type\":\"ImageObject\",\"inLanguage\":\"it-IT\",\"@id\":\"https:\/\/noticiatecnologia.com\/#\/schema\/logo\/image\/\",\"url\":\"https:\/\/noticiatecnologia.com\/wp-content\/uploads\/2024\/06\/NOTICIA-LOGO-1.png\",\"contentUrl\":\"https:\/\/noticiatecnologia.com\/wp-content\/uploads\/2024\/06\/NOTICIA-LOGO-1.png\",\"width\":250,\"height\":60,\"caption\":\"Spotads\"},\"image\":{\"@id\":\"https:\/\/noticiatecnologia.com\/#\/schema\/logo\/image\/\"}}]}<\/script>\n<!-- \/ Yoast SEO plugin. -->","yoast_head_json":{"title":"Condizioni d&#039;uso - Noticia Tecnologia","robots":{"index":"index","follow":"follow","max-snippet":"max-snippet:-1","max-image-preview":"max-image-preview:large","max-video-preview":"max-video-preview:-1"},"canonical":"https:\/\/noticiatecnologia.com\/it\/termini-di-utilizzo\/","og_locale":"it_IT","og_type":"article","og_title":"Termos de Uso - Noticia Tecnologia","og_description":"Termos de Uso do Noticias Tecnologia Ao acessar ao site Noticias Tecnologia, concorda em cumprir estes termos de servi\u00e7o, todas as leis e regulamentos aplic\u00e1veis e concorda que \u00e9 respons\u00e1vel pelo cumprimento de todas as leis locais aplic\u00e1veis. Se voc\u00ea n\u00e3o concordar com algum desses termos, est\u00e1 proibido de usar ou acessar este site. Os ... Leia mais","og_url":"https:\/\/noticiatecnologia.com\/it\/termini-di-utilizzo\/","og_site_name":"Noticia Tecnologia","twitter_card":"summary_large_image","twitter_misc":{"Tempo di lettura stimato":"4 minuti"},"schema":{"@context":"https:\/\/schema.org","@graph":[{"@type":"WebPage","@id":"https:\/\/noticiatecnologia.com\/termos-de-uso\/","url":"https:\/\/noticiatecnologia.com\/termos-de-uso\/","name":"Condizioni d&#039;uso - Noticia Tecnologia","isPartOf":{"@id":"https:\/\/noticiatecnologia.com\/#website"},"datePublished":"2024-06-28T15:59:34+00:00","breadcrumb":{"@id":"https:\/\/noticiatecnologia.com\/termos-de-uso\/#breadcrumb"},"inLanguage":"it-IT","potentialAction":[{"@type":"ReadAction","target":["https:\/\/noticiatecnologia.com\/termos-de-uso\/"]}]},{"@type":"BreadcrumbList","@id":"https:\/\/noticiatecnologia.com\/termos-de-uso\/#breadcrumb","itemListElement":[{"@type":"ListItem","position":1,"name":"In\u00edcio","item":"https:\/\/noticiatecnologia.com\/"},{"@type":"ListItem","position":2,"name":"Termos de Uso"}]},{"@type":"WebSite","@id":"https:\/\/noticiatecnologia.com\/#website","url":"https:\/\/noticiatecnologia.com\/","name":"Notizie sulla tecnologia","description":"Scoprire la tecnologia!","publisher":{"@id":"https:\/\/noticiatecnologia.com\/#organization"},"potentialAction":[{"@type":"SearchAction","target":{"@type":"EntryPoint","urlTemplate":"https:\/\/noticiatecnologia.com\/?s={search_term_string}"},"query-input":{"@type":"PropertyValueSpecification","valueRequired":true,"valueName":"search_term_string"}}],"inLanguage":"it-IT"},{"@type":"Organization","@id":"https:\/\/noticiatecnologia.com\/#organization","name":"Spotad","url":"https:\/\/noticiatecnologia.com\/","logo":{"@type":"ImageObject","inLanguage":"it-IT","@id":"https:\/\/noticiatecnologia.com\/#\/schema\/logo\/image\/","url":"https:\/\/noticiatecnologia.com\/wp-content\/uploads\/2024\/06\/NOTICIA-LOGO-1.png","contentUrl":"https:\/\/noticiatecnologia.com\/wp-content\/uploads\/2024\/06\/NOTICIA-LOGO-1.png","width":250,"height":60,"caption":"Spotads"},"image":{"@id":"https:\/\/noticiatecnologia.com\/#\/schema\/logo\/image\/"}}]}},"_links":{"self":[{"href":"https:\/\/noticiatecnologia.com\/it\/wp-json\/wp\/v2\/pages\/46975","targetHints":{"allow":["GET"]}}],"collection":[{"href":"https:\/\/noticiatecnologia.com\/it\/wp-json\/wp\/v2\/pages"}],"about":[{"href":"https:\/\/noticiatecnologia.com\/it\/wp-json\/wp\/v2\/types\/page"}],"author":[{"embeddable":true,"href":"https:\/\/noticiatecnologia.com\/it\/wp-json\/wp\/v2\/users\/1"}],"replies":[{"embeddable":true,"href":"https:\/\/noticiatecnologia.com\/it\/wp-json\/wp\/v2\/comments?post=46975"}],"version-history":[{"count":0,"href":"https:\/\/noticiatecnologia.com\/it\/wp-json\/wp\/v2\/pages\/46975\/revisions"}],"wp:attachment":[{"href":"https:\/\/noticiatecnologia.com\/it\/wp-json\/wp\/v2\/media?parent=46975"}],"curies":[{"name":"parola chiave","href":"https:\/\/api.w.org\/{rel}","templated":true}]}}