{"id":46979,"date":"2024-06-28T16:01:36","date_gmt":"2024-06-28T16:01:36","guid":{"rendered":"https:\/\/noticiatecnologia.com\/?page_id=46979"},"modified":"2024-06-28T16:01:45","modified_gmt":"2024-06-28T16:01:45","slug":"chi-siamo","status":"publish","type":"page","link":"https:\/\/noticiatecnologia.com\/it\/chi-siamo\/","title":{"rendered":"Chi siamo"},"content":{"rendered":"<p>Noticia Tecnologia \u00e8 un sito web tecnologico nato nel 2024 con l&#039;obiettivo di fornire informazioni e suggerimenti su applicazioni, finanza e altri argomenti legati al mondo digitale. Crediamo che la tecnologia sia un potente strumento per trasformare la vita e le imprese e vogliamo aiutare i nostri lettori a rimanere aggiornati e a sfruttare al meglio questi strumenti.<\/p>\n\n\n\n<p>Qui su Noticia Tecnologia troverai articoli e tutorial scritti da esperti di tecnologia, oltre ad analisi e recensioni di prodotti e servizi. Offriamo anche suggerimenti e trucchi per aiutarti a ottenere il massimo dai tuoi dispositivi mobili e dalle tue app.<\/p>\n\n\n\n<p>Noticia Tecnologia \u00e8 un marchio registrato dell&#039;azienda&nbsp;<a href=\"http:\/\/spotads.me\/\">spotads.me<\/a>&nbsp;ed \u00e8 gestito da un team di professionisti appassionati di tecnologia.<\/p>\n\n\n\n<p>Il nostro team \u00e8 composto da esperti di tecnologia, giornalisti e scrittori, tutti impegnati a fornire ai nostri lettori contenuti accurati e di alta qualit\u00e0. Crediamo che la tecnologia sia un potente strumento per trasformare la vita e le imprese e il nostro obiettivo \u00e8 aiutare i nostri lettori a rimanere aggiornati e a sfruttare al meglio questi strumenti.<\/p>\n\n\n\n<p>Oltre ai contenuti, offriamo ai nostri lettori anche l&#039;opportunit\u00e0 di connettersi con altri appassionati di tecnologia attraverso i nostri social network e forum di discussione. Apprezziamo le opinioni dei nostri lettori e siamo sempre aperti a suggerimenti e feedback per migliorare i nostri servizi.<\/p>\n\n\n\n<p>Seguici e rimani aggiornato sulle ultime tendenze e novit\u00e0 nel mondo della tecnologia. Grazie per aver visitato il nostro sito web e speriamo di rivedervi presto!<\/p>","protected":false},"excerpt":{"rendered":"<p>Noticia Tecnologia \u00e8 un sito web dedicato alla tecnologia, creato nel 2024 con l&#039;obiettivo di fornire informazioni e suggerimenti su app, finanza e altri argomenti relativi al mondo digitale. Crediamo che la tecnologia sia uno strumento potente per trasformare vite e aziende e vogliamo aiutare i nostri lettori a rimanere aggiornati e a sfruttarla al meglio. <a title=\"Chi siamo\" class=\"read-more\" href=\"https:\/\/noticiatecnologia.com\/it\/chi-siamo\/\" aria-label=\"Per saperne di pi\u00f9 su Chi siamo\">Per saperne di pi\u00f9<\/a><\/p>","protected":false},"author":1,"featured_media":0,"parent":0,"menu_order":0,"comment_status":"closed","ping_status":"closed","template":"","meta":{"footnotes":""},"class_list":["post-46979","page","type-page","status-publish"],"yoast_head":"<!-- This site is optimized with the Yoast SEO plugin v25.7 - https:\/\/yoast.com\/wordpress\/plugins\/seo\/ -->\n<title>Quem somos - Noticia Tecnologia<\/title>\n<meta name=\"robots\" content=\"index, follow, max-snippet:-1, max-image-preview:large, max-video-preview:-1\" \/>\n<link rel=\"canonical\" href=\"https:\/\/noticiatecnologia.com\/it\/chi-siamo\/\" \/>\n<meta property=\"og:locale\" content=\"it_IT\" \/>\n<meta property=\"og:type\" content=\"article\" \/>\n<meta property=\"og:title\" content=\"Quem somos - Noticia Tecnologia\" \/>\n<meta property=\"og:description\" content=\"O Noticia Tecnologia \u00e9 um site de tecnologia criado em 2024 com o objetivo de fornecer informa\u00e7\u00f5es e dicas sobre aplicativos, finan\u00e7as e outros assuntos relacionados ao mundo digital. N\u00f3s acreditamos que a tecnologia \u00e9 uma ferramenta poderosa para transformar vidas e empresas, e queremos ajudar nossos leitores a se manterem atualizados e aproveitar ao ... Leia mais\" \/>\n<meta property=\"og:url\" content=\"https:\/\/noticiatecnologia.com\/it\/chi-siamo\/\" \/>\n<meta property=\"og:site_name\" content=\"Noticia Tecnologia\" \/>\n<meta property=\"article:modified_time\" content=\"2024-06-28T16:01:45+00:00\" \/>\n<meta name=\"twitter:card\" content=\"summary_large_image\" \/>\n<meta name=\"twitter:label1\" content=\"Tempo di lettura stimato\" \/>\n\t<meta name=\"twitter:data1\" content=\"1 minuto\" \/>\n<script type=\"application\/ld+json\" class=\"yoast-schema-graph\">{\"@context\":\"https:\/\/schema.org\",\"@graph\":[{\"@type\":\"WebPage\",\"@id\":\"https:\/\/noticiatecnologia.com\/quem-somos\/\",\"url\":\"https:\/\/noticiatecnologia.com\/quem-somos\/\",\"name\":\"Quem somos - Noticia Tecnologia\",\"isPartOf\":{\"@id\":\"https:\/\/noticiatecnologia.com\/#website\"},\"datePublished\":\"2024-06-28T16:01:36+00:00\",\"dateModified\":\"2024-06-28T16:01:45+00:00\",\"breadcrumb\":{\"@id\":\"https:\/\/noticiatecnologia.com\/quem-somos\/#breadcrumb\"},\"inLanguage\":\"it-IT\",\"potentialAction\":[{\"@type\":\"ReadAction\",\"target\":[\"https:\/\/noticiatecnologia.com\/quem-somos\/\"]}]},{\"@type\":\"BreadcrumbList\",\"@id\":\"https:\/\/noticiatecnologia.com\/quem-somos\/#breadcrumb\",\"itemListElement\":[{\"@type\":\"ListItem\",\"position\":1,\"name\":\"In\u00edcio\",\"item\":\"https:\/\/noticiatecnologia.com\/\"},{\"@type\":\"ListItem\",\"position\":2,\"name\":\"Quem somos\"}]},{\"@type\":\"WebSite\",\"@id\":\"https:\/\/noticiatecnologia.com\/#website\",\"url\":\"https:\/\/noticiatecnologia.com\/\",\"name\":\"Noticia Tecnologia\",\"description\":\"Desvendando a tecnologia!\",\"publisher\":{\"@id\":\"https:\/\/noticiatecnologia.com\/#organization\"},\"potentialAction\":[{\"@type\":\"SearchAction\",\"target\":{\"@type\":\"EntryPoint\",\"urlTemplate\":\"https:\/\/noticiatecnologia.com\/?s={search_term_string}\"},\"query-input\":{\"@type\":\"PropertyValueSpecification\",\"valueRequired\":true,\"valueName\":\"search_term_string\"}}],\"inLanguage\":\"it-IT\"},{\"@type\":\"Organization\",\"@id\":\"https:\/\/noticiatecnologia.com\/#organization\",\"name\":\"Spotads\",\"url\":\"https:\/\/noticiatecnologia.com\/\",\"logo\":{\"@type\":\"ImageObject\",\"inLanguage\":\"it-IT\",\"@id\":\"https:\/\/noticiatecnologia.com\/#\/schema\/logo\/image\/\",\"url\":\"https:\/\/noticiatecnologia.com\/wp-content\/uploads\/2024\/06\/NOTICIA-LOGO-1.png\",\"contentUrl\":\"https:\/\/noticiatecnologia.com\/wp-content\/uploads\/2024\/06\/NOTICIA-LOGO-1.png\",\"width\":250,\"height\":60,\"caption\":\"Spotads\"},\"image\":{\"@id\":\"https:\/\/noticiatecnologia.com\/#\/schema\/logo\/image\/\"}}]}<\/script>\n<!-- \/ Yoast SEO plugin. -->","yoast_head_json":{"title":"Chi siamo - Noticia Tecnologia","robots":{"index":"index","follow":"follow","max-snippet":"max-snippet:-1","max-image-preview":"max-image-preview:large","max-video-preview":"max-video-preview:-1"},"canonical":"https:\/\/noticiatecnologia.com\/it\/chi-siamo\/","og_locale":"it_IT","og_type":"article","og_title":"Quem somos - Noticia Tecnologia","og_description":"O Noticia Tecnologia \u00e9 um site de tecnologia criado em 2024 com o objetivo de fornecer informa\u00e7\u00f5es e dicas sobre aplicativos, finan\u00e7as e outros assuntos relacionados ao mundo digital. N\u00f3s acreditamos que a tecnologia \u00e9 uma ferramenta poderosa para transformar vidas e empresas, e queremos ajudar nossos leitores a se manterem atualizados e aproveitar ao ... Leia mais","og_url":"https:\/\/noticiatecnologia.com\/it\/chi-siamo\/","og_site_name":"Noticia Tecnologia","article_modified_time":"2024-06-28T16:01:45+00:00","twitter_card":"summary_large_image","twitter_misc":{"Tempo di lettura stimato":"1 minuto"},"schema":{"@context":"https:\/\/schema.org","@graph":[{"@type":"WebPage","@id":"https:\/\/noticiatecnologia.com\/quem-somos\/","url":"https:\/\/noticiatecnologia.com\/quem-somos\/","name":"Chi siamo - Noticia Tecnologia","isPartOf":{"@id":"https:\/\/noticiatecnologia.com\/#website"},"datePublished":"2024-06-28T16:01:36+00:00","dateModified":"2024-06-28T16:01:45+00:00","breadcrumb":{"@id":"https:\/\/noticiatecnologia.com\/quem-somos\/#breadcrumb"},"inLanguage":"it-IT","potentialAction":[{"@type":"ReadAction","target":["https:\/\/noticiatecnologia.com\/quem-somos\/"]}]},{"@type":"BreadcrumbList","@id":"https:\/\/noticiatecnologia.com\/quem-somos\/#breadcrumb","itemListElement":[{"@type":"ListItem","position":1,"name":"In\u00edcio","item":"https:\/\/noticiatecnologia.com\/"},{"@type":"ListItem","position":2,"name":"Quem somos"}]},{"@type":"WebSite","@id":"https:\/\/noticiatecnologia.com\/#website","url":"https:\/\/noticiatecnologia.com\/","name":"Notizie sulla tecnologia","description":"Scoprire la tecnologia!","publisher":{"@id":"https:\/\/noticiatecnologia.com\/#organization"},"potentialAction":[{"@type":"SearchAction","target":{"@type":"EntryPoint","urlTemplate":"https:\/\/noticiatecnologia.com\/?s={search_term_string}"},"query-input":{"@type":"PropertyValueSpecification","valueRequired":true,"valueName":"search_term_string"}}],"inLanguage":"it-IT"},{"@type":"Organization","@id":"https:\/\/noticiatecnologia.com\/#organization","name":"Spotad","url":"https:\/\/noticiatecnologia.com\/","logo":{"@type":"ImageObject","inLanguage":"it-IT","@id":"https:\/\/noticiatecnologia.com\/#\/schema\/logo\/image\/","url":"https:\/\/noticiatecnologia.com\/wp-content\/uploads\/2024\/06\/NOTICIA-LOGO-1.png","contentUrl":"https:\/\/noticiatecnologia.com\/wp-content\/uploads\/2024\/06\/NOTICIA-LOGO-1.png","width":250,"height":60,"caption":"Spotads"},"image":{"@id":"https:\/\/noticiatecnologia.com\/#\/schema\/logo\/image\/"}}]}},"_links":{"self":[{"href":"https:\/\/noticiatecnologia.com\/it\/wp-json\/wp\/v2\/pages\/46979","targetHints":{"allow":["GET"]}}],"collection":[{"href":"https:\/\/noticiatecnologia.com\/it\/wp-json\/wp\/v2\/pages"}],"about":[{"href":"https:\/\/noticiatecnologia.com\/it\/wp-json\/wp\/v2\/types\/page"}],"author":[{"embeddable":true,"href":"https:\/\/noticiatecnologia.com\/it\/wp-json\/wp\/v2\/users\/1"}],"replies":[{"embeddable":true,"href":"https:\/\/noticiatecnologia.com\/it\/wp-json\/wp\/v2\/comments?post=46979"}],"version-history":[{"count":0,"href":"https:\/\/noticiatecnologia.com\/it\/wp-json\/wp\/v2\/pages\/46979\/revisions"}],"wp:attachment":[{"href":"https:\/\/noticiatecnologia.com\/it\/wp-json\/wp\/v2\/media?parent=46979"}],"curies":[{"name":"parola chiave","href":"https:\/\/api.w.org\/{rel}","templated":true}]}}