{"id":46979,"date":"2024-06-28T16:01:36","date_gmt":"2024-06-28T16:01:36","guid":{"rendered":"https:\/\/noticiatecnologia.com\/?page_id=46979"},"modified":"2024-06-28T16:01:45","modified_gmt":"2024-06-28T16:01:45","slug":"%e7%a7%81%e3%81%9f%e3%81%a1%e3%81%af%e8%aa%b0%e3%81%a7%e3%81%99%e3%81%8b","status":"publish","type":"page","link":"https:\/\/noticiatecnologia.com\/jp\/%e7%a7%81%e3%81%9f%e3%81%a1%e3%81%af%e8%aa%b0%e3%81%a7%e3%81%99%e3%81%8b\/","title":{"rendered":"\u79c1\u305f\u3061\u306f\u8ab0\u306a\u306e\u304b"},"content":{"rendered":"<p>Noticia Tecnologia \u306f\u3001\u30c7\u30b8\u30bf\u30eb\u4e16\u754c\u306b\u95a2\u9023\u3059\u308b\u30a2\u30d7\u30ea\u30b1\u30fc\u30b7\u30e7\u30f3\u3001\u91d1\u878d\u3001\u305d\u306e\u4ed6\u306e\u30c8\u30d4\u30c3\u30af\u306b\u95a2\u3059\u308b\u60c5\u5831\u3068\u30d2\u30f3\u30c8\u3092\u63d0\u4f9b\u3059\u308b\u3053\u3068\u3092\u76ee\u7684\u3068\u3057\u3066\u30012024 \u5e74\u306b\u4f5c\u6210\u3055\u308c\u305f\u30c6\u30af\u30ce\u30ed\u30b8\u30fc Web \u30b5\u30a4\u30c8\u3067\u3059\u3002\u79c1\u305f\u3061\u306f\u30c6\u30af\u30ce\u30ed\u30b8\u30fc\u304c\u751f\u6d3b\u3084\u30d3\u30b8\u30cd\u30b9\u3092\u5909\u9769\u3059\u308b\u305f\u3081\u306e\u5f37\u529b\u306a\u30c4\u30fc\u30eb\u3067\u3042\u308b\u3068\u4fe1\u3058\u3066\u304a\u308a\u3001\u8aad\u8005\u304c\u5e38\u306b\u6700\u65b0\u60c5\u5831\u3092\u5165\u624b\u3057\u3001\u3053\u308c\u3089\u306e\u30c4\u30fc\u30eb\u3092\u6700\u5927\u9650\u306b\u6d3b\u7528\u3067\u304d\u308b\u3088\u3046\u652f\u63f4\u3057\u305f\u3044\u3068\u8003\u3048\u3066\u3044\u307e\u3059\u3002<\/p>\n\n\n\n<p>Noticia Tecnologia \u3067\u306f\u3001\u30c6\u30af\u30ce\u30ed\u30b8\u30fc\u306e\u5c02\u9580\u5bb6\u306b\u3088\u3063\u3066\u66f8\u304b\u308c\u305f\u8a18\u4e8b\u3084\u30c1\u30e5\u30fc\u30c8\u30ea\u30a2\u30eb\u3001\u88fd\u54c1\u3084\u30b5\u30fc\u30d3\u30b9\u306e\u5206\u6790\u3084\u30ec\u30d3\u30e5\u30fc\u3092\u898b\u3064\u3051\u308b\u3053\u3068\u304c\u3067\u304d\u307e\u3059\u3002\u30e2\u30d0\u30a4\u30eb \u30c7\u30d0\u30a4\u30b9\u3084\u30a2\u30d7\u30ea\u3092\u6700\u5927\u9650\u306b\u6d3b\u7528\u3059\u308b\u305f\u3081\u306e\u30d2\u30f3\u30c8\u3084\u30c6\u30af\u30cb\u30c3\u30af\u3082\u63d0\u4f9b\u3057\u307e\u3059\u3002<\/p>\n\n\n\n<p>Noticia Tecnologia \u306f\u4f1a\u793e\u306e\u767b\u9332\u5546\u6a19\u3067\u3059\u3002&nbsp;<a href=\"http:\/\/spotads.me\/\">\u30b9\u30dd\u30c3\u30c8\u30c9\u30df\u30fc<\/a>&nbsp;\u305d\u3057\u3066\u3001\u30c6\u30af\u30ce\u30ed\u30b8\u30fc\u306b\u60c5\u71b1\u3092\u6ce8\u3050\u5c02\u9580\u5bb6\u30c1\u30fc\u30e0\u306b\u3088\u3063\u3066\u7dad\u6301\u3055\u308c\u3066\u3044\u307e\u3059\u3002\u300d<\/p>\n\n\n\n<p>\u79c1\u305f\u3061\u306e\u30c1\u30fc\u30e0\u306f\u30c6\u30af\u30ce\u30ed\u30b8\u30fc\u306e\u5c02\u9580\u5bb6\u3001\u30b8\u30e3\u30fc\u30ca\u30ea\u30b9\u30c8\u3001\u30e9\u30a4\u30bf\u30fc\u3067\u69cb\u6210\u3055\u308c\u3066\u304a\u308a\u3001\u5168\u54e1\u304c\u8aad\u8005\u306b\u9ad8\u54c1\u8cea\u3067\u6b63\u78ba\u306a\u30b3\u30f3\u30c6\u30f3\u30c4\u3092\u63d0\u4f9b\u3059\u308b\u3053\u3068\u306b\u5c3d\u529b\u3057\u3066\u3044\u307e\u3059\u3002\u79c1\u305f\u3061\u306f\u30c6\u30af\u30ce\u30ed\u30b8\u30fc\u304c\u751f\u6d3b\u3084\u30d3\u30b8\u30cd\u30b9\u3092\u5909\u9769\u3059\u308b\u305f\u3081\u306e\u5f37\u529b\u306a\u30c4\u30fc\u30eb\u3067\u3042\u308b\u3068\u4fe1\u3058\u3066\u304a\u308a\u3001\u79c1\u305f\u3061\u306e\u76ee\u6a19\u306f\u3001\u8aad\u8005\u304c\u5e38\u306b\u6700\u65b0\u60c5\u5831\u3092\u5165\u624b\u3057\u3001\u3053\u308c\u3089\u306e\u30c4\u30fc\u30eb\u3092\u6700\u5927\u9650\u306b\u6d3b\u7528\u3067\u304d\u308b\u3088\u3046\u306b\u652f\u63f4\u3059\u308b\u3053\u3068\u3067\u3059\u3002<\/p>\n\n\n\n<p>\u30b3\u30f3\u30c6\u30f3\u30c4\u306b\u52a0\u3048\u3066\u3001\u30bd\u30fc\u30b7\u30e3\u30eb \u30cd\u30c3\u30c8\u30ef\u30fc\u30af\u3084\u30c7\u30a3\u30b9\u30ab\u30c3\u30b7\u30e7\u30f3 \u30d5\u30a9\u30fc\u30e9\u30e0\u3092\u901a\u3058\u3066\u4ed6\u306e\u30c6\u30af\u30ce\u30ed\u30b8\u30fc\u611b\u597d\u5bb6\u3068\u3064\u306a\u304c\u308b\u6a5f\u4f1a\u3082\u8aad\u8005\u306b\u63d0\u4f9b\u3057\u307e\u3059\u3002\u79c1\u305f\u3061\u306f\u8aad\u8005\u306e\u610f\u898b\u3092\u5c0a\u91cd\u3057\u3066\u304a\u308a\u3001\u30b5\u30fc\u30d3\u30b9\u3092\u6539\u5584\u3059\u308b\u305f\u3081\u306e\u63d0\u6848\u3084\u30d5\u30a3\u30fc\u30c9\u30d0\u30c3\u30af\u3092\u5e38\u306b\u53d7\u3051\u4ed8\u3051\u3066\u3044\u307e\u3059\u3002<\/p>\n\n\n\n<p>\u79c1\u305f\u3061\u3092\u30d5\u30a9\u30ed\u30fc\u3057\u3066\u3001\u30c6\u30af\u30ce\u30ed\u30b8\u30fc\u306e\u4e16\u754c\u306e\u6700\u65b0\u306e\u30c8\u30ec\u30f3\u30c9\u3084\u30cb\u30e5\u30fc\u30b9\u3092\u5165\u624b\u3057\u3066\u304f\u3060\u3055\u3044\u3002\u5f0a\u793e\u306e\u30a6\u30a7\u30d6\u30b5\u30a4\u30c8\u3092\u3054\u89a7\u3044\u305f\u3060\u304d\u3042\u308a\u304c\u3068\u3046\u3054\u3056\u3044\u307e\u3059\u3002\u307e\u305f\u304a\u4f1a\u3044\u3067\u304d\u308b\u306e\u3092\u697d\u3057\u307f\u306b\u3057\u3066\u3044\u307e\u3059\u3002<\/p>","protected":false},"excerpt":{"rendered":"<p>Noticia Tecnologia\u306f\u3001\u30a2\u30d7\u30ea\u3001\u91d1\u878d\u3001\u305d\u306e\u4ed6\u30c7\u30b8\u30bf\u30eb\u4e16\u754c\u306b\u95a2\u9023\u3059\u308b\u30c8\u30d4\u30c3\u30af\u306b\u95a2\u3059\u308b\u60c5\u5831\u3068\u30d2\u30f3\u30c8\u3092\u63d0\u4f9b\u3059\u308b\u3053\u3068\u3092\u76ee\u7684\u3068\u3057\u3066\u30012024\u5e74\u306b\u8a2d\u7acb\u3055\u308c\u305f\u30c6\u30af\u30ce\u30ed\u30b8\u30fc\u30a6\u30a7\u30d6\u30b5\u30a4\u30c8\u3067\u3059\u3002\u79c1\u305f\u3061\u306f\u3001\u30c6\u30af\u30ce\u30ed\u30b8\u30fc\u304c\u751f\u6d3b\u3084\u30d3\u30b8\u30cd\u30b9\u3092\u5909\u9769\u3059\u308b\u5f37\u529b\u306a\u30c4\u30fc\u30eb\u3067\u3042\u308b\u3068\u4fe1\u3058\u3066\u304a\u308a\u3001\u8aad\u8005\u306e\u7686\u69d8\u304c\u6700\u65b0\u60c5\u5831\u3092\u5165\u624b\u3057\u3001\u6700\u5927\u9650\u306b\u6d3b\u7528\u3067\u304d\u308b\u3088\u3046\u304a\u624b\u4f1d\u3044\u3057\u305f\u3044\u3068\u8003\u3048\u3066\u3044\u307e\u3059\u3002 <a title=\"\u79c1\u305f\u3061\u306f\u8ab0\u306a\u306e\u304b\" class=\"read-more\" href=\"https:\/\/noticiatecnologia.com\/jp\/%e7%a7%81%e3%81%9f%e3%81%a1%e3%81%af%e8%aa%b0%e3%81%a7%e3%81%99%e3%81%8b\/\" aria-label=\"\u79c1\u305f\u3061\u306b\u3064\u3044\u3066\u3055\u3089\u306b\u8aad\u3080\">\u7d9a\u304d\u3092\u8aad\u3080<\/a><\/p>","protected":false},"author":1,"featured_media":0,"parent":0,"menu_order":0,"comment_status":"closed","ping_status":"closed","template":"","meta":{"footnotes":""},"class_list":["post-46979","page","type-page","status-publish"],"yoast_head":"<!-- This site is optimized with the Yoast SEO plugin v25.7 - https:\/\/yoast.com\/wordpress\/plugins\/seo\/ -->\n<title>Quem somos - Noticia Tecnologia<\/title>\n<meta name=\"robots\" content=\"index, follow, max-snippet:-1, max-image-preview:large, max-video-preview:-1\" \/>\n<link rel=\"canonical\" href=\"https:\/\/noticiatecnologia.com\/jp\/\u79c1\u305f\u3061\u306f\u8ab0\u3067\u3059\u304b\/\" \/>\n<meta property=\"og:locale\" content=\"ja_JP\" \/>\n<meta property=\"og:type\" content=\"article\" \/>\n<meta property=\"og:title\" content=\"Quem somos - Noticia Tecnologia\" \/>\n<meta property=\"og:description\" content=\"O Noticia Tecnologia \u00e9 um site de tecnologia criado em 2024 com o objetivo de fornecer informa\u00e7\u00f5es e dicas sobre aplicativos, finan\u00e7as e outros assuntos relacionados ao mundo digital. N\u00f3s acreditamos que a tecnologia \u00e9 uma ferramenta poderosa para transformar vidas e empresas, e queremos ajudar nossos leitores a se manterem atualizados e aproveitar ao ... Leia mais\" \/>\n<meta property=\"og:url\" content=\"https:\/\/noticiatecnologia.com\/jp\/\u79c1\u305f\u3061\u306f\u8ab0\u3067\u3059\u304b\/\" \/>\n<meta property=\"og:site_name\" content=\"Noticia Tecnologia\" \/>\n<meta property=\"article:modified_time\" content=\"2024-06-28T16:01:45+00:00\" \/>\n<meta name=\"twitter:card\" content=\"summary_large_image\" \/>\n<meta name=\"twitter:label1\" content=\"\u63a8\u5b9a\u8aad\u307f\u53d6\u308a\u6642\u9593\" \/>\n\t<meta name=\"twitter:data1\" content=\"1\u5206\" \/>\n<script type=\"application\/ld+json\" class=\"yoast-schema-graph\">{\"@context\":\"https:\/\/schema.org\",\"@graph\":[{\"@type\":\"WebPage\",\"@id\":\"https:\/\/noticiatecnologia.com\/quem-somos\/\",\"url\":\"https:\/\/noticiatecnologia.com\/quem-somos\/\",\"name\":\"Quem somos - Noticia Tecnologia\",\"isPartOf\":{\"@id\":\"https:\/\/noticiatecnologia.com\/#website\"},\"datePublished\":\"2024-06-28T16:01:36+00:00\",\"dateModified\":\"2024-06-28T16:01:45+00:00\",\"breadcrumb\":{\"@id\":\"https:\/\/noticiatecnologia.com\/quem-somos\/#breadcrumb\"},\"inLanguage\":\"ja\",\"potentialAction\":[{\"@type\":\"ReadAction\",\"target\":[\"https:\/\/noticiatecnologia.com\/quem-somos\/\"]}]},{\"@type\":\"BreadcrumbList\",\"@id\":\"https:\/\/noticiatecnologia.com\/quem-somos\/#breadcrumb\",\"itemListElement\":[{\"@type\":\"ListItem\",\"position\":1,\"name\":\"In\u00edcio\",\"item\":\"https:\/\/noticiatecnologia.com\/\"},{\"@type\":\"ListItem\",\"position\":2,\"name\":\"Quem somos\"}]},{\"@type\":\"WebSite\",\"@id\":\"https:\/\/noticiatecnologia.com\/#website\",\"url\":\"https:\/\/noticiatecnologia.com\/\",\"name\":\"Noticia Tecnologia\",\"description\":\"Desvendando a tecnologia!\",\"publisher\":{\"@id\":\"https:\/\/noticiatecnologia.com\/#organization\"},\"potentialAction\":[{\"@type\":\"SearchAction\",\"target\":{\"@type\":\"EntryPoint\",\"urlTemplate\":\"https:\/\/noticiatecnologia.com\/?s={search_term_string}\"},\"query-input\":{\"@type\":\"PropertyValueSpecification\",\"valueRequired\":true,\"valueName\":\"search_term_string\"}}],\"inLanguage\":\"ja\"},{\"@type\":\"Organization\",\"@id\":\"https:\/\/noticiatecnologia.com\/#organization\",\"name\":\"Spotads\",\"url\":\"https:\/\/noticiatecnologia.com\/\",\"logo\":{\"@type\":\"ImageObject\",\"inLanguage\":\"ja\",\"@id\":\"https:\/\/noticiatecnologia.com\/#\/schema\/logo\/image\/\",\"url\":\"https:\/\/noticiatecnologia.com\/wp-content\/uploads\/2024\/06\/NOTICIA-LOGO-1.png\",\"contentUrl\":\"https:\/\/noticiatecnologia.com\/wp-content\/uploads\/2024\/06\/NOTICIA-LOGO-1.png\",\"width\":250,\"height\":60,\"caption\":\"Spotads\"},\"image\":{\"@id\":\"https:\/\/noticiatecnologia.com\/#\/schema\/logo\/image\/\"}}]}<\/script>\n<!-- \/ Yoast SEO plugin. -->","yoast_head_json":{"title":"\u79c1\u305f\u3061\u3068\u306f - Noticia Tecnologia","robots":{"index":"index","follow":"follow","max-snippet":"max-snippet:-1","max-image-preview":"max-image-preview:large","max-video-preview":"max-video-preview:-1"},"canonical":"https:\/\/noticiatecnologia.com\/jp\/\u79c1\u305f\u3061\u306f\u8ab0\u3067\u3059\u304b\/","og_locale":"ja_JP","og_type":"article","og_title":"Quem somos - Noticia Tecnologia","og_description":"O Noticia Tecnologia \u00e9 um site de tecnologia criado em 2024 com o objetivo de fornecer informa\u00e7\u00f5es e dicas sobre aplicativos, finan\u00e7as e outros assuntos relacionados ao mundo digital. N\u00f3s acreditamos que a tecnologia \u00e9 uma ferramenta poderosa para transformar vidas e empresas, e queremos ajudar nossos leitores a se manterem atualizados e aproveitar ao ... Leia mais","og_url":"https:\/\/noticiatecnologia.com\/jp\/\u79c1\u305f\u3061\u306f\u8ab0\u3067\u3059\u304b\/","og_site_name":"Noticia Tecnologia","article_modified_time":"2024-06-28T16:01:45+00:00","twitter_card":"summary_large_image","twitter_misc":{"\u63a8\u5b9a\u8aad\u307f\u53d6\u308a\u6642\u9593":"1\u5206"},"schema":{"@context":"https:\/\/schema.org","@graph":[{"@type":"WebPage","@id":"https:\/\/noticiatecnologia.com\/quem-somos\/","url":"https:\/\/noticiatecnologia.com\/quem-somos\/","name":"\u79c1\u305f\u3061\u3068\u306f - Noticia Tecnologia","isPartOf":{"@id":"https:\/\/noticiatecnologia.com\/#website"},"datePublished":"2024-06-28T16:01:36+00:00","dateModified":"2024-06-28T16:01:45+00:00","breadcrumb":{"@id":"https:\/\/noticiatecnologia.com\/quem-somos\/#breadcrumb"},"inLanguage":"ja","potentialAction":[{"@type":"ReadAction","target":["https:\/\/noticiatecnologia.com\/quem-somos\/"]}]},{"@type":"BreadcrumbList","@id":"https:\/\/noticiatecnologia.com\/quem-somos\/#breadcrumb","itemListElement":[{"@type":"ListItem","position":1,"name":"In\u00edcio","item":"https:\/\/noticiatecnologia.com\/"},{"@type":"ListItem","position":2,"name":"Quem somos"}]},{"@type":"WebSite","@id":"https:\/\/noticiatecnologia.com\/#website","url":"https:\/\/noticiatecnologia.com\/","name":"\u30c6\u30af\u30ce\u30ed\u30b8\u30fc\u30cb\u30e5\u30fc\u30b9","description":"\u30c6\u30af\u30ce\u30ed\u30b8\u30fc\u3092\u767a\u6398\uff01","publisher":{"@id":"https:\/\/noticiatecnologia.com\/#organization"},"potentialAction":[{"@type":"SearchAction","target":{"@type":"EntryPoint","urlTemplate":"https:\/\/noticiatecnologia.com\/?s={search_term_string}"},"query-input":{"@type":"PropertyValueSpecification","valueRequired":true,"valueName":"search_term_string"}}],"inLanguage":"ja"},{"@type":"Organization","@id":"https:\/\/noticiatecnologia.com\/#organization","name":"\u30b9\u30dd\u30c3\u30c8\u30c9","url":"https:\/\/noticiatecnologia.com\/","logo":{"@type":"ImageObject","inLanguage":"ja","@id":"https:\/\/noticiatecnologia.com\/#\/schema\/logo\/image\/","url":"https:\/\/noticiatecnologia.com\/wp-content\/uploads\/2024\/06\/NOTICIA-LOGO-1.png","contentUrl":"https:\/\/noticiatecnologia.com\/wp-content\/uploads\/2024\/06\/NOTICIA-LOGO-1.png","width":250,"height":60,"caption":"Spotads"},"image":{"@id":"https:\/\/noticiatecnologia.com\/#\/schema\/logo\/image\/"}}]}},"_links":{"self":[{"href":"https:\/\/noticiatecnologia.com\/jp\/wp-json\/wp\/v2\/pages\/46979","targetHints":{"allow":["GET"]}}],"collection":[{"href":"https:\/\/noticiatecnologia.com\/jp\/wp-json\/wp\/v2\/pages"}],"about":[{"href":"https:\/\/noticiatecnologia.com\/jp\/wp-json\/wp\/v2\/types\/page"}],"author":[{"embeddable":true,"href":"https:\/\/noticiatecnologia.com\/jp\/wp-json\/wp\/v2\/users\/1"}],"replies":[{"embeddable":true,"href":"https:\/\/noticiatecnologia.com\/jp\/wp-json\/wp\/v2\/comments?post=46979"}],"version-history":[{"count":0,"href":"https:\/\/noticiatecnologia.com\/jp\/wp-json\/wp\/v2\/pages\/46979\/revisions"}],"wp:attachment":[{"href":"https:\/\/noticiatecnologia.com\/jp\/wp-json\/wp\/v2\/media?parent=46979"}],"curies":[{"name":"wp","href":"https:\/\/api.w.org\/{rel}","templated":true}]}}