{"id":46975,"date":"2024-06-28T15:59:34","date_gmt":"2024-06-28T15:59:34","guid":{"rendered":"https:\/\/noticiatecnologia.com\/?page_id=46975"},"modified":"2024-06-28T15:59:34","modified_gmt":"2024-06-28T15:59:34","slug":"gebruiksvoorwaarden","status":"publish","type":"page","link":"https:\/\/noticiatecnologia.com\/nl\/gebruiksvoorwaarden\/","title":{"rendered":"Gebruiksvoorwaarden"},"content":{"rendered":"<h2 class=\"wp-block-heading\">Noticias Tecnologia Gebruiksvoorwaarden<\/h2>\n\n\n\n<p>Door de Noticias Tecnologia-website te bezoeken, gaat u ermee akkoord gebonden te zijn aan deze servicevoorwaarden en alle toepasselijke wet- en regelgeving, en gaat u ermee akkoord dat u verantwoordelijk bent voor de naleving van alle toepasselijke lokale wetten. Als u niet akkoord gaat met een van deze voorwaarden, mag u deze site niet gebruiken of openen. De materialen op deze site zijn beschermd door toepasselijke auteursrecht- en handelsmerkwetten.<\/p>\n\n\n\n<h2 class=\"wp-block-heading\">Licentiegebruik<\/h2>\n\n\n\n<p>Er wordt toestemming verleend om tijdelijk \u00e9\u00e9n exemplaar van het materiaal (informatie of software) op de website van Noticias Tecnologia te downloaden, uitsluitend voor persoonlijk, niet-commercieel, tijdelijk bekijken. Dit is het verlenen van een licentie, geen eigendomsoverdracht, en onder deze licentie mag u niet:<\/p>\n\n\n\n<ul class=\"wp-block-list\">\n<li>de materialen wijzigen of kopi\u00ebren;<\/li>\n\n\n\n<li>de materialen gebruiken voor commerci\u00eble doeleinden of voor openbare vertoning (commercieel of niet-commercieel);<\/li>\n\n\n\n<li>proberen software op de Noticias Tecnologia-website te decompileren of reverse-engineeren;<\/li>\n\n\n\n<li>eventuele auteursrecht- of andere eigendomsaantekeningen uit de materialen verwijderen; of<\/li>\n\n\n\n<li>het materiaal overdragen aan een andere persoon of het materiaal &#039;spiegelen&#039; op een andere server. Deze licentie wordt automatisch be\u00ebindigd als u een van deze beperkingen schendt en kan op elk moment door Noticias Tecnologia worden be\u00ebindigd. Bij het be\u00ebindigen van het bekijken van dit materiaal of bij het be\u00ebindigen van deze licentie, moet u alle gedownloade materialen in uw bezit verwijderen, ongeacht of deze in elektronische of gedrukte vorm zijn.<\/li>\n<\/ul>\n\n\n\n<h2 class=\"wp-block-heading\">Vrijwaring<\/h2>\n\n\n\n<p>De materialen op de website van Noticias Tecnologia worden geleverd op een &#039;as is&#039;-basis. Noticias Tecnologia geeft geen garanties, expliciet of impliciet, en ontkent en ontkent hierbij alle andere garanties, inclusief maar niet beperkt tot impliciete garanties of voorwaarden van verkoopbaarheid, geschiktheid voor een bepaald doel, of niet-schending van intellectueel eigendom of andere schending van rechten.<\/p>\n\n\n\n<p>Verder geeft Noticias Tecnologia geen garanties of verklaringen met betrekking tot de nauwkeurigheid, waarschijnlijke resultaten of betrouwbaarheid van het gebruik van de materialen op haar website of anderszins gerelateerd aan dergelijke materialen of op sites die aan deze site zijn gekoppeld.<\/p>\n\n\n\n<h2 class=\"wp-block-heading\">Beperkingen<\/h2>\n\n\n\n<p>In geen geval zal Noticias Tecnologia of haar leveranciers aansprakelijk zijn voor enige schade (inclusief, maar niet beperkt tot, schade voor verlies van gegevens of winst, of als gevolg van bedrijfsonderbreking) die voortvloeit uit het gebruik of het onvermogen om de materialen op de website van Noticias Tecnologia te gebruiken. zelfs als Noticias Tecnologia of een bevoegde vertegenwoordiger van Noticias Tecnologia mondeling of schriftelijk op de hoogte is gesteld van de mogelijkheid van dergelijke schade. Omdat in sommige rechtsgebieden geen beperkingen op impliciete garanties of aansprakelijkheidsbeperkingen voor gevolgschade of incidentele schade zijn toegestaan, zijn deze beperkingen mogelijk niet op u van toepassing.<\/p>\n\n\n\n<h2 class=\"wp-block-heading\">Precisie van materialen<\/h2>\n\n\n\n<p>De materialen die op de website van Noticias Tecnologia verschijnen, kunnen technische, typografische of fotografische fouten bevatten. Noticias Tecnologia garandeert niet dat de materialen op haar website accuraat, volledig of actueel zijn. Noticias Tecnologia kan op elk moment zonder voorafgaande kennisgeving wijzigingen aanbrengen in de materialen op haar website. Noticias Tecnologia doet echter geen enkele belofte om de materialen bij te werken.<\/p>\n\n\n\n<h2 class=\"wp-block-heading\">Koppelingen<\/h2>\n\n\n\n<p>Noticias Tecnologia heeft niet alle sites beoordeeld die aan haar website zijn gekoppeld en is niet verantwoordelijk voor de inhoud van enige gekoppelde site. Het opnemen van een link impliceert geen goedkeuring door Noticias Tecnologia van de site. Het gebruik van een gelinkte site is op eigen risico van de gebruiker.<\/p>\n\n\n\n<h2 class=\"wp-block-heading\">Wijzigingen<\/h2>\n\n\n\n<p>Noticias Tecnologia kan deze servicevoorwaarden voor haar website op elk moment zonder voorafgaande kennisgeving herzien. Door deze website te gebruiken, gaat u ermee akkoord gebonden te zijn aan de huidige versie van deze servicevoorwaarden.<\/p>\n\n\n\n<p>Toepasselijk recht Deze algemene voorwaarden worden beheerst door en ge\u00efnterpreteerd in overeenstemming met de wetten van Noticias Tecnologia en u onderwerpt zich onherroepelijk aan de exclusieve jurisdictie van de rechtbanken in die staat of locatie.<\/p>\n\n\n\n<h2 class=\"wp-block-heading\" id=\"lei-aplicavel\">Toepasselijk recht<\/h2>\n\n\n\n<p>Deze algemene voorwaarden worden beheerst door en ge\u00efnterpreteerd in overeenstemming met de wetten van Noticias Tecnologia en u onderwerpt zich onherroepelijk aan de exclusieve jurisdictie van de rechtbanken in die staat of locatie.<\/p>","protected":false},"excerpt":{"rendered":"<p>Door de website van Noticias Tecnologia te bezoeken, gaat u ermee akkoord deze servicevoorwaarden en alle toepasselijke wet- en regelgeving na te leven en gaat u ermee akkoord dat u verantwoordelijk bent voor de naleving van alle toepasselijke lokale wetgeving. Indien u niet akkoord gaat met een van deze voorwaarden, is het u verboden deze website te gebruiken of te bezoeken. De \u2026 <a title=\"Gebruiksvoorwaarden\" class=\"read-more\" href=\"https:\/\/noticiatecnologia.com\/nl\/gebruiksvoorwaarden\/\" aria-label=\"Lees meer over Gebruiksvoorwaarden\">Lees verder<\/a><\/p>","protected":false},"author":1,"featured_media":0,"parent":0,"menu_order":0,"comment_status":"closed","ping_status":"closed","template":"","meta":{"footnotes":""},"class_list":["post-46975","page","type-page","status-publish"],"yoast_head":"<!-- This site is optimized with the Yoast SEO plugin v25.7 - https:\/\/yoast.com\/wordpress\/plugins\/seo\/ -->\n<title>Termos de Uso - Noticia Tecnologia<\/title>\n<meta name=\"robots\" content=\"index, follow, max-snippet:-1, max-image-preview:large, max-video-preview:-1\" \/>\n<link rel=\"canonical\" href=\"https:\/\/noticiatecnologia.com\/nl\/gebruiksvoorwaarden\/\" \/>\n<meta property=\"og:locale\" content=\"nl_NL\" \/>\n<meta property=\"og:type\" content=\"article\" \/>\n<meta property=\"og:title\" content=\"Termos de Uso - Noticia Tecnologia\" \/>\n<meta property=\"og:description\" content=\"Termos de Uso do Noticias Tecnologia Ao acessar ao site Noticias Tecnologia, concorda em cumprir estes termos de servi\u00e7o, todas as leis e regulamentos aplic\u00e1veis e concorda que \u00e9 respons\u00e1vel pelo cumprimento de todas as leis locais aplic\u00e1veis. Se voc\u00ea n\u00e3o concordar com algum desses termos, est\u00e1 proibido de usar ou acessar este site. Os ... Leia mais\" \/>\n<meta property=\"og:url\" content=\"https:\/\/noticiatecnologia.com\/nl\/gebruiksvoorwaarden\/\" \/>\n<meta property=\"og:site_name\" content=\"Noticia Tecnologia\" \/>\n<meta name=\"twitter:card\" content=\"summary_large_image\" \/>\n<meta name=\"twitter:label1\" content=\"Verwachte leestijd\" \/>\n\t<meta name=\"twitter:data1\" content=\"4 minuten\" \/>\n<script type=\"application\/ld+json\" class=\"yoast-schema-graph\">{\"@context\":\"https:\/\/schema.org\",\"@graph\":[{\"@type\":\"WebPage\",\"@id\":\"https:\/\/noticiatecnologia.com\/termos-de-uso\/\",\"url\":\"https:\/\/noticiatecnologia.com\/termos-de-uso\/\",\"name\":\"Termos de Uso - Noticia Tecnologia\",\"isPartOf\":{\"@id\":\"https:\/\/noticiatecnologia.com\/#website\"},\"datePublished\":\"2024-06-28T15:59:34+00:00\",\"breadcrumb\":{\"@id\":\"https:\/\/noticiatecnologia.com\/termos-de-uso\/#breadcrumb\"},\"inLanguage\":\"nl-NL\",\"potentialAction\":[{\"@type\":\"ReadAction\",\"target\":[\"https:\/\/noticiatecnologia.com\/termos-de-uso\/\"]}]},{\"@type\":\"BreadcrumbList\",\"@id\":\"https:\/\/noticiatecnologia.com\/termos-de-uso\/#breadcrumb\",\"itemListElement\":[{\"@type\":\"ListItem\",\"position\":1,\"name\":\"In\u00edcio\",\"item\":\"https:\/\/noticiatecnologia.com\/\"},{\"@type\":\"ListItem\",\"position\":2,\"name\":\"Termos de Uso\"}]},{\"@type\":\"WebSite\",\"@id\":\"https:\/\/noticiatecnologia.com\/#website\",\"url\":\"https:\/\/noticiatecnologia.com\/\",\"name\":\"Noticia Tecnologia\",\"description\":\"Desvendando a tecnologia!\",\"publisher\":{\"@id\":\"https:\/\/noticiatecnologia.com\/#organization\"},\"potentialAction\":[{\"@type\":\"SearchAction\",\"target\":{\"@type\":\"EntryPoint\",\"urlTemplate\":\"https:\/\/noticiatecnologia.com\/?s={search_term_string}\"},\"query-input\":{\"@type\":\"PropertyValueSpecification\",\"valueRequired\":true,\"valueName\":\"search_term_string\"}}],\"inLanguage\":\"nl-NL\"},{\"@type\":\"Organization\",\"@id\":\"https:\/\/noticiatecnologia.com\/#organization\",\"name\":\"Spotads\",\"url\":\"https:\/\/noticiatecnologia.com\/\",\"logo\":{\"@type\":\"ImageObject\",\"inLanguage\":\"nl-NL\",\"@id\":\"https:\/\/noticiatecnologia.com\/#\/schema\/logo\/image\/\",\"url\":\"https:\/\/noticiatecnologia.com\/wp-content\/uploads\/2024\/06\/NOTICIA-LOGO-1.png\",\"contentUrl\":\"https:\/\/noticiatecnologia.com\/wp-content\/uploads\/2024\/06\/NOTICIA-LOGO-1.png\",\"width\":250,\"height\":60,\"caption\":\"Spotads\"},\"image\":{\"@id\":\"https:\/\/noticiatecnologia.com\/#\/schema\/logo\/image\/\"}}]}<\/script>\n<!-- \/ Yoast SEO plugin. -->","yoast_head_json":{"title":"Gebruiksvoorwaarden - Noticia Tecnologia","robots":{"index":"index","follow":"follow","max-snippet":"max-snippet:-1","max-image-preview":"max-image-preview:large","max-video-preview":"max-video-preview:-1"},"canonical":"https:\/\/noticiatecnologia.com\/nl\/gebruiksvoorwaarden\/","og_locale":"nl_NL","og_type":"article","og_title":"Termos de Uso - Noticia Tecnologia","og_description":"Termos de Uso do Noticias Tecnologia Ao acessar ao site Noticias Tecnologia, concorda em cumprir estes termos de servi\u00e7o, todas as leis e regulamentos aplic\u00e1veis e concorda que \u00e9 respons\u00e1vel pelo cumprimento de todas as leis locais aplic\u00e1veis. Se voc\u00ea n\u00e3o concordar com algum desses termos, est\u00e1 proibido de usar ou acessar este site. Os ... Leia mais","og_url":"https:\/\/noticiatecnologia.com\/nl\/gebruiksvoorwaarden\/","og_site_name":"Noticia Tecnologia","twitter_card":"summary_large_image","twitter_misc":{"Verwachte leestijd":"4 minuten"},"schema":{"@context":"https:\/\/schema.org","@graph":[{"@type":"WebPage","@id":"https:\/\/noticiatecnologia.com\/termos-de-uso\/","url":"https:\/\/noticiatecnologia.com\/termos-de-uso\/","name":"Gebruiksvoorwaarden - Noticia Tecnologia","isPartOf":{"@id":"https:\/\/noticiatecnologia.com\/#website"},"datePublished":"2024-06-28T15:59:34+00:00","breadcrumb":{"@id":"https:\/\/noticiatecnologia.com\/termos-de-uso\/#breadcrumb"},"inLanguage":"nl-NL","potentialAction":[{"@type":"ReadAction","target":["https:\/\/noticiatecnologia.com\/termos-de-uso\/"]}]},{"@type":"BreadcrumbList","@id":"https:\/\/noticiatecnologia.com\/termos-de-uso\/#breadcrumb","itemListElement":[{"@type":"ListItem","position":1,"name":"In\u00edcio","item":"https:\/\/noticiatecnologia.com\/"},{"@type":"ListItem","position":2,"name":"Termos de Uso"}]},{"@type":"WebSite","@id":"https:\/\/noticiatecnologia.com\/#website","url":"https:\/\/noticiatecnologia.com\/","name":"Technologie nieuws","description":"Technologie ontdekken!","publisher":{"@id":"https:\/\/noticiatecnologia.com\/#organization"},"potentialAction":[{"@type":"SearchAction","target":{"@type":"EntryPoint","urlTemplate":"https:\/\/noticiatecnologia.com\/?s={search_term_string}"},"query-input":{"@type":"PropertyValueSpecification","valueRequired":true,"valueName":"search_term_string"}}],"inLanguage":"nl-NL"},{"@type":"Organization","@id":"https:\/\/noticiatecnologia.com\/#organization","name":"Spotads","url":"https:\/\/noticiatecnologia.com\/","logo":{"@type":"ImageObject","inLanguage":"nl-NL","@id":"https:\/\/noticiatecnologia.com\/#\/schema\/logo\/image\/","url":"https:\/\/noticiatecnologia.com\/wp-content\/uploads\/2024\/06\/NOTICIA-LOGO-1.png","contentUrl":"https:\/\/noticiatecnologia.com\/wp-content\/uploads\/2024\/06\/NOTICIA-LOGO-1.png","width":250,"height":60,"caption":"Spotads"},"image":{"@id":"https:\/\/noticiatecnologia.com\/#\/schema\/logo\/image\/"}}]}},"_links":{"self":[{"href":"https:\/\/noticiatecnologia.com\/nl\/wp-json\/wp\/v2\/pages\/46975","targetHints":{"allow":["GET"]}}],"collection":[{"href":"https:\/\/noticiatecnologia.com\/nl\/wp-json\/wp\/v2\/pages"}],"about":[{"href":"https:\/\/noticiatecnologia.com\/nl\/wp-json\/wp\/v2\/types\/page"}],"author":[{"embeddable":true,"href":"https:\/\/noticiatecnologia.com\/nl\/wp-json\/wp\/v2\/users\/1"}],"replies":[{"embeddable":true,"href":"https:\/\/noticiatecnologia.com\/nl\/wp-json\/wp\/v2\/comments?post=46975"}],"version-history":[{"count":0,"href":"https:\/\/noticiatecnologia.com\/nl\/wp-json\/wp\/v2\/pages\/46975\/revisions"}],"wp:attachment":[{"href":"https:\/\/noticiatecnologia.com\/nl\/wp-json\/wp\/v2\/media?parent=46975"}],"curies":[{"name":"wp","href":"https:\/\/api.w.org\/{rel}","templated":true}]}}