{"id":46975,"date":"2024-06-28T15:59:34","date_gmt":"2024-06-28T15:59:34","guid":{"rendered":"https:\/\/noticiatecnologia.com\/?page_id=46975"},"modified":"2024-06-28T15:59:34","modified_gmt":"2024-06-28T15:59:34","slug":"termeni-de-utilizare","status":"publish","type":"page","link":"https:\/\/noticiatecnologia.com\/ro\/termeni-de-utilizare\/","title":{"rendered":"Termeni de utilizare"},"content":{"rendered":"<h2 class=\"wp-block-heading\">Noticias Tecnologia Termeni de utilizare<\/h2>\n\n\n\n<p>Acces\u00e2nd site-ul web Noticias Tecnologia, sunte\u021bi de acord s\u0103 respecta\u021bi ace\u0219ti termeni \u0219i condi\u021bii, toate legile \u0219i reglement\u0103rile aplicabile \u0219i sunte\u021bi de acord c\u0103 sunte\u021bi responsabil pentru respectarea oric\u0103ror legi locale aplicabile. Dac\u0103 nu sunte\u021bi de acord cu niciunul dintre ace\u0219ti termeni, vi se interzice utilizarea sau accesarea acestui site. Materialele con\u021binute \u00een acest site sunt protejate de legile aplicabile privind drepturile de autor \u0219i m\u0103rcile comerciale.<\/p>\n\n\n\n<h2 class=\"wp-block-heading\">Utilizarea licen\u021bei<\/h2>\n\n\n\n<p>Se acord\u0103 permisiunea de a desc\u0103rca temporar o copie a materialelor (informa\u021bii sau software) de pe site-ul web al Noticias Tecnologia numai pentru vizionare personal\u0103, necomercial\u0103, tranzitorie. Aceasta este acordarea unei licen\u021be, nu un transfer de titlu, iar \u00een baza acestei licen\u021be nu pute\u021bi:<\/p>\n\n\n\n<ul class=\"wp-block-list\">\n<li>modifica sau copia materialele;<\/li>\n\n\n\n<li>utiliza\u021bi materialele \u00een orice scop comercial sau pentru afi\u0219are public\u0103 (comerciale sau necomerciale);<\/li>\n\n\n\n<li>\u00eencercarea de a decompila sau a face inginerie invers\u0103 a oric\u0103rui software con\u021binut pe site-ul web Noticias Tecnologia;<\/li>\n\n\n\n<li>elimina orice drepturi de autor sau alte nota\u021bii de proprietate din materiale; sau<\/li>\n\n\n\n<li>transfera\u021bi materialele unei alte persoane sau \u201eoglindi\u021bi\u201d materialele pe orice alt server. Aceast\u0103 licen\u021b\u0103 se va rezilia automat dac\u0103 \u00eenc\u0103lca\u021bi oricare dintre aceste restric\u021bii \u0219i poate fi reziliat\u0103 de Noticias Tecnologia \u00een orice moment. La \u00eencetarea vizualiz\u0103rii acestor materiale sau la \u00eencetarea acestei licen\u021be, trebuie s\u0103 \u0219terge\u021bi orice materiale desc\u0103rcate \u00een posesia dumneavoastr\u0103, fie \u00een format electronic sau tip\u0103rit.<\/li>\n<\/ul>\n\n\n\n<h2 class=\"wp-block-heading\">Disclaimer<\/h2>\n\n\n\n<p>Materialele de pe site-ul web al Noticias Tecnologia sunt furnizate \u201eca atare\u201d. Noticias Tecnologia nu ofer\u0103 garan\u021bii, exprese sau implicite \u0219i, prin prezenta, declin\u0103 \u0219i nega toate celelalte garan\u021bii, inclusiv, f\u0103r\u0103 limitare, garan\u021bii sau condi\u021bii implicite de vandabilitate, potrivire pentru un anumit scop sau ne\u00eenc\u0103lcare a propriet\u0103\u021bii intelectuale sau alte \u00eenc\u0103lc\u0103ri ale drepturilor.<\/p>\n\n\n\n<p>\u00cen plus, Noticias Tecnologia nu garanteaz\u0103 \u0219i nu face nicio declara\u021bie cu privire la acurate\u021bea, rezultatele probabile sau fiabilitatea utiliz\u0103rii materialelor de pe site-ul s\u0103u web sau \u00een leg\u0103tur\u0103 cu astfel de materiale sau pe orice site-uri legate de acest site.<\/p>\n\n\n\n<h2 class=\"wp-block-heading\">Limit\u0103ri<\/h2>\n\n\n\n<p>\u00cen niciun caz Noticias Tecnologia sau furnizorii s\u0103i nu vor fi r\u0103spunz\u0103tori pentru orice daune (inclusiv, f\u0103r\u0103 limitare, daune pentru pierderea de date sau profit, sau ca urmare a \u00eentreruperii activit\u0103\u021bii) care decurg din utilizarea sau incapacitatea de a utiliza materialele de pe site-ul web al Noticias Tecnologia, chiar dac\u0103 Noticias Tecnologia sau un reprezentant autorizat al Noticias Tecnologia a fost informat verbal sau \u00een scris despre posibilitatea unor astfel de daune. Deoarece unele jurisdic\u021bii nu permit limit\u0103ri ale garan\u021biilor implicite sau limit\u0103ri ale r\u0103spunderii pentru daune consecutive sau accidentale, este posibil ca aceste limit\u0103ri s\u0103 nu se aplice \u00een cazul dumneavoastr\u0103.<\/p>\n\n\n\n<h2 class=\"wp-block-heading\">Precizia materialelor<\/h2>\n\n\n\n<p>Materialele care apar pe site-ul web al Noticias Tecnologia pot include erori tehnice, tipografice sau fotografice. Noticias Tecnologia nu garanteaz\u0103 c\u0103 materialele de pe site-ul s\u0103u sunt exacte, complete sau actuale. Noticias Tecnologia poate face modific\u0103ri materialelor con\u021binute pe site-ul s\u0103u \u00een orice moment, f\u0103r\u0103 notificare. Cu toate acestea, Noticias Tecnologia nu se angajeaz\u0103 s\u0103 actualizeze materialele.<\/p>\n\n\n\n<h2 class=\"wp-block-heading\">Leg\u0103turi<\/h2>\n\n\n\n<p>Noticias Tecnologia nu a examinat toate site-urile legate de site-ul s\u0103u \u0219i nu este responsabil pentru con\u021binutul niciunui site legat. Includerea oric\u0103rui link nu implic\u0103 aprobarea site-ului de c\u0103tre Noticias Tecnologia. Utilizarea oric\u0103rui site conectat este pe riscul propriu al utilizatorului.<\/p>\n\n\n\n<h2 class=\"wp-block-heading\">Modific\u0103ri<\/h2>\n\n\n\n<p>Noticias Tecnologia poate revizui ace\u0219ti termeni \u0219i condi\u021bii pentru site-ul s\u0103u web \u00een orice moment, f\u0103r\u0103 notificare. Prin utilizarea acestui site web, sunte\u021bi de acord s\u0103 respecta\u021bi versiunea actual\u0103 a acestor termeni \u0219i condi\u021bii.<\/p>\n\n\n\n<p>Legea aplicabil\u0103 Ace\u0219ti termeni \u0219i condi\u021bii sunt guverna\u021bi \u0219i interpreta\u021bi \u00een conformitate cu legile Noticias Tecnologia \u0219i v\u0103 supune\u021bi irevocabil jurisdic\u021biei exclusive a instan\u021belor din acel stat sau loca\u021bie.<\/p>\n\n\n\n<h2 class=\"wp-block-heading\" id=\"lei-aplicavel\">Lege aplicabil\u0103<\/h2>\n\n\n\n<p>Ace\u0219ti termeni \u0219i condi\u021bii sunt guverna\u021bi \u0219i interpreta\u021bi \u00een conformitate cu legile Noticias Tecnologia \u0219i v\u0103 supune\u021bi \u00een mod irevocabil jurisdic\u021biei exclusive a instan\u021belor din acel stat sau loca\u021bie.<\/p>","protected":false},"excerpt":{"rendered":"<p>Prin accesarea site-ului web Noticias Tecnologia, sunte\u021bi de acord s\u0103 respecta\u021bi ace\u0219ti termeni \u0219i condi\u021bii de utilizare, toate legile \u0219i reglement\u0103rile aplicabile \u0219i sunte\u021bi de acord c\u0103 sunte\u021bi responsabil pentru respectarea tuturor legilor locale aplicabile. Dac\u0103 nu sunte\u021bi de acord cu oricare dintre ace\u0219ti termeni, vi se interzice utilizarea sau accesarea acestui site. ... <a title=\"Termeni de utilizare\" class=\"read-more\" href=\"https:\/\/noticiatecnologia.com\/ro\/termeni-de-utilizare\/\" aria-label=\"V\u0103 rug\u0103m s\u0103 cita\u021bi mai multe f\u0103r\u0103 Termenii de Utilizare\">cite\u015fte mai mult<\/a><\/p>","protected":false},"author":1,"featured_media":0,"parent":0,"menu_order":0,"comment_status":"closed","ping_status":"closed","template":"","meta":{"footnotes":""},"class_list":["post-46975","page","type-page","status-publish"],"yoast_head":"<!-- This site is optimized with the Yoast SEO plugin v25.7 - https:\/\/yoast.com\/wordpress\/plugins\/seo\/ -->\n<title>Termos de Uso - Noticia Tecnologia<\/title>\n<meta name=\"robots\" content=\"index, follow, max-snippet:-1, max-image-preview:large, max-video-preview:-1\" \/>\n<link rel=\"canonical\" href=\"https:\/\/noticiatecnologia.com\/ro\/termeni-de-utilizare\/\" \/>\n<meta property=\"og:locale\" content=\"ro_RO\" \/>\n<meta property=\"og:type\" content=\"article\" \/>\n<meta property=\"og:title\" content=\"Termos de Uso - Noticia Tecnologia\" \/>\n<meta property=\"og:description\" content=\"Termos de Uso do Noticias Tecnologia Ao acessar ao site Noticias Tecnologia, concorda em cumprir estes termos de servi\u00e7o, todas as leis e regulamentos aplic\u00e1veis e concorda que \u00e9 respons\u00e1vel pelo cumprimento de todas as leis locais aplic\u00e1veis. Se voc\u00ea n\u00e3o concordar com algum desses termos, est\u00e1 proibido de usar ou acessar este site. Os ... Leia mais\" \/>\n<meta property=\"og:url\" content=\"https:\/\/noticiatecnologia.com\/ro\/termeni-de-utilizare\/\" \/>\n<meta property=\"og:site_name\" content=\"Noticia Tecnologia\" \/>\n<meta name=\"twitter:card\" content=\"summary_large_image\" \/>\n<meta name=\"twitter:label1\" content=\"Timp estimat pentru citire\" \/>\n\t<meta name=\"twitter:data1\" content=\"4 minute\" \/>\n<script type=\"application\/ld+json\" class=\"yoast-schema-graph\">{\"@context\":\"https:\/\/schema.org\",\"@graph\":[{\"@type\":\"WebPage\",\"@id\":\"https:\/\/noticiatecnologia.com\/termos-de-uso\/\",\"url\":\"https:\/\/noticiatecnologia.com\/termos-de-uso\/\",\"name\":\"Termos de Uso - Noticia Tecnologia\",\"isPartOf\":{\"@id\":\"https:\/\/noticiatecnologia.com\/#website\"},\"datePublished\":\"2024-06-28T15:59:34+00:00\",\"breadcrumb\":{\"@id\":\"https:\/\/noticiatecnologia.com\/termos-de-uso\/#breadcrumb\"},\"inLanguage\":\"ro-RO\",\"potentialAction\":[{\"@type\":\"ReadAction\",\"target\":[\"https:\/\/noticiatecnologia.com\/termos-de-uso\/\"]}]},{\"@type\":\"BreadcrumbList\",\"@id\":\"https:\/\/noticiatecnologia.com\/termos-de-uso\/#breadcrumb\",\"itemListElement\":[{\"@type\":\"ListItem\",\"position\":1,\"name\":\"In\u00edcio\",\"item\":\"https:\/\/noticiatecnologia.com\/\"},{\"@type\":\"ListItem\",\"position\":2,\"name\":\"Termos de Uso\"}]},{\"@type\":\"WebSite\",\"@id\":\"https:\/\/noticiatecnologia.com\/#website\",\"url\":\"https:\/\/noticiatecnologia.com\/\",\"name\":\"Noticia Tecnologia\",\"description\":\"Desvendando a tecnologia!\",\"publisher\":{\"@id\":\"https:\/\/noticiatecnologia.com\/#organization\"},\"potentialAction\":[{\"@type\":\"SearchAction\",\"target\":{\"@type\":\"EntryPoint\",\"urlTemplate\":\"https:\/\/noticiatecnologia.com\/?s={search_term_string}\"},\"query-input\":{\"@type\":\"PropertyValueSpecification\",\"valueRequired\":true,\"valueName\":\"search_term_string\"}}],\"inLanguage\":\"ro-RO\"},{\"@type\":\"Organization\",\"@id\":\"https:\/\/noticiatecnologia.com\/#organization\",\"name\":\"Spotads\",\"url\":\"https:\/\/noticiatecnologia.com\/\",\"logo\":{\"@type\":\"ImageObject\",\"inLanguage\":\"ro-RO\",\"@id\":\"https:\/\/noticiatecnologia.com\/#\/schema\/logo\/image\/\",\"url\":\"https:\/\/noticiatecnologia.com\/wp-content\/uploads\/2024\/06\/NOTICIA-LOGO-1.png\",\"contentUrl\":\"https:\/\/noticiatecnologia.com\/wp-content\/uploads\/2024\/06\/NOTICIA-LOGO-1.png\",\"width\":250,\"height\":60,\"caption\":\"Spotads\"},\"image\":{\"@id\":\"https:\/\/noticiatecnologia.com\/#\/schema\/logo\/image\/\"}}]}<\/script>\n<!-- \/ Yoast SEO plugin. -->","yoast_head_json":{"title":"Termeni de utilizare - Noticia Tecnologia","robots":{"index":"index","follow":"follow","max-snippet":"max-snippet:-1","max-image-preview":"max-image-preview:large","max-video-preview":"max-video-preview:-1"},"canonical":"https:\/\/noticiatecnologia.com\/ro\/termeni-de-utilizare\/","og_locale":"ro_RO","og_type":"article","og_title":"Termos de Uso - Noticia Tecnologia","og_description":"Termos de Uso do Noticias Tecnologia Ao acessar ao site Noticias Tecnologia, concorda em cumprir estes termos de servi\u00e7o, todas as leis e regulamentos aplic\u00e1veis e concorda que \u00e9 respons\u00e1vel pelo cumprimento de todas as leis locais aplic\u00e1veis. Se voc\u00ea n\u00e3o concordar com algum desses termos, est\u00e1 proibido de usar ou acessar este site. Os ... Leia mais","og_url":"https:\/\/noticiatecnologia.com\/ro\/termeni-de-utilizare\/","og_site_name":"Noticia Tecnologia","twitter_card":"summary_large_image","twitter_misc":{"Timp estimat pentru citire":"4 minute"},"schema":{"@context":"https:\/\/schema.org","@graph":[{"@type":"WebPage","@id":"https:\/\/noticiatecnologia.com\/termos-de-uso\/","url":"https:\/\/noticiatecnologia.com\/termos-de-uso\/","name":"Termeni de utilizare - Noticia Tecnologia","isPartOf":{"@id":"https:\/\/noticiatecnologia.com\/#website"},"datePublished":"2024-06-28T15:59:34+00:00","breadcrumb":{"@id":"https:\/\/noticiatecnologia.com\/termos-de-uso\/#breadcrumb"},"inLanguage":"ro-RO","potentialAction":[{"@type":"ReadAction","target":["https:\/\/noticiatecnologia.com\/termos-de-uso\/"]}]},{"@type":"BreadcrumbList","@id":"https:\/\/noticiatecnologia.com\/termos-de-uso\/#breadcrumb","itemListElement":[{"@type":"ListItem","position":1,"name":"In\u00edcio","item":"https:\/\/noticiatecnologia.com\/"},{"@type":"ListItem","position":2,"name":"Termos de Uso"}]},{"@type":"WebSite","@id":"https:\/\/noticiatecnologia.com\/#website","url":"https:\/\/noticiatecnologia.com\/","name":"\u0218tiri Tehnologice","description":"Descoperirea tehnologiei!","publisher":{"@id":"https:\/\/noticiatecnologia.com\/#organization"},"potentialAction":[{"@type":"SearchAction","target":{"@type":"EntryPoint","urlTemplate":"https:\/\/noticiatecnologia.com\/?s={search_term_string}"},"query-input":{"@type":"PropertyValueSpecification","valueRequired":true,"valueName":"search_term_string"}}],"inLanguage":"ro-RO"},{"@type":"Organization","@id":"https:\/\/noticiatecnologia.com\/#organization","name":"Spotade","url":"https:\/\/noticiatecnologia.com\/","logo":{"@type":"ImageObject","inLanguage":"ro-RO","@id":"https:\/\/noticiatecnologia.com\/#\/schema\/logo\/image\/","url":"https:\/\/noticiatecnologia.com\/wp-content\/uploads\/2024\/06\/NOTICIA-LOGO-1.png","contentUrl":"https:\/\/noticiatecnologia.com\/wp-content\/uploads\/2024\/06\/NOTICIA-LOGO-1.png","width":250,"height":60,"caption":"Spotads"},"image":{"@id":"https:\/\/noticiatecnologia.com\/#\/schema\/logo\/image\/"}}]}},"_links":{"self":[{"href":"https:\/\/noticiatecnologia.com\/ro\/wp-json\/wp\/v2\/pages\/46975","targetHints":{"allow":["GET"]}}],"collection":[{"href":"https:\/\/noticiatecnologia.com\/ro\/wp-json\/wp\/v2\/pages"}],"about":[{"href":"https:\/\/noticiatecnologia.com\/ro\/wp-json\/wp\/v2\/types\/page"}],"author":[{"embeddable":true,"href":"https:\/\/noticiatecnologia.com\/ro\/wp-json\/wp\/v2\/users\/1"}],"replies":[{"embeddable":true,"href":"https:\/\/noticiatecnologia.com\/ro\/wp-json\/wp\/v2\/comments?post=46975"}],"version-history":[{"count":0,"href":"https:\/\/noticiatecnologia.com\/ro\/wp-json\/wp\/v2\/pages\/46975\/revisions"}],"wp:attachment":[{"href":"https:\/\/noticiatecnologia.com\/ro\/wp-json\/wp\/v2\/media?parent=46975"}],"curies":[{"name":"wp","href":"https:\/\/api.w.org\/{rel}","templated":true}]}}