{"id":46979,"date":"2024-06-28T16:01:36","date_gmt":"2024-06-28T16:01:36","guid":{"rendered":"https:\/\/noticiatecnologia.com\/?page_id=46979"},"modified":"2024-06-28T16:01:45","modified_gmt":"2024-06-28T16:01:45","slug":"cine-suntem-noi","status":"publish","type":"page","link":"https:\/\/noticiatecnologia.com\/ro\/cine-suntem-noi\/","title":{"rendered":"Cine suntem noi"},"content":{"rendered":"<p>Noticia Tecnologia este un site web de tehnologie creat \u00een 2024 cu scopul de a oferi informa\u021bii \u0219i sfaturi despre aplica\u021bii, finan\u021be \u0219i alte subiecte legate de lumea digital\u0103. Credem c\u0103 tehnologia este un instrument puternic pentru transformarea vie\u021bilor \u0219i a afacerilor \u0219i dorim s\u0103 ne ajut\u0103m cititorii s\u0103 r\u0103m\u00e2n\u0103 la curent \u0219i s\u0103 profite la maximum de aceste instrumente.<\/p>\n\n\n\n<p>Aici, la Noticia Tecnologia, ve\u021bi g\u0103si articole \u0219i tutoriale scrise de exper\u021bi \u00een tehnologie, precum \u0219i analize \u0219i recenzii ale produselor \u0219i serviciilor. De asemenea, oferim sfaturi \u0219i trucuri pentru a v\u0103 ajuta s\u0103 profita\u021bi la maximum de dispozitivele \u0219i aplica\u021biile dvs. mobile.<\/p>\n\n\n\n<p>Noticia Tecnologia este o marc\u0103 \u00eenregistrat\u0103 a companiei&nbsp;<a href=\"http:\/\/spotads.me\/\">spotads.me<\/a>&nbsp;\u0219i este \u00eentre\u021binut de o echip\u0103 de profesioni\u0219ti pasiona\u021bi de tehnologie.\u201d<\/p>\n\n\n\n<p>Echipa noastr\u0103 este format\u0103 din exper\u021bi \u00een tehnologie, jurnali\u0219ti \u0219i scriitori, to\u021bi angaja\u021bi s\u0103 ofere cititorilor no\u0219tri con\u021binut precis \u0219i de \u00eenalt\u0103 calitate. Credem c\u0103 tehnologia este un instrument puternic pentru transformarea vie\u021bilor \u0219i a afacerilor, iar scopul nostru este s\u0103 ne ajut\u0103m cititorii s\u0103 r\u0103m\u00e2n\u0103 la curent \u0219i s\u0103 profite la maximum de aceste instrumente.<\/p>\n\n\n\n<p>Pe l\u00e2ng\u0103 con\u021binut, oferim \u0219i cititorilor no\u0219tri oportunitatea de a intra \u00een leg\u0103tur\u0103 cu al\u021bi pasiona\u021bi de tehnologie prin re\u021belele noastre sociale \u0219i forumurile de discu\u021bii. Apreciem opinia cititorilor no\u0219tri \u0219i suntem \u00eentotdeauna deschi\u0219i la sugestii \u0219i feedback pentru a ne \u00eembun\u0103t\u0103\u021bi serviciile.<\/p>\n\n\n\n<p>Urm\u0103re\u0219te-ne \u0219i fii la curent cu cele mai recente tendin\u021be \u0219i \u0219tiri din lumea tehnologiei. V\u0103 mul\u021bumim c\u0103 a\u021bi vizitat site-ul nostru \u0219i sper\u0103m s\u0103 ne revedem cur\u00e2nd!<\/p>","protected":false},"excerpt":{"rendered":"<p>Noticia Tecnologia este un site web dedicat tehnologiei creat \u00een 2024 cu scopul de a oferi informa\u021bii \u0219i sfaturi despre aplica\u021bii, finan\u021be \u0219i alte subiecte legate de lumea digital\u0103. Credem c\u0103 tehnologia este un instrument puternic pentru transformarea vie\u021bilor \u0219i a afacerilor \u0219i dorim s\u0103-i ajut\u0103m pe cititorii no\u0219tri s\u0103 r\u0103m\u00e2n\u0103 la curent \u0219i s\u0103 profite la maximum de ea. <a title=\"Cine suntem noi\" class=\"read-more\" href=\"https:\/\/noticiatecnologia.com\/ro\/cine-suntem-noi\/\" aria-label=\"Citeaz\u0103 mai des Cine suntem\">cite\u015fte mai mult<\/a><\/p>","protected":false},"author":1,"featured_media":0,"parent":0,"menu_order":0,"comment_status":"closed","ping_status":"closed","template":"","meta":{"footnotes":""},"class_list":["post-46979","page","type-page","status-publish"],"yoast_head":"<!-- This site is optimized with the Yoast SEO plugin v25.7 - https:\/\/yoast.com\/wordpress\/plugins\/seo\/ -->\n<title>Quem somos - Noticia Tecnologia<\/title>\n<meta name=\"robots\" content=\"index, follow, max-snippet:-1, max-image-preview:large, max-video-preview:-1\" \/>\n<link rel=\"canonical\" href=\"https:\/\/noticiatecnologia.com\/ro\/cine-suntem-noi\/\" \/>\n<meta property=\"og:locale\" content=\"ro_RO\" \/>\n<meta property=\"og:type\" content=\"article\" \/>\n<meta property=\"og:title\" content=\"Quem somos - Noticia Tecnologia\" \/>\n<meta property=\"og:description\" content=\"O Noticia Tecnologia \u00e9 um site de tecnologia criado em 2024 com o objetivo de fornecer informa\u00e7\u00f5es e dicas sobre aplicativos, finan\u00e7as e outros assuntos relacionados ao mundo digital. N\u00f3s acreditamos que a tecnologia \u00e9 uma ferramenta poderosa para transformar vidas e empresas, e queremos ajudar nossos leitores a se manterem atualizados e aproveitar ao ... Leia mais\" \/>\n<meta property=\"og:url\" content=\"https:\/\/noticiatecnologia.com\/ro\/cine-suntem-noi\/\" \/>\n<meta property=\"og:site_name\" content=\"Noticia Tecnologia\" \/>\n<meta property=\"article:modified_time\" content=\"2024-06-28T16:01:45+00:00\" \/>\n<meta name=\"twitter:card\" content=\"summary_large_image\" \/>\n<meta name=\"twitter:label1\" content=\"Timp estimat pentru citire\" \/>\n\t<meta name=\"twitter:data1\" content=\"1 minut\" \/>\n<script type=\"application\/ld+json\" class=\"yoast-schema-graph\">{\"@context\":\"https:\/\/schema.org\",\"@graph\":[{\"@type\":\"WebPage\",\"@id\":\"https:\/\/noticiatecnologia.com\/quem-somos\/\",\"url\":\"https:\/\/noticiatecnologia.com\/quem-somos\/\",\"name\":\"Quem somos - Noticia Tecnologia\",\"isPartOf\":{\"@id\":\"https:\/\/noticiatecnologia.com\/#website\"},\"datePublished\":\"2024-06-28T16:01:36+00:00\",\"dateModified\":\"2024-06-28T16:01:45+00:00\",\"breadcrumb\":{\"@id\":\"https:\/\/noticiatecnologia.com\/quem-somos\/#breadcrumb\"},\"inLanguage\":\"ro-RO\",\"potentialAction\":[{\"@type\":\"ReadAction\",\"target\":[\"https:\/\/noticiatecnologia.com\/quem-somos\/\"]}]},{\"@type\":\"BreadcrumbList\",\"@id\":\"https:\/\/noticiatecnologia.com\/quem-somos\/#breadcrumb\",\"itemListElement\":[{\"@type\":\"ListItem\",\"position\":1,\"name\":\"In\u00edcio\",\"item\":\"https:\/\/noticiatecnologia.com\/\"},{\"@type\":\"ListItem\",\"position\":2,\"name\":\"Quem somos\"}]},{\"@type\":\"WebSite\",\"@id\":\"https:\/\/noticiatecnologia.com\/#website\",\"url\":\"https:\/\/noticiatecnologia.com\/\",\"name\":\"Noticia Tecnologia\",\"description\":\"Desvendando a tecnologia!\",\"publisher\":{\"@id\":\"https:\/\/noticiatecnologia.com\/#organization\"},\"potentialAction\":[{\"@type\":\"SearchAction\",\"target\":{\"@type\":\"EntryPoint\",\"urlTemplate\":\"https:\/\/noticiatecnologia.com\/?s={search_term_string}\"},\"query-input\":{\"@type\":\"PropertyValueSpecification\",\"valueRequired\":true,\"valueName\":\"search_term_string\"}}],\"inLanguage\":\"ro-RO\"},{\"@type\":\"Organization\",\"@id\":\"https:\/\/noticiatecnologia.com\/#organization\",\"name\":\"Spotads\",\"url\":\"https:\/\/noticiatecnologia.com\/\",\"logo\":{\"@type\":\"ImageObject\",\"inLanguage\":\"ro-RO\",\"@id\":\"https:\/\/noticiatecnologia.com\/#\/schema\/logo\/image\/\",\"url\":\"https:\/\/noticiatecnologia.com\/wp-content\/uploads\/2024\/06\/NOTICIA-LOGO-1.png\",\"contentUrl\":\"https:\/\/noticiatecnologia.com\/wp-content\/uploads\/2024\/06\/NOTICIA-LOGO-1.png\",\"width\":250,\"height\":60,\"caption\":\"Spotads\"},\"image\":{\"@id\":\"https:\/\/noticiatecnologia.com\/#\/schema\/logo\/image\/\"}}]}<\/script>\n<!-- \/ Yoast SEO plugin. -->","yoast_head_json":{"title":"Cine suntem - Noticia Tecnologia","robots":{"index":"index","follow":"follow","max-snippet":"max-snippet:-1","max-image-preview":"max-image-preview:large","max-video-preview":"max-video-preview:-1"},"canonical":"https:\/\/noticiatecnologia.com\/ro\/cine-suntem-noi\/","og_locale":"ro_RO","og_type":"article","og_title":"Quem somos - Noticia Tecnologia","og_description":"O Noticia Tecnologia \u00e9 um site de tecnologia criado em 2024 com o objetivo de fornecer informa\u00e7\u00f5es e dicas sobre aplicativos, finan\u00e7as e outros assuntos relacionados ao mundo digital. N\u00f3s acreditamos que a tecnologia \u00e9 uma ferramenta poderosa para transformar vidas e empresas, e queremos ajudar nossos leitores a se manterem atualizados e aproveitar ao ... Leia mais","og_url":"https:\/\/noticiatecnologia.com\/ro\/cine-suntem-noi\/","og_site_name":"Noticia Tecnologia","article_modified_time":"2024-06-28T16:01:45+00:00","twitter_card":"summary_large_image","twitter_misc":{"Timp estimat pentru citire":"1 minut"},"schema":{"@context":"https:\/\/schema.org","@graph":[{"@type":"WebPage","@id":"https:\/\/noticiatecnologia.com\/quem-somos\/","url":"https:\/\/noticiatecnologia.com\/quem-somos\/","name":"Cine suntem - Noticia Tecnologia","isPartOf":{"@id":"https:\/\/noticiatecnologia.com\/#website"},"datePublished":"2024-06-28T16:01:36+00:00","dateModified":"2024-06-28T16:01:45+00:00","breadcrumb":{"@id":"https:\/\/noticiatecnologia.com\/quem-somos\/#breadcrumb"},"inLanguage":"ro-RO","potentialAction":[{"@type":"ReadAction","target":["https:\/\/noticiatecnologia.com\/quem-somos\/"]}]},{"@type":"BreadcrumbList","@id":"https:\/\/noticiatecnologia.com\/quem-somos\/#breadcrumb","itemListElement":[{"@type":"ListItem","position":1,"name":"In\u00edcio","item":"https:\/\/noticiatecnologia.com\/"},{"@type":"ListItem","position":2,"name":"Quem somos"}]},{"@type":"WebSite","@id":"https:\/\/noticiatecnologia.com\/#website","url":"https:\/\/noticiatecnologia.com\/","name":"\u0218tiri Tehnologice","description":"Descoperirea tehnologiei!","publisher":{"@id":"https:\/\/noticiatecnologia.com\/#organization"},"potentialAction":[{"@type":"SearchAction","target":{"@type":"EntryPoint","urlTemplate":"https:\/\/noticiatecnologia.com\/?s={search_term_string}"},"query-input":{"@type":"PropertyValueSpecification","valueRequired":true,"valueName":"search_term_string"}}],"inLanguage":"ro-RO"},{"@type":"Organization","@id":"https:\/\/noticiatecnologia.com\/#organization","name":"Spotade","url":"https:\/\/noticiatecnologia.com\/","logo":{"@type":"ImageObject","inLanguage":"ro-RO","@id":"https:\/\/noticiatecnologia.com\/#\/schema\/logo\/image\/","url":"https:\/\/noticiatecnologia.com\/wp-content\/uploads\/2024\/06\/NOTICIA-LOGO-1.png","contentUrl":"https:\/\/noticiatecnologia.com\/wp-content\/uploads\/2024\/06\/NOTICIA-LOGO-1.png","width":250,"height":60,"caption":"Spotads"},"image":{"@id":"https:\/\/noticiatecnologia.com\/#\/schema\/logo\/image\/"}}]}},"_links":{"self":[{"href":"https:\/\/noticiatecnologia.com\/ro\/wp-json\/wp\/v2\/pages\/46979","targetHints":{"allow":["GET"]}}],"collection":[{"href":"https:\/\/noticiatecnologia.com\/ro\/wp-json\/wp\/v2\/pages"}],"about":[{"href":"https:\/\/noticiatecnologia.com\/ro\/wp-json\/wp\/v2\/types\/page"}],"author":[{"embeddable":true,"href":"https:\/\/noticiatecnologia.com\/ro\/wp-json\/wp\/v2\/users\/1"}],"replies":[{"embeddable":true,"href":"https:\/\/noticiatecnologia.com\/ro\/wp-json\/wp\/v2\/comments?post=46979"}],"version-history":[{"count":0,"href":"https:\/\/noticiatecnologia.com\/ro\/wp-json\/wp\/v2\/pages\/46979\/revisions"}],"wp:attachment":[{"href":"https:\/\/noticiatecnologia.com\/ro\/wp-json\/wp\/v2\/media?parent=46979"}],"curies":[{"name":"wp","href":"https:\/\/api.w.org\/{rel}","templated":true}]}}