{"id":46975,"date":"2024-06-28T15:59:34","date_gmt":"2024-06-28T15:59:34","guid":{"rendered":"https:\/\/noticiatecnologia.com\/?page_id=46975"},"modified":"2024-06-28T15:59:34","modified_gmt":"2024-06-28T15:59:34","slug":"pogoji-uporabe","status":"publish","type":"page","link":"https:\/\/noticiatecnologia.com\/sl\/pogoji-uporabe\/","title":{"rendered":"Pogoji uporabe"},"content":{"rendered":"<h2 class=\"wp-block-heading\">Pogoji uporabe Noticias Tecnologia<\/h2>\n\n\n\n<p>Z dostopom do spletnega mesta Noticias Tecnologia se strinjate, da vas zavezujejo ti pogoji storitve, vsi veljavni zakoni in predpisi ter se strinjate, da ste odgovorni za skladnost z vsemi veljavnimi lokalnimi zakoni. \u010ce se ne strinjate s katerim od teh pogojev, vam je prepovedana uporaba ali dostop do tega mesta. Gradivo na tem spletnem mestu je za\u0161\u010diteno z veljavno zakonodajo o avtorskih pravicah in blagovnih znamkah.<\/p>\n\n\n\n<h2 class=\"wp-block-heading\">Uporaba licence<\/h2>\n\n\n\n<p>Dovoljeno je za\u010dasno prenesti eno kopijo gradiva (informacij ali programske opreme) na spletno stran Noticias Tecnologia samo za osebni, nekomercialni prehodni ogled. To je podelitev licence, ne prenos lastninske pravice, in v skladu s to licenco ne smete:<\/p>\n\n\n\n<ul class=\"wp-block-list\">\n<li>spreminjati ali kopirati materiale;<\/li>\n\n\n\n<li>uporabljati materiale za kakr\u0161ne koli komercialne namene ali za javno prikazovanje (komercialno ali nekomercialno);<\/li>\n\n\n\n<li>posku\u0161ati dekompilirati ali izvajati obratni in\u017eeniring katere koli programske opreme, ki je na spletnem mestu Noticias Tecnologia;<\/li>\n\n\n\n<li>odstraniti morebitne avtorske ali druge lastni\u0161ke oznake iz materialov; oz<\/li>\n\n\n\n<li>prenesti materiale na drugo osebo ali &#039;zrcaliti&#039; materiale na katerem koli drugem stre\u017eniku. Ta licenca samodejno preneha veljati, \u010de kr\u0161ite katero koli od teh omejitev in jo lahko Noticias Tecnologia kadar koli prekine. Po prekinitvi ogledovanja teh gradiv ali po prekinitvi te licence morate izbrisati vsa prenesena gradiva, ki jih imate v elektronski ali tiskani obliki.<\/li>\n<\/ul>\n\n\n\n<h2 class=\"wp-block-heading\">Zavrnitev odgovornosti<\/h2>\n\n\n\n<p>Gradivo na spletnem mestu Noticias Tecnologia je na voljo &quot;tak\u0161no, kot je&quot;. Noticias Tecnologia ne daje nobenih jamstev, izrecnih ali implicitnih, in s tem zavra\u010da in zanika vsa druga jamstva, vklju\u010dno, brez omejitev, implicitnih jamstev ali pogojev tr\u017enosti, primernosti za dolo\u010den namen ali nekr\u0161itve intelektualne lastnine ali druge kr\u0161itve pravic.<\/p>\n\n\n\n<p>Poleg tega Noticias Tecnologia ne jam\u010di ali daje nobenih izjav v zvezi s to\u010dnostjo, verjetnimi rezultati ali zanesljivostjo uporabe materialov na svojem spletnem mestu ali druga\u010de povezanih s tak\u0161nimi materiali ali na katerem koli mestu, povezanem s tem mestom.<\/p>\n\n\n\n<h2 class=\"wp-block-heading\">Omejitve<\/h2>\n\n\n\n<p>Noticias Tecnologia ali njeni dobavitelji v nobenem primeru niso odgovorni za kakr\u0161no koli \u0161kodo (vklju\u010dno, brez omejitev, \u0161kodo zaradi izgube podatkov ali dobi\u010dka ali zaradi prekinitve poslovanja), ki bi nastala zaradi uporabe ali nezmo\u017enosti uporabe materialov na spletni strani Noticias Tecnologia, tudi \u010de je bil Noticias Tecnologia ali poobla\u0161\u010deni zastopnik Noticias Tecnologia ustno ali pisno obve\u0161\u010den o mo\u017enosti tovrstne \u0161kode. Ker nekatere jurisdikcije ne dovoljujejo omejitev implicitnih jamstev ali omejitev odgovornosti za posledi\u010dno ali naklju\u010dno \u0161kodo, te omejitve morda ne veljajo za vas.<\/p>\n\n\n\n<h2 class=\"wp-block-heading\">Natan\u010dnost materialov<\/h2>\n\n\n\n<p>Gradivo, ki se pojavlja na spletnem mestu Noticias Tecnologia, lahko vklju\u010duje tehni\u010dne, tipografske ali fotografske napake. Noticias Tecnologia ne jam\u010di, da so kateri koli materiali na njenem spletnem mestu to\u010dni, popolni ali aktualni. Noticias Tecnologia lahko kadar koli brez predhodnega obvestila spremeni gradivo na svoji spletni strani. Vendar se Noticias Tecnologia ne zavezuje, da bo posodabljala materiale.<\/p>\n\n\n\n<h2 class=\"wp-block-heading\">Povezave<\/h2>\n\n\n\n<p>Noticias Tecnologia ni pregledala vseh spletnih mest, povezanih z njeno spletno stranjo, in ni odgovorna za vsebino katere koli povezane strani. Vklju\u010ditev katere koli povezave ne pomeni, da Noticias Tecnologia podpira spletno mesto. Uporaba katere koli povezane strani je na lastno odgovornost uporabnika.<\/p>\n\n\n\n<h2 class=\"wp-block-heading\">Spremembe<\/h2>\n\n\n\n<p>Noticias Tecnologia lahko te pogoje storitve za svoje spletno mesto kadar koli spremeni brez predhodnega obvestila. Z uporabo te spletne strani se strinjate, da vas zavezuje trenutna razli\u010dica teh pogojev storitve.<\/p>\n\n\n\n<p>Veljavna zakonodaja Ta dolo\u010dila in pogoji urejajo in razlagajo v skladu z zakoni Noticias Tecnologia, vi pa se nepreklicno podrejate izklju\u010dni pristojnosti sodi\u0161\u010d v tej dr\u017eavi ali na tej lokaciji.<\/p>\n\n\n\n<h2 class=\"wp-block-heading\" id=\"lei-aplicavel\">Veljavno pravo<\/h2>\n\n\n\n<p>Ta dolo\u010dila in pogoji so urejeni in razlo\u017eeni v skladu z zakoni Noticias Tecnologia in nepreklicno se podrejate izklju\u010dni pristojnosti sodi\u0161\u010d v tej dr\u017eavi ali na lokaciji.<\/p>","protected":false},"excerpt":{"rendered":"<p>Z dostopom do spletnega mesta Noticias Tecnologia se strinjate, da boste upo\u0161tevali te pogoje storitve, vse veljavne zakone in predpise ter da ste odgovorni za skladnost z vsemi veljavnimi lokalnimi zakoni. \u010ce se s katerim koli od teh pogojev ne strinjate, vam je uporaba ali dostop do tega spletnega mesta prepovedana. \u2026 <a title=\"Pogoji uporabe\" class=\"read-more\" href=\"https:\/\/noticiatecnologia.com\/sl\/pogoji-uporabe\/\" aria-label=\"Preberite ve\u010d o pogojih uporabe\">Preberi ve\u010d<\/a><\/p>","protected":false},"author":1,"featured_media":0,"parent":0,"menu_order":0,"comment_status":"closed","ping_status":"closed","template":"","meta":{"footnotes":""},"class_list":["post-46975","page","type-page","status-publish"],"yoast_head":"<!-- This site is optimized with the Yoast SEO plugin v25.7 - https:\/\/yoast.com\/wordpress\/plugins\/seo\/ -->\n<title>Termos de Uso - Noticia Tecnologia<\/title>\n<meta name=\"robots\" content=\"index, follow, max-snippet:-1, max-image-preview:large, max-video-preview:-1\" \/>\n<link rel=\"canonical\" href=\"https:\/\/noticiatecnologia.com\/sl\/pogoji-uporabe\/\" \/>\n<meta property=\"og:locale\" content=\"sl_SI\" \/>\n<meta property=\"og:type\" content=\"article\" \/>\n<meta property=\"og:title\" content=\"Termos de Uso - Noticia Tecnologia\" \/>\n<meta property=\"og:description\" content=\"Termos de Uso do Noticias Tecnologia Ao acessar ao site Noticias Tecnologia, concorda em cumprir estes termos de servi\u00e7o, todas as leis e regulamentos aplic\u00e1veis e concorda que \u00e9 respons\u00e1vel pelo cumprimento de todas as leis locais aplic\u00e1veis. Se voc\u00ea n\u00e3o concordar com algum desses termos, est\u00e1 proibido de usar ou acessar este site. Os ... Leia mais\" \/>\n<meta property=\"og:url\" content=\"https:\/\/noticiatecnologia.com\/sl\/pogoji-uporabe\/\" \/>\n<meta property=\"og:site_name\" content=\"Noticia Tecnologia\" \/>\n<meta name=\"twitter:card\" content=\"summary_large_image\" \/>\n<meta name=\"twitter:label1\" content=\"Est. reading time\" \/>\n\t<meta name=\"twitter:data1\" content=\"4 minute\" \/>\n<script type=\"application\/ld+json\" class=\"yoast-schema-graph\">{\"@context\":\"https:\/\/schema.org\",\"@graph\":[{\"@type\":\"WebPage\",\"@id\":\"https:\/\/noticiatecnologia.com\/termos-de-uso\/\",\"url\":\"https:\/\/noticiatecnologia.com\/termos-de-uso\/\",\"name\":\"Termos de Uso - Noticia Tecnologia\",\"isPartOf\":{\"@id\":\"https:\/\/noticiatecnologia.com\/#website\"},\"datePublished\":\"2024-06-28T15:59:34+00:00\",\"breadcrumb\":{\"@id\":\"https:\/\/noticiatecnologia.com\/termos-de-uso\/#breadcrumb\"},\"inLanguage\":\"sl-SI\",\"potentialAction\":[{\"@type\":\"ReadAction\",\"target\":[\"https:\/\/noticiatecnologia.com\/termos-de-uso\/\"]}]},{\"@type\":\"BreadcrumbList\",\"@id\":\"https:\/\/noticiatecnologia.com\/termos-de-uso\/#breadcrumb\",\"itemListElement\":[{\"@type\":\"ListItem\",\"position\":1,\"name\":\"In\u00edcio\",\"item\":\"https:\/\/noticiatecnologia.com\/\"},{\"@type\":\"ListItem\",\"position\":2,\"name\":\"Termos de Uso\"}]},{\"@type\":\"WebSite\",\"@id\":\"https:\/\/noticiatecnologia.com\/#website\",\"url\":\"https:\/\/noticiatecnologia.com\/\",\"name\":\"Noticia Tecnologia\",\"description\":\"Desvendando a tecnologia!\",\"publisher\":{\"@id\":\"https:\/\/noticiatecnologia.com\/#organization\"},\"potentialAction\":[{\"@type\":\"SearchAction\",\"target\":{\"@type\":\"EntryPoint\",\"urlTemplate\":\"https:\/\/noticiatecnologia.com\/?s={search_term_string}\"},\"query-input\":{\"@type\":\"PropertyValueSpecification\",\"valueRequired\":true,\"valueName\":\"search_term_string\"}}],\"inLanguage\":\"sl-SI\"},{\"@type\":\"Organization\",\"@id\":\"https:\/\/noticiatecnologia.com\/#organization\",\"name\":\"Spotads\",\"url\":\"https:\/\/noticiatecnologia.com\/\",\"logo\":{\"@type\":\"ImageObject\",\"inLanguage\":\"sl-SI\",\"@id\":\"https:\/\/noticiatecnologia.com\/#\/schema\/logo\/image\/\",\"url\":\"https:\/\/noticiatecnologia.com\/wp-content\/uploads\/2024\/06\/NOTICIA-LOGO-1.png\",\"contentUrl\":\"https:\/\/noticiatecnologia.com\/wp-content\/uploads\/2024\/06\/NOTICIA-LOGO-1.png\",\"width\":250,\"height\":60,\"caption\":\"Spotads\"},\"image\":{\"@id\":\"https:\/\/noticiatecnologia.com\/#\/schema\/logo\/image\/\"}}]}<\/script>\n<!-- \/ Yoast SEO plugin. -->","yoast_head_json":{"title":"Pogoji uporabe - Noticia Tecnologia","robots":{"index":"index","follow":"follow","max-snippet":"max-snippet:-1","max-image-preview":"max-image-preview:large","max-video-preview":"max-video-preview:-1"},"canonical":"https:\/\/noticiatecnologia.com\/sl\/pogoji-uporabe\/","og_locale":"sl_SI","og_type":"article","og_title":"Termos de Uso - Noticia Tecnologia","og_description":"Termos de Uso do Noticias Tecnologia Ao acessar ao site Noticias Tecnologia, concorda em cumprir estes termos de servi\u00e7o, todas as leis e regulamentos aplic\u00e1veis e concorda que \u00e9 respons\u00e1vel pelo cumprimento de todas as leis locais aplic\u00e1veis. Se voc\u00ea n\u00e3o concordar com algum desses termos, est\u00e1 proibido de usar ou acessar este site. Os ... Leia mais","og_url":"https:\/\/noticiatecnologia.com\/sl\/pogoji-uporabe\/","og_site_name":"Noticia Tecnologia","twitter_card":"summary_large_image","twitter_misc":{"Est. reading time":"4 minute"},"schema":{"@context":"https:\/\/schema.org","@graph":[{"@type":"WebPage","@id":"https:\/\/noticiatecnologia.com\/termos-de-uso\/","url":"https:\/\/noticiatecnologia.com\/termos-de-uso\/","name":"Pogoji uporabe - Noticia Tecnologia","isPartOf":{"@id":"https:\/\/noticiatecnologia.com\/#website"},"datePublished":"2024-06-28T15:59:34+00:00","breadcrumb":{"@id":"https:\/\/noticiatecnologia.com\/termos-de-uso\/#breadcrumb"},"inLanguage":"sl-SI","potentialAction":[{"@type":"ReadAction","target":["https:\/\/noticiatecnologia.com\/termos-de-uso\/"]}]},{"@type":"BreadcrumbList","@id":"https:\/\/noticiatecnologia.com\/termos-de-uso\/#breadcrumb","itemListElement":[{"@type":"ListItem","position":1,"name":"In\u00edcio","item":"https:\/\/noticiatecnologia.com\/"},{"@type":"ListItem","position":2,"name":"Termos de Uso"}]},{"@type":"WebSite","@id":"https:\/\/noticiatecnologia.com\/#website","url":"https:\/\/noticiatecnologia.com\/","name":"Tehnolo\u0161ke novice","description":"Odkrivanje tehnologije!","publisher":{"@id":"https:\/\/noticiatecnologia.com\/#organization"},"potentialAction":[{"@type":"SearchAction","target":{"@type":"EntryPoint","urlTemplate":"https:\/\/noticiatecnologia.com\/?s={search_term_string}"},"query-input":{"@type":"PropertyValueSpecification","valueRequired":true,"valueName":"search_term_string"}}],"inLanguage":"sl-SI"},{"@type":"Organization","@id":"https:\/\/noticiatecnologia.com\/#organization","name":"Pege","url":"https:\/\/noticiatecnologia.com\/","logo":{"@type":"ImageObject","inLanguage":"sl-SI","@id":"https:\/\/noticiatecnologia.com\/#\/schema\/logo\/image\/","url":"https:\/\/noticiatecnologia.com\/wp-content\/uploads\/2024\/06\/NOTICIA-LOGO-1.png","contentUrl":"https:\/\/noticiatecnologia.com\/wp-content\/uploads\/2024\/06\/NOTICIA-LOGO-1.png","width":250,"height":60,"caption":"Spotads"},"image":{"@id":"https:\/\/noticiatecnologia.com\/#\/schema\/logo\/image\/"}}]}},"_links":{"self":[{"href":"https:\/\/noticiatecnologia.com\/sl\/wp-json\/wp\/v2\/pages\/46975","targetHints":{"allow":["GET"]}}],"collection":[{"href":"https:\/\/noticiatecnologia.com\/sl\/wp-json\/wp\/v2\/pages"}],"about":[{"href":"https:\/\/noticiatecnologia.com\/sl\/wp-json\/wp\/v2\/types\/page"}],"author":[{"embeddable":true,"href":"https:\/\/noticiatecnologia.com\/sl\/wp-json\/wp\/v2\/users\/1"}],"replies":[{"embeddable":true,"href":"https:\/\/noticiatecnologia.com\/sl\/wp-json\/wp\/v2\/comments?post=46975"}],"version-history":[{"count":0,"href":"https:\/\/noticiatecnologia.com\/sl\/wp-json\/wp\/v2\/pages\/46975\/revisions"}],"wp:attachment":[{"href":"https:\/\/noticiatecnologia.com\/sl\/wp-json\/wp\/v2\/media?parent=46975"}],"curies":[{"name":"delovni list","href":"https:\/\/api.w.org\/{rel}","templated":true}]}}