{"id":46979,"date":"2024-06-28T16:01:36","date_gmt":"2024-06-28T16:01:36","guid":{"rendered":"https:\/\/noticiatecnologia.com\/?page_id=46979"},"modified":"2024-06-28T16:01:45","modified_gmt":"2024-06-28T16:01:45","slug":"%d0%ba%d0%be-%d1%81%d0%bc%d0%be-%d0%bc%d0%b8","status":"publish","type":"page","link":"https:\/\/noticiatecnologia.com\/sr\/%d0%ba%d0%be-%d1%81%d0%bc%d0%be-%d0%bc%d0%b8\/","title":{"rendered":"\u041a\u043e \u0441\u043c\u043e \u043c\u0438"},"content":{"rendered":"<p>\u041d\u043e\u0442\u0438\u0446\u0438\u0430 \u0422\u0435\u0446\u043d\u043e\u043b\u043e\u0433\u0438\u0430 \u0458\u0435 \u0442\u0435\u0445\u043d\u043e\u043b\u043e\u0448\u043a\u0430 \u0432\u0435\u0431 \u0441\u0442\u0440\u0430\u043d\u0438\u0446\u0430 \u043a\u0440\u0435\u0438\u0440\u0430\u043d\u0430 2024. \u0433\u043e\u0434\u0438\u043d\u0435 \u0441\u0430 \u0446\u0438\u0459\u0435\u043c \u043f\u0440\u0443\u0436\u0430\u045a\u0430 \u0438\u043d\u0444\u043e\u0440\u043c\u0430\u0446\u0438\u0458\u0430 \u0438 \u0441\u0430\u0432\u0435\u0442\u0430 \u043e \u0430\u043f\u043b\u0438\u043a\u0430\u0446\u0438\u0458\u0430\u043c\u0430, \u0444\u0438\u043d\u0430\u043d\u0441\u0438\u0458\u0430\u043c\u0430 \u0438 \u0434\u0440\u0443\u0433\u0438\u043c \u0442\u0435\u043c\u0430\u043c\u0430 \u0443 \u0432\u0435\u0437\u0438 \u0441\u0430 \u0434\u0438\u0433\u0438\u0442\u0430\u043b\u043d\u0438\u043c \u0441\u0432\u0435\u0442\u043e\u043c. \u0412\u0435\u0440\u0443\u0458\u0435\u043c\u043e \u0434\u0430 \u0458\u0435 \u0442\u0435\u0445\u043d\u043e\u043b\u043e\u0433\u0438\u0458\u0430 \u043c\u043e\u045b\u043d\u043e \u0441\u0440\u0435\u0434\u0441\u0442\u0432\u043e \u0437\u0430 \u0442\u0440\u0430\u043d\u0441\u0444\u043e\u0440\u043c\u0430\u0446\u0438\u0458\u0443 \u0436\u0438\u0432\u043e\u0442\u0430 \u0438 \u043f\u043e\u0441\u043b\u043e\u0432\u0430\u045a\u0430 \u0438 \u0436\u0435\u043b\u0438\u043c\u043e \u0434\u0430 \u043f\u043e\u043c\u043e\u0433\u043d\u0435\u043c\u043e \u043d\u0430\u0448\u0438\u043c \u0447\u0438\u0442\u0430\u043e\u0446\u0438\u043c\u0430 \u0434\u0430 \u0431\u0443\u0434\u0443 \u0443 \u0442\u043e\u043a\u0443 \u0438 \u0434\u0430 \u0438\u0441\u043a\u043e\u0440\u0438\u0441\u0442\u0435 \u043e\u0432\u0435 \u0430\u043b\u0430\u0442\u0435 \u043d\u0430 \u043d\u0430\u0458\u0431\u043e\u0459\u0438 \u043d\u0430\u0447\u0438\u043d.<\/p>\n\n\n\n<p>\u041e\u0432\u0434\u0435 \u043d\u0430 \u041d\u043e\u0442\u0438\u0446\u0438\u0430 \u0422\u0435\u0446\u043d\u043e\u043b\u043e\u0433\u0438\u0430 \u045b\u0435\u0442\u0435 \u043f\u0440\u043e\u043d\u0430\u045b\u0438 \u0447\u043b\u0430\u043d\u043a\u0435 \u0438 \u0442\u0443\u0442\u043e\u0440\u0438\u0458\u0430\u043b\u0435 \u043a\u043e\u0458\u0435 \u0441\u0443 \u043d\u0430\u043f\u0438\u0441\u0430\u043b\u0438 \u0442\u0435\u0445\u043d\u043e\u043b\u043e\u0448\u043a\u0438 \u0441\u0442\u0440\u0443\u0447\u045a\u0430\u0446\u0438, \u043a\u0430\u043e \u0438 \u0430\u043d\u0430\u043b\u0438\u0437\u0435 \u0438 \u0440\u0435\u0446\u0435\u043d\u0437\u0438\u0458\u0435 \u043f\u0440\u043e\u0438\u0437\u0432\u043e\u0434\u0430 \u0438 \u0443\u0441\u043b\u0443\u0433\u0430. \u041d\u0443\u0434\u0438\u043c\u043e \u0438 \u0441\u0430\u0432\u0435\u0442\u0435 \u0438 \u0442\u0440\u0438\u043a\u043e\u0432\u0435 \u043a\u043e\u0458\u0438 \u045b\u0435 \u0432\u0430\u043c \u043f\u043e\u043c\u043e\u045b\u0438 \u0434\u0430 \u043d\u0430 \u043d\u0430\u0458\u0431\u043e\u0459\u0438 \u043d\u0430\u0447\u0438\u043d \u0438\u0441\u043a\u043e\u0440\u0438\u0441\u0442\u0438\u0442\u0435 \u0441\u0432\u043e\u0458\u0435 \u043c\u043e\u0431\u0438\u043b\u043d\u0435 \u0443\u0440\u0435\u0452\u0430\u0458\u0435 \u0438 \u0430\u043f\u043b\u0438\u043a\u0430\u0446\u0438\u0458\u0435.<\/p>\n\n\n\n<p>\u041d\u043e\u0442\u0438\u0446\u0438\u0430 \u0422\u0435\u0446\u043d\u043e\u043b\u043e\u0433\u0438\u0430 \u0458\u0435 \u0440\u0435\u0433\u0438\u0441\u0442\u0440\u043e\u0432\u0430\u043d\u0438 \u0437\u0430\u0448\u0442\u0438\u0442\u043d\u0438 \u0437\u043d\u0430\u043a \u043a\u043e\u043c\u043f\u0430\u043d\u0438\u0458\u0435&nbsp;<a href=\"http:\/\/spotads.me\/\">\u0441\u043f\u043e\u0442\u0430\u0434\u0441.\u043c\u0435<\/a>&nbsp;\u0438 \u043e\u0434\u0440\u0436\u0430\u0432\u0430 \u0433\u0430 \u0442\u0438\u043c \u043f\u0440\u043e\u0444\u0435\u0441\u0438\u043e\u043d\u0430\u043b\u0430\u0446\u0430 \u043a\u043e\u0458\u0438 \u0441\u0443 \u0441\u0442\u0440\u0430\u0441\u0442\u0432\u0435\u043d\u0438 \u0443 \u0442\u0435\u0445\u043d\u043e\u043b\u043e\u0433\u0438\u0458\u0438.\u201d<\/p>\n\n\n\n<p>\u041d\u0430\u0448 \u0442\u0438\u043c \u0447\u0438\u043d\u0435 \u0441\u0442\u0440\u0443\u0447\u045a\u0430\u0446\u0438 \u0437\u0430 \u0442\u0435\u0445\u043d\u043e\u043b\u043e\u0433\u0438\u0458\u0443, \u043d\u043e\u0432\u0438\u043d\u0430\u0440\u0438 \u0438 \u043f\u0438\u0441\u0446\u0438, \u0441\u0432\u0438 \u043f\u043e\u0441\u0432\u0435\u045b\u0435\u043d\u0438 \u043f\u0440\u0443\u0436\u0430\u045a\u0443 \u043a\u0432\u0430\u043b\u0438\u0442\u0435\u0442\u043d\u043e\u0433 \u0438 \u0442\u0430\u0447\u043d\u043e\u0433 \u0441\u0430\u0434\u0440\u0436\u0430\u0458\u0430 \u043d\u0430\u0448\u0438\u043c \u0447\u0438\u0442\u0430\u043e\u0446\u0438\u043c\u0430. \u0412\u0435\u0440\u0443\u0458\u0435\u043c\u043e \u0434\u0430 \u0458\u0435 \u0442\u0435\u0445\u043d\u043e\u043b\u043e\u0433\u0438\u0458\u0430 \u043c\u043e\u045b\u0430\u043d \u0430\u043b\u0430\u0442 \u0437\u0430 \u0442\u0440\u0430\u043d\u0441\u0444\u043e\u0440\u043c\u0430\u0446\u0438\u0458\u0443 \u0436\u0438\u0432\u043e\u0442\u0430 \u0438 \u043f\u043e\u0441\u043b\u043e\u0432\u0430\u045a\u0430 \u0438 \u043d\u0430\u0448 \u0446\u0438\u0459 \u0458\u0435 \u0434\u0430 \u043f\u043e\u043c\u043e\u0433\u043d\u0435\u043c\u043e \u043d\u0430\u0448\u0438\u043c \u0447\u0438\u0442\u0430\u043e\u0446\u0438\u043c\u0430 \u0434\u0430 \u0431\u0443\u0434\u0443 \u0443 \u0442\u043e\u043a\u0443 \u0438 \u0434\u0430 \u0438\u0441\u043a\u043e\u0440\u0438\u0441\u0442\u0435 \u043e\u0432\u0435 \u0430\u043b\u0430\u0442\u0435 \u043d\u0430 \u043d\u0430\u0458\u0431\u043e\u0459\u0438 \u043d\u0430\u0447\u0438\u043d.<\/p>\n\n\n\n<p>\u041f\u043e\u0440\u0435\u0434 \u0441\u0430\u0434\u0440\u0436\u0430\u0458\u0430, \u043d\u0430\u0448\u0438\u043c \u0447\u0438\u0442\u0430\u043e\u0446\u0438\u043c\u0430 \u043d\u0443\u0434\u0438\u043c\u043e \u0438 \u043c\u043e\u0433\u0443\u045b\u043d\u043e\u0441\u0442 \u0434\u0430 \u0441\u0435 \u043f\u043e\u0432\u0435\u0436\u0443 \u0441\u0430 \u0434\u0440\u0443\u0433\u0438\u043c \u0442\u0435\u0445\u043d\u043e\u043b\u043e\u0448\u043a\u0438\u043c \u0435\u043d\u0442\u0443\u0437\u0438\u0458\u0430\u0441\u0442\u0438\u043c\u0430 \u043f\u0443\u0442\u0435\u043c \u043d\u0430\u0448\u0438\u0445 \u0434\u0440\u0443\u0448\u0442\u0432\u0435\u043d\u0438\u0445 \u043c\u0440\u0435\u0436\u0430 \u0438 \u0444\u043e\u0440\u0443\u043c\u0430 \u0437\u0430 \u0434\u0438\u0441\u043a\u0443\u0441\u0438\u0458\u0443. \u0426\u0435\u043d\u0438\u043c\u043e \u043c\u0438\u0448\u0459\u0435\u045a\u0430 \u043d\u0430\u0448\u0438\u0445 \u0447\u0438\u0442\u0430\u043b\u0430\u0446\u0430 \u0438 \u0443\u0432\u0435\u043a \u0441\u043c\u043e \u043e\u0442\u0432\u043e\u0440\u0435\u043d\u0438 \u0437\u0430 \u043f\u0440\u0435\u0434\u043b\u043e\u0433\u0435 \u0438 \u043f\u043e\u0432\u0440\u0430\u0442\u043d\u0435 \u0438\u043d\u0444\u043e\u0440\u043c\u0430\u0446\u0438\u0458\u0435 \u043a\u0430\u043a\u043e \u0431\u0438\u0441\u043c\u043e \u043f\u043e\u0431\u043e\u0459\u0448\u0430\u043b\u0438 \u043d\u0430\u0448\u0435 \u0443\u0441\u043b\u0443\u0433\u0435.<\/p>\n\n\n\n<p>\u041f\u0440\u0430\u0442\u0438\u0442\u0435 \u043d\u0430\u0441 \u0438 \u0431\u0443\u0434\u0438\u0442\u0435 \u0443 \u0442\u043e\u043a\u0443 \u0441\u0430 \u043d\u0430\u0458\u043d\u043e\u0432\u0438\u0458\u0438\u043c \u0442\u0440\u0435\u043d\u0434\u043e\u0432\u0438\u043c\u0430 \u0438 \u043d\u043e\u0432\u043e\u0441\u0442\u0438\u043c\u0430 \u0443 \u0441\u0432\u0435\u0442\u0443 \u0442\u0435\u0445\u043d\u043e\u043b\u043e\u0433\u0438\u0458\u0435. \u0425\u0432\u0430\u043b\u0430 \u0432\u0430\u043c \u0448\u0442\u043e \u0441\u0442\u0435 \u043f\u043e\u0441\u0435\u0442\u0438\u043b\u0438 \u043d\u0430\u0448\u0443 \u0432\u0435\u0431 \u0441\u0442\u0440\u0430\u043d\u0438\u0446\u0443 \u0438 \u043d\u0430\u0434\u0430\u043c\u043e \u0441\u0435 \u0434\u0430 \u045b\u0435\u043c\u043e \u0441\u0435 \u0443\u0441\u043a\u043e\u0440\u043e \u043f\u043e\u043d\u043e\u0432\u043e \u0432\u0438\u0434\u0435\u0442\u0438!<\/p>","protected":false},"excerpt":{"rendered":"<p>Noticia Tecnologia \u0458\u0435 \u0442\u0435\u0445\u043d\u043e\u043b\u043e\u0448\u043a\u0438 \u0432\u0435\u0431-\u0441\u0430\u0458\u0442 \u043a\u0440\u0435\u0438\u0440\u0430\u043d 2024. \u0433\u043e\u0434\u0438\u043d\u0435 \u0441\u0430 \u0446\u0438\u0459\u0435\u043c \u043f\u0440\u0443\u0436\u0430\u045a\u0430 \u0438\u043d\u0444\u043e\u0440\u043c\u0430\u0446\u0438\u0458\u0430 \u0438 \u0441\u0430\u0432\u0435\u0442\u0430 \u043e \u0430\u043f\u043b\u0438\u043a\u0430\u0446\u0438\u0458\u0430\u043c\u0430, \u0444\u0438\u043d\u0430\u043d\u0441\u0438\u0458\u0430\u043c\u0430 \u0438 \u0434\u0440\u0443\u0433\u0438\u043c \u0442\u0435\u043c\u0430\u043c\u0430 \u0432\u0435\u0437\u0430\u043d\u0438\u043c \u0437\u0430 \u0434\u0438\u0433\u0438\u0442\u0430\u043b\u043d\u0438 \u0441\u0432\u0435\u0442. \u0412\u0435\u0440\u0443\u0458\u0435\u043c\u043e \u0434\u0430 \u0458\u0435 \u0442\u0435\u0445\u043d\u043e\u043b\u043e\u0433\u0438\u0458\u0430 \u043c\u043e\u045b\u043d\u043e \u0441\u0440\u0435\u0434\u0441\u0442\u0432\u043e \u0437\u0430 \u0442\u0440\u0430\u043d\u0441\u0444\u043e\u0440\u043c\u0430\u0446\u0438\u0458\u0443 \u0436\u0438\u0432\u043e\u0442\u0430 \u0438 \u043f\u043e\u0441\u043b\u043e\u0432\u0430\u045a\u0430 \u0438 \u0436\u0435\u043b\u0438\u043c\u043e \u0434\u0430 \u043f\u043e\u043c\u043e\u0433\u043d\u0435\u043c\u043e \u043d\u0430\u0448\u0438\u043c \u0447\u0438\u0442\u0430\u043e\u0446\u0438\u043c\u0430 \u0434\u0430 \u0431\u0443\u0434\u0443 \u0443 \u0442\u043e\u043a\u0443 \u0441\u0430 \u043d\u0430\u0458\u043d\u043e\u0432\u0438\u0458\u0438\u043c \u0438\u043d\u0444\u043e\u0440\u043c\u0430\u0446\u0438\u0458\u0430\u043c\u0430 \u0438 \u0434\u0430 \u0458\u0435 \u043c\u0430\u043a\u0441\u0438\u043c\u0430\u043b\u043d\u043e \u0438\u0441\u043a\u043e\u0440\u0438\u0441\u0442\u0435. <a title=\"\u041a\u043e \u0441\u043c\u043e \u043c\u0438\" class=\"read-more\" href=\"https:\/\/noticiatecnologia.com\/sr\/%d0%ba%d0%be-%d1%81%d0%bc%d0%be-%d0%bc%d0%b8\/\" aria-label=\"\u041f\u0440\u043e\u0447\u0438\u0442\u0430\u0458\u0442\u0435 \u0432\u0438\u0448\u0435 \u043e \u0442\u043e\u043c\u0435 \u041a\u043e \u0441\u043c\u043e\">\u041e\u043f\u0448\u0438\u0440\u043d\u0438\u0458\u0435<\/a><\/p>","protected":false},"author":1,"featured_media":0,"parent":0,"menu_order":0,"comment_status":"closed","ping_status":"closed","template":"","meta":{"footnotes":""},"class_list":["post-46979","page","type-page","status-publish"],"yoast_head":"<!-- This site is optimized with the Yoast SEO plugin v25.7 - https:\/\/yoast.com\/wordpress\/plugins\/seo\/ -->\n<title>Quem somos - Noticia Tecnologia<\/title>\n<meta name=\"robots\" content=\"index, follow, max-snippet:-1, max-image-preview:large, max-video-preview:-1\" \/>\n<link rel=\"canonical\" href=\"https:\/\/noticiatecnologia.com\/sr\/\u043a\u043e-\u0441\u043c\u043e-\u043c\u0438\/\" \/>\n<meta property=\"og:locale\" content=\"sr_RS\" \/>\n<meta property=\"og:type\" content=\"article\" \/>\n<meta property=\"og:title\" content=\"Quem somos - Noticia Tecnologia\" \/>\n<meta property=\"og:description\" content=\"O Noticia Tecnologia \u00e9 um site de tecnologia criado em 2024 com o objetivo de fornecer informa\u00e7\u00f5es e dicas sobre aplicativos, finan\u00e7as e outros assuntos relacionados ao mundo digital. N\u00f3s acreditamos que a tecnologia \u00e9 uma ferramenta poderosa para transformar vidas e empresas, e queremos ajudar nossos leitores a se manterem atualizados e aproveitar ao ... Leia mais\" \/>\n<meta property=\"og:url\" content=\"https:\/\/noticiatecnologia.com\/sr\/\u043a\u043e-\u0441\u043c\u043e-\u043c\u0438\/\" \/>\n<meta property=\"og:site_name\" content=\"Noticia Tecnologia\" \/>\n<meta property=\"article:modified_time\" content=\"2024-06-28T16:01:45+00:00\" \/>\n<meta name=\"twitter:card\" content=\"summary_large_image\" \/>\n<meta name=\"twitter:label1\" content=\"\u041f\u0440\u043e\u0446\u0435\u045a\u0435\u043d\u043e \u0432\u0440\u0435\u043c\u0435 \u0447\u0438\u0442\u0430\u045a\u0430\" \/>\n\t<meta name=\"twitter:data1\" content=\"1 \u043c\u0438\u043d\u0443\u0442\" \/>\n<script type=\"application\/ld+json\" class=\"yoast-schema-graph\">{\"@context\":\"https:\/\/schema.org\",\"@graph\":[{\"@type\":\"WebPage\",\"@id\":\"https:\/\/noticiatecnologia.com\/quem-somos\/\",\"url\":\"https:\/\/noticiatecnologia.com\/quem-somos\/\",\"name\":\"Quem somos - Noticia Tecnologia\",\"isPartOf\":{\"@id\":\"https:\/\/noticiatecnologia.com\/#website\"},\"datePublished\":\"2024-06-28T16:01:36+00:00\",\"dateModified\":\"2024-06-28T16:01:45+00:00\",\"breadcrumb\":{\"@id\":\"https:\/\/noticiatecnologia.com\/quem-somos\/#breadcrumb\"},\"inLanguage\":\"sr-RS\",\"potentialAction\":[{\"@type\":\"ReadAction\",\"target\":[\"https:\/\/noticiatecnologia.com\/quem-somos\/\"]}]},{\"@type\":\"BreadcrumbList\",\"@id\":\"https:\/\/noticiatecnologia.com\/quem-somos\/#breadcrumb\",\"itemListElement\":[{\"@type\":\"ListItem\",\"position\":1,\"name\":\"In\u00edcio\",\"item\":\"https:\/\/noticiatecnologia.com\/\"},{\"@type\":\"ListItem\",\"position\":2,\"name\":\"Quem somos\"}]},{\"@type\":\"WebSite\",\"@id\":\"https:\/\/noticiatecnologia.com\/#website\",\"url\":\"https:\/\/noticiatecnologia.com\/\",\"name\":\"Noticia Tecnologia\",\"description\":\"Desvendando a tecnologia!\",\"publisher\":{\"@id\":\"https:\/\/noticiatecnologia.com\/#organization\"},\"potentialAction\":[{\"@type\":\"SearchAction\",\"target\":{\"@type\":\"EntryPoint\",\"urlTemplate\":\"https:\/\/noticiatecnologia.com\/?s={search_term_string}\"},\"query-input\":{\"@type\":\"PropertyValueSpecification\",\"valueRequired\":true,\"valueName\":\"search_term_string\"}}],\"inLanguage\":\"sr-RS\"},{\"@type\":\"Organization\",\"@id\":\"https:\/\/noticiatecnologia.com\/#organization\",\"name\":\"Spotads\",\"url\":\"https:\/\/noticiatecnologia.com\/\",\"logo\":{\"@type\":\"ImageObject\",\"inLanguage\":\"sr-RS\",\"@id\":\"https:\/\/noticiatecnologia.com\/#\/schema\/logo\/image\/\",\"url\":\"https:\/\/noticiatecnologia.com\/wp-content\/uploads\/2024\/06\/NOTICIA-LOGO-1.png\",\"contentUrl\":\"https:\/\/noticiatecnologia.com\/wp-content\/uploads\/2024\/06\/NOTICIA-LOGO-1.png\",\"width\":250,\"height\":60,\"caption\":\"Spotads\"},\"image\":{\"@id\":\"https:\/\/noticiatecnologia.com\/#\/schema\/logo\/image\/\"}}]}<\/script>\n<!-- \/ Yoast SEO plugin. -->","yoast_head_json":{"title":"\u041a\u043e \u0441\u043c\u043e \u043c\u0438 - \u041d\u043e\u0442\u0438\u0446\u0438\u0430 \u0422\u0435\u0446\u043d\u043e\u043b\u043e\u0433\u0438\u0430","robots":{"index":"index","follow":"follow","max-snippet":"max-snippet:-1","max-image-preview":"max-image-preview:large","max-video-preview":"max-video-preview:-1"},"canonical":"https:\/\/noticiatecnologia.com\/sr\/\u043a\u043e-\u0441\u043c\u043e-\u043c\u0438\/","og_locale":"sr_RS","og_type":"article","og_title":"Quem somos - Noticia Tecnologia","og_description":"O Noticia Tecnologia \u00e9 um site de tecnologia criado em 2024 com o objetivo de fornecer informa\u00e7\u00f5es e dicas sobre aplicativos, finan\u00e7as e outros assuntos relacionados ao mundo digital. N\u00f3s acreditamos que a tecnologia \u00e9 uma ferramenta poderosa para transformar vidas e empresas, e queremos ajudar nossos leitores a se manterem atualizados e aproveitar ao ... Leia mais","og_url":"https:\/\/noticiatecnologia.com\/sr\/\u043a\u043e-\u0441\u043c\u043e-\u043c\u0438\/","og_site_name":"Noticia Tecnologia","article_modified_time":"2024-06-28T16:01:45+00:00","twitter_card":"summary_large_image","twitter_misc":{"\u041f\u0440\u043e\u0446\u0435\u045a\u0435\u043d\u043e \u0432\u0440\u0435\u043c\u0435 \u0447\u0438\u0442\u0430\u045a\u0430":"1 \u043c\u0438\u043d\u0443\u0442"},"schema":{"@context":"https:\/\/schema.org","@graph":[{"@type":"WebPage","@id":"https:\/\/noticiatecnologia.com\/quem-somos\/","url":"https:\/\/noticiatecnologia.com\/quem-somos\/","name":"\u041a\u043e \u0441\u043c\u043e \u043c\u0438 - \u041d\u043e\u0442\u0438\u0446\u0438\u0430 \u0422\u0435\u0446\u043d\u043e\u043b\u043e\u0433\u0438\u0430","isPartOf":{"@id":"https:\/\/noticiatecnologia.com\/#website"},"datePublished":"2024-06-28T16:01:36+00:00","dateModified":"2024-06-28T16:01:45+00:00","breadcrumb":{"@id":"https:\/\/noticiatecnologia.com\/quem-somos\/#breadcrumb"},"inLanguage":"sr-RS","potentialAction":[{"@type":"ReadAction","target":["https:\/\/noticiatecnologia.com\/quem-somos\/"]}]},{"@type":"BreadcrumbList","@id":"https:\/\/noticiatecnologia.com\/quem-somos\/#breadcrumb","itemListElement":[{"@type":"ListItem","position":1,"name":"In\u00edcio","item":"https:\/\/noticiatecnologia.com\/"},{"@type":"ListItem","position":2,"name":"Quem somos"}]},{"@type":"WebSite","@id":"https:\/\/noticiatecnologia.com\/#website","url":"https:\/\/noticiatecnologia.com\/","name":"\u0422\u0435\u0446\u0445\u043d\u043e\u043b\u043e\u0433\u0438 \u041d\u0435\u0432\u0441","description":"\u041e\u0442\u043a\u0440\u0438\u0432\u0430\u045a\u0435 \u0442\u0435\u0445\u043d\u043e\u043b\u043e\u0433\u0438\u0458\u0435!","publisher":{"@id":"https:\/\/noticiatecnologia.com\/#organization"},"potentialAction":[{"@type":"SearchAction","target":{"@type":"EntryPoint","urlTemplate":"https:\/\/noticiatecnologia.com\/?s={search_term_string}"},"query-input":{"@type":"PropertyValueSpecification","valueRequired":true,"valueName":"search_term_string"}}],"inLanguage":"sr-RS"},{"@type":"Organization","@id":"https:\/\/noticiatecnologia.com\/#organization","name":"\u0421\u043f\u043e\u0442\u0430\u0434\u0441","url":"https:\/\/noticiatecnologia.com\/","logo":{"@type":"ImageObject","inLanguage":"sr-RS","@id":"https:\/\/noticiatecnologia.com\/#\/schema\/logo\/image\/","url":"https:\/\/noticiatecnologia.com\/wp-content\/uploads\/2024\/06\/NOTICIA-LOGO-1.png","contentUrl":"https:\/\/noticiatecnologia.com\/wp-content\/uploads\/2024\/06\/NOTICIA-LOGO-1.png","width":250,"height":60,"caption":"Spotads"},"image":{"@id":"https:\/\/noticiatecnologia.com\/#\/schema\/logo\/image\/"}}]}},"_links":{"self":[{"href":"https:\/\/noticiatecnologia.com\/sr\/wp-json\/wp\/v2\/pages\/46979","targetHints":{"allow":["GET"]}}],"collection":[{"href":"https:\/\/noticiatecnologia.com\/sr\/wp-json\/wp\/v2\/pages"}],"about":[{"href":"https:\/\/noticiatecnologia.com\/sr\/wp-json\/wp\/v2\/types\/page"}],"author":[{"embeddable":true,"href":"https:\/\/noticiatecnologia.com\/sr\/wp-json\/wp\/v2\/users\/1"}],"replies":[{"embeddable":true,"href":"https:\/\/noticiatecnologia.com\/sr\/wp-json\/wp\/v2\/comments?post=46979"}],"version-history":[{"count":0,"href":"https:\/\/noticiatecnologia.com\/sr\/wp-json\/wp\/v2\/pages\/46979\/revisions"}],"wp:attachment":[{"href":"https:\/\/noticiatecnologia.com\/sr\/wp-json\/wp\/v2\/media?parent=46979"}],"curies":[{"name":"\u0412\u041f","href":"https:\/\/api.w.org\/{rel}","templated":true}]}}