{"id":46979,"date":"2024-06-28T16:01:36","date_gmt":"2024-06-28T16:01:36","guid":{"rendered":"https:\/\/noticiatecnologia.com\/?page_id=46979"},"modified":"2024-06-28T16:01:45","modified_gmt":"2024-06-28T16:01:45","slug":"%db%81%d9%85-%da%a9%d9%88%d9%86-%db%81%db%8c%da%ba","status":"publish","type":"page","link":"https:\/\/noticiatecnologia.com\/ur\/%db%81%d9%85-%da%a9%d9%88%d9%86-%db%81%db%8c%da%ba\/","title":{"rendered":"\u06c1\u0645 \u06a9\u0648\u0646 \u06c1\u06cc\u06ba"},"content":{"rendered":"<p>Noticia Tecnologia \u0627\u06cc\u06a9 \u0679\u06cc\u06a9\u0646\u0627\u0644\u0648\u062c\u06cc \u0648\u06cc\u0628 \u0633\u0627\u0626\u0679 \u06c1\u06d2 \u062c\u0633\u06d2 2024 \u0645\u06cc\u06ba \u062a\u062e\u0644\u06cc\u0642 \u06a9\u06cc\u0627 \u06af\u06cc\u0627 \u062a\u06be\u0627 \u062c\u0633 \u06a9\u0627 \u0645\u0642\u0635\u062f \u0627\u06cc\u067e\u0644\u06cc \u06a9\u06cc\u0634\u0646\u0632\u060c \u0641\u0646\u0627\u0646\u0633 \u0627\u0648\u0631 \u0688\u06cc\u062c\u06cc\u0679\u0644 \u062f\u0646\u06cc\u0627 \u0633\u06d2 \u0645\u062a\u0639\u0644\u0642 \u062f\u06cc\u06af\u0631 \u0645\u0648\u0636\u0648\u0639\u0627\u062a \u067e\u0631 \u0645\u0639\u0644\u0648\u0645\u0627\u062a \u0627\u0648\u0631 \u062a\u062c\u0627\u0648\u06cc\u0632 \u0641\u0631\u0627\u06c1\u0645 \u06a9\u0631\u0646\u0627 \u06c1\u06d2\u06d4 \u06c1\u0645\u06cc\u06ba \u06cc\u0642\u06cc\u0646 \u06c1\u06d2 \u06a9\u06c1 \u0679\u06cc\u06a9\u0646\u0627\u0644\u0648\u062c\u06cc \u0632\u0646\u062f\u06af\u06cc\u0648\u06ba \u0627\u0648\u0631 \u06a9\u0627\u0631\u0648\u0628\u0627\u0631\u0648\u06ba \u06a9\u0648 \u062a\u0628\u062f\u06cc\u0644 \u06a9\u0631\u0646\u06d2 \u06a9\u0627 \u0627\u06cc\u06a9 \u0637\u0627\u0642\u062a\u0648\u0631 \u0679\u0648\u0644 \u06c1\u06d2\u060c \u0627\u0648\u0631 \u06c1\u0645 \u0627\u067e\u0646\u06d2 \u0642\u0627\u0631\u0626\u06cc\u0646 \u06a9\u0648 \u062a\u0627\u0632\u06c1 \u062a\u0631\u06cc\u0646 \u0631\u06c1\u0646\u06d2 \u0627\u0648\u0631 \u0627\u0646 \u0679\u0648\u0644\u0632 \u0633\u06d2 \u0632\u06cc\u0627\u062f\u06c1 \u0633\u06d2 \u0632\u06cc\u0627\u062f\u06c1 \u0641\u0627\u0626\u062f\u06c1 \u0627\u0679\u06be\u0627\u0646\u06d2 \u0645\u06cc\u06ba \u0645\u062f\u062f \u06a9\u0631\u0646\u0627 \u0686\u0627\u06c1\u062a\u06d2 \u06c1\u06cc\u06ba\u06d4<\/p>\n\n\n\n<p>\u06cc\u06c1\u0627\u06ba Noticia Tecnologia \u0645\u06cc\u06ba\u060c \u0622\u067e \u06a9\u0648 \u0679\u06cc\u06a9\u0646\u0627\u0644\u0648\u062c\u06cc \u06a9\u06d2 \u0645\u0627\u06c1\u0631\u06cc\u0646 \u06a9\u06d2 \u0644\u06a9\u06be\u06d2 \u06c1\u0648\u0626\u06d2 \u0645\u0636\u0627\u0645\u06cc\u0646 \u0627\u0648\u0631 \u0633\u0628\u0642 \u0645\u0644\u06cc\u06ba \u06af\u06d2\u060c \u0646\u06cc\u0632 \u0645\u0635\u0646\u0648\u0639\u0627\u062a \u0627\u0648\u0631 \u062e\u062f\u0645\u0627\u062a \u06a9\u06d2 \u062a\u062c\u0632\u06cc\u06d2 \u0627\u0648\u0631 \u062c\u0627\u0626\u0632\u06d2 \u0628\u06be\u06cc\u06d4 \u06c1\u0645 \u0622\u067e \u06a9\u06d2 \u0645\u0648\u0628\u0627\u0626\u0644 \u0622\u0644\u0627\u062a \u0627\u0648\u0631 \u0627\u06cc\u067e\u0633 \u0633\u06d2 \u0632\u06cc\u0627\u062f\u06c1 \u0633\u06d2 \u0632\u06cc\u0627\u062f\u06c1 \u0641\u0627\u0626\u062f\u06c1 \u0627\u0679\u06be\u0627\u0646\u06d2 \u0645\u06cc\u06ba \u0622\u067e \u06a9\u06cc \u0645\u062f\u062f \u06a9\u06d2 \u0644\u06cc\u06d2 \u062a\u062c\u0627\u0648\u06cc\u0632 \u0627\u0648\u0631 \u062a\u0631\u06a9\u06cc\u0628\u06cc\u06ba \u0628\u06be\u06cc \u067e\u06cc\u0634 \u06a9\u0631\u062a\u06d2 \u06c1\u06cc\u06ba\u06d4<\/p>\n\n\n\n<p>Noticia Tecnologia \u06a9\u0645\u067e\u0646\u06cc \u06a9\u0627 \u0631\u062c\u0633\u0679\u0631\u0688 \u0679\u0631\u06cc\u0688 \u0645\u0627\u0631\u06a9 \u06c1\u06d2\u06d4&nbsp;<a href=\"http:\/\/spotads.me\/\">spotads.me<\/a>&nbsp;\u0627\u0648\u0631 \u0627\u0633 \u06a9\u06cc \u062f\u06cc\u06a9\u06be \u0628\u06be\u0627\u0644 \u067e\u06cc\u0634\u06c1 \u0648\u0631 \u0627\u0641\u0631\u0627\u062f \u06a9\u06cc \u0627\u06cc\u06a9 \u0679\u06cc\u0645 \u06a9\u0631\u062a\u06cc \u06c1\u06d2 \u062c\u0648 \u0679\u06cc\u06a9\u0646\u0627\u0644\u0648\u062c\u06cc \u06a9\u06d2 \u0628\u0627\u0631\u06d2 \u0645\u06cc\u06ba \u067e\u0631\u062c\u0648\u0634 \u06c1\u06cc\u06ba\u06d4&quot;<\/p>\n\n\n\n<p>\u06c1\u0645\u0627\u0631\u06cc \u0679\u06cc\u0645 \u0679\u06cc\u06a9\u0646\u0627\u0644\u0648\u062c\u06cc \u06a9\u06d2 \u0645\u0627\u06c1\u0631\u06cc\u0646\u060c \u0635\u062d\u0627\u0641\u06cc\u0648\u06ba \u0627\u0648\u0631 \u0645\u0635\u0646\u0641\u06cc\u0646 \u067e\u0631 \u0645\u0634\u062a\u0645\u0644 \u06c1\u06d2\u060c \u06cc\u06c1 \u0633\u0628\u06be\u06cc \u06c1\u0645\u0627\u0631\u06d2 \u0642\u0627\u0631\u0626\u06cc\u0646 \u06a9\u0648 \u0627\u0639\u0644\u06cc\u0670 \u0645\u0639\u06cc\u0627\u0631 \u06a9\u0627\u060c \u062f\u0631\u0633\u062a \u0645\u0648\u0627\u062f \u0641\u0631\u0627\u06c1\u0645 \u06a9\u0631\u0646\u06d2 \u06a9\u06d2 \u0644\u06cc\u06d2 \u067e\u0631\u0639\u0632\u0645 \u06c1\u06cc\u06ba\u06d4 \u06c1\u0645\u06cc\u06ba \u06cc\u0642\u06cc\u0646 \u06c1\u06d2 \u06a9\u06c1 \u0679\u06cc\u06a9\u0646\u0627\u0644\u0648\u062c\u06cc \u0632\u0646\u062f\u06af\u06cc\u0648\u06ba \u0627\u0648\u0631 \u06a9\u0627\u0631\u0648\u0628\u0627\u0631 \u06a9\u0648 \u062a\u0628\u062f\u06cc\u0644 \u06a9\u0631\u0646\u06d2 \u06a9\u0627 \u0627\u06cc\u06a9 \u0637\u0627\u0642\u062a\u0648\u0631 \u0630\u0631\u06cc\u0639\u06c1 \u06c1\u06d2 \u0627\u0648\u0631 \u06c1\u0645\u0627\u0631\u0627 \u0645\u0642\u0635\u062f \u06c1\u0645\u0627\u0631\u06d2 \u0642\u0627\u0631\u0626\u06cc\u0646 \u06a9\u0648 \u062a\u0627\u0632\u06c1 \u062a\u0631\u06cc\u0646 \u0631\u06c1\u0646\u06d2 \u0627\u0648\u0631 \u0627\u0646 \u0679\u0648\u0644\u0632 \u0633\u06d2 \u0632\u06cc\u0627\u062f\u06c1 \u0633\u06d2 \u0632\u06cc\u0627\u062f\u06c1 \u0641\u0627\u0626\u062f\u06c1 \u0627\u0679\u06be\u0627\u0646\u06d2 \u0645\u06cc\u06ba \u0645\u062f\u062f \u06a9\u0631\u0646\u0627 \u06c1\u06d2\u06d4<\/p>\n\n\n\n<p>\u0645\u0648\u0627\u062f \u06a9\u06d2 \u0639\u0644\u0627\u0648\u06c1\u060c \u06c1\u0645 \u0627\u067e\u0646\u06d2 \u0642\u0627\u0631\u0626\u06cc\u0646 \u06a9\u0648 \u0627\u067e\u0646\u06d2 \u0633\u0648\u0634\u0644 \u0646\u06cc\u0679 \u0648\u0631\u06a9\u0633 \u0627\u0648\u0631 \u0688\u0633\u06a9\u0634\u0646 \u0641\u0648\u0631\u0645\u0632 \u06a9\u06d2 \u0630\u0631\u06cc\u0639\u06d2 \u0679\u06cc\u06a9\u0646\u0627\u0644\u0648\u062c\u06cc \u06a9\u06d2 \u062f\u06cc\u06af\u0631 \u0634\u0627\u0626\u0642\u06cc\u0646 \u06a9\u06d2 \u0633\u0627\u062a\u06be \u062c\u0691\u0646\u06d2 \u06a9\u0627 \u0645\u0648\u0642\u0639 \u0628\u06be\u06cc \u067e\u06cc\u0634 \u06a9\u0631\u062a\u06d2 \u06c1\u06cc\u06ba\u06d4 \u06c1\u0645 \u0627\u067e\u0646\u06d2 \u0642\u0627\u0631\u0626\u06cc\u0646 \u06a9\u06cc \u0631\u0627\u0626\u06d2 \u06a9\u06cc \u0642\u062f\u0631 \u06a9\u0631\u062a\u06d2 \u06c1\u06cc\u06ba \u0627\u0648\u0631 \u0627\u067e\u0646\u06cc \u062e\u062f\u0645\u0627\u062a \u06a9\u0648 \u0628\u06c1\u062a\u0631 \u0628\u0646\u0627\u0646\u06d2 \u06a9\u06d2 \u0644\u06cc\u06d2 \u062a\u062c\u0627\u0648\u06cc\u0632 \u0627\u0648\u0631 \u0622\u0631\u0627\u0621 \u06a9\u06d2 \u0644\u06cc\u06d2 \u06c1\u0645\u06cc\u0634\u06c1 \u06a9\u06be\u0644\u06d2 \u0631\u06c1\u062a\u06d2 \u06c1\u06cc\u06ba\u06d4<\/p>\n\n\n\n<p>\u06c1\u0645\u0627\u0631\u06cc \u067e\u06cc\u0631\u0648\u06cc \u06a9\u0631\u06cc\u06ba \u0627\u0648\u0631 \u0679\u06cc\u06a9\u0646\u0627\u0644\u0648\u062c\u06cc \u06a9\u06cc \u062f\u0646\u06cc\u0627 \u0645\u06cc\u06ba \u062a\u0627\u0632\u06c1 \u062a\u0631\u06cc\u0646 \u0631\u062c\u062d\u0627\u0646\u0627\u062a \u0627\u0648\u0631 \u062e\u0628\u0631\u0648\u06ba \u06a9\u06d2 \u0633\u0627\u062a\u06be \u062a\u0627\u0632\u06c1 \u062a\u0631\u06cc\u0646 \u0631\u06c1\u06cc\u06ba\u06d4 \u06c1\u0645\u0627\u0631\u06cc \u0648\u06cc\u0628 \u0633\u0627\u0626\u0679 \u062f\u06cc\u06a9\u06be\u0646\u06d2 \u06a9\u06d2 \u0644\u06cc\u06d2 \u0622\u067e \u06a9\u0627 \u0634\u06a9\u0631\u06cc\u06c1 \u0627\u0648\u0631 \u06c1\u0645\u06cc\u06ba \u0627\u0645\u06cc\u062f \u06c1\u06d2 \u06a9\u06c1 \u062c\u0644\u062f \u06c1\u06cc \u0622\u067e \u0633\u06d2 \u062f\u0648\u0628\u0627\u0631\u06c1 \u0645\u0644\u06cc\u06ba \u06af\u06d2!<\/p>","protected":false},"excerpt":{"rendered":"<p>Noticia Tecnologia \u0627\u06cc\u06a9 \u0679\u06cc\u06a9\u0646\u0627\u0644\u0648\u062c\u06cc \u0648\u06cc\u0628 \u0633\u0627\u0626\u0679 \u06c1\u06d2 \u062c\u0633\u06d2 2024 \u0645\u06cc\u06ba \u062a\u062e\u0644\u06cc\u0642 \u06a9\u06cc\u0627 \u06af\u06cc\u0627 \u062a\u06be\u0627 \u062c\u0633 \u06a9\u0627 \u0645\u0642\u0635\u062f \u0627\u06cc\u067e\u0633\u060c \u0641\u0646\u0627\u0646\u0633 \u0627\u0648\u0631 \u0688\u06cc\u062c\u06cc\u0679\u0644 \u062f\u0646\u06cc\u0627 \u0633\u06d2 \u0645\u062a\u0639\u0644\u0642 \u062f\u06cc\u06af\u0631 \u0645\u0648\u0636\u0648\u0639\u0627\u062a \u067e\u0631 \u0645\u0639\u0644\u0648\u0645\u0627\u062a \u0627\u0648\u0631 \u062a\u062c\u0627\u0648\u06cc\u0632 \u0641\u0631\u0627\u06c1\u0645 \u06a9\u0631\u0646\u0627 \u06c1\u06d2\u06d4 \u06c1\u0645\u06cc\u06ba \u06cc\u0642\u06cc\u0646 \u06c1\u06d2 \u06a9\u06c1 \u0679\u06cc\u06a9\u0646\u0627\u0644\u0648\u062c\u06cc \u0632\u0646\u062f\u06af\u06cc\u0648\u06ba \u0627\u0648\u0631 \u06a9\u0627\u0631\u0648\u0628\u0627\u0631 \u06a9\u0648 \u062a\u0628\u062f\u06cc\u0644 \u06a9\u0631\u0646\u06d2 \u06a9\u0627 \u0627\u06cc\u06a9 \u0637\u0627\u0642\u062a\u0648\u0631 \u0630\u0631\u06cc\u0639\u06c1 \u06c1\u06d2\u060c \u0627\u0648\u0631 \u06c1\u0645 \u0627\u067e\u0646\u06d2 \u0642\u0627\u0631\u0626\u06cc\u0646 \u06a9\u0648 \u062a\u0627\u0632\u06c1 \u062a\u0631\u06cc\u0646 \u0631\u06c1\u0646\u06d2 \u0627\u0648\u0631 \u0627\u0633 \u0633\u06d2 \u0632\u06cc\u0627\u062f\u06c1 \u0633\u06d2 \u0632\u06cc\u0627\u062f\u06c1 \u0641\u0627\u0626\u062f\u06c1 \u0627\u0679\u06be\u0627\u0646\u06d2 \u0645\u06cc\u06ba \u0645\u062f\u062f \u06a9\u0631\u0646\u0627 \u0686\u0627\u06c1\u062a\u06d2 \u06c1\u06cc\u06ba\u06d4 <a title=\"\u06c1\u0645 \u06a9\u0648\u0646 \u06c1\u06cc\u06ba\" class=\"read-more\" href=\"https:\/\/noticiatecnologia.com\/ur\/%db%81%d9%85-%da%a9%d9%88%d9%86-%db%81%db%8c%da%ba\/\" aria-label=\"\u06c1\u0645 \u06a9\u0648\u0646 \u06c1\u06cc\u06ba \u06a9\u06d2 \u0628\u0627\u0631\u06d2 \u0645\u06cc\u06ba \u0645\u0632\u06cc\u062f \u067e\u0691\u06be\u06cc\u06ba\">\u0645\u0632\u06cc\u062f \u067e\u0691\u06be<\/a><\/p>","protected":false},"author":1,"featured_media":0,"parent":0,"menu_order":0,"comment_status":"closed","ping_status":"closed","template":"","meta":{"footnotes":""},"class_list":["post-46979","page","type-page","status-publish"],"yoast_head":"<!-- This site is optimized with the Yoast SEO plugin v25.7 - https:\/\/yoast.com\/wordpress\/plugins\/seo\/ -->\n<title>Quem somos - Noticia Tecnologia<\/title>\n<meta name=\"robots\" content=\"index, follow, max-snippet:-1, max-image-preview:large, max-video-preview:-1\" \/>\n<link rel=\"canonical\" href=\"https:\/\/noticiatecnologia.com\/ur\/\u06c1\u0645-\u06a9\u0648\u0646-\u06c1\u06cc\u06ba\/\" \/>\n<meta property=\"og:locale\" content=\"en_US\" \/>\n<meta property=\"og:type\" content=\"article\" \/>\n<meta property=\"og:title\" content=\"Quem somos - Noticia Tecnologia\" \/>\n<meta property=\"og:description\" content=\"O Noticia Tecnologia \u00e9 um site de tecnologia criado em 2024 com o objetivo de fornecer informa\u00e7\u00f5es e dicas sobre aplicativos, finan\u00e7as e outros assuntos relacionados ao mundo digital. N\u00f3s acreditamos que a tecnologia \u00e9 uma ferramenta poderosa para transformar vidas e empresas, e queremos ajudar nossos leitores a se manterem atualizados e aproveitar ao ... Leia mais\" \/>\n<meta property=\"og:url\" content=\"https:\/\/noticiatecnologia.com\/ur\/\u06c1\u0645-\u06a9\u0648\u0646-\u06c1\u06cc\u06ba\/\" \/>\n<meta property=\"og:site_name\" content=\"Noticia Tecnologia\" \/>\n<meta property=\"article:modified_time\" content=\"2024-06-28T16:01:45+00:00\" \/>\n<meta name=\"twitter:card\" content=\"summary_large_image\" \/>\n<meta name=\"twitter:label1\" content=\"Est. reading time\" \/>\n\t<meta name=\"twitter:data1\" content=\"1 \u0645\u0646\u0679\" \/>\n<script type=\"application\/ld+json\" class=\"yoast-schema-graph\">{\"@context\":\"https:\/\/schema.org\",\"@graph\":[{\"@type\":\"WebPage\",\"@id\":\"https:\/\/noticiatecnologia.com\/quem-somos\/\",\"url\":\"https:\/\/noticiatecnologia.com\/quem-somos\/\",\"name\":\"Quem somos - Noticia Tecnologia\",\"isPartOf\":{\"@id\":\"https:\/\/noticiatecnologia.com\/#website\"},\"datePublished\":\"2024-06-28T16:01:36+00:00\",\"dateModified\":\"2024-06-28T16:01:45+00:00\",\"breadcrumb\":{\"@id\":\"https:\/\/noticiatecnologia.com\/quem-somos\/#breadcrumb\"},\"inLanguage\":\"ur\",\"potentialAction\":[{\"@type\":\"ReadAction\",\"target\":[\"https:\/\/noticiatecnologia.com\/quem-somos\/\"]}]},{\"@type\":\"BreadcrumbList\",\"@id\":\"https:\/\/noticiatecnologia.com\/quem-somos\/#breadcrumb\",\"itemListElement\":[{\"@type\":\"ListItem\",\"position\":1,\"name\":\"In\u00edcio\",\"item\":\"https:\/\/noticiatecnologia.com\/\"},{\"@type\":\"ListItem\",\"position\":2,\"name\":\"Quem somos\"}]},{\"@type\":\"WebSite\",\"@id\":\"https:\/\/noticiatecnologia.com\/#website\",\"url\":\"https:\/\/noticiatecnologia.com\/\",\"name\":\"Noticia Tecnologia\",\"description\":\"Desvendando a tecnologia!\",\"publisher\":{\"@id\":\"https:\/\/noticiatecnologia.com\/#organization\"},\"potentialAction\":[{\"@type\":\"SearchAction\",\"target\":{\"@type\":\"EntryPoint\",\"urlTemplate\":\"https:\/\/noticiatecnologia.com\/?s={search_term_string}\"},\"query-input\":{\"@type\":\"PropertyValueSpecification\",\"valueRequired\":true,\"valueName\":\"search_term_string\"}}],\"inLanguage\":\"ur\"},{\"@type\":\"Organization\",\"@id\":\"https:\/\/noticiatecnologia.com\/#organization\",\"name\":\"Spotads\",\"url\":\"https:\/\/noticiatecnologia.com\/\",\"logo\":{\"@type\":\"ImageObject\",\"inLanguage\":\"ur\",\"@id\":\"https:\/\/noticiatecnologia.com\/#\/schema\/logo\/image\/\",\"url\":\"https:\/\/noticiatecnologia.com\/wp-content\/uploads\/2024\/06\/NOTICIA-LOGO-1.png\",\"contentUrl\":\"https:\/\/noticiatecnologia.com\/wp-content\/uploads\/2024\/06\/NOTICIA-LOGO-1.png\",\"width\":250,\"height\":60,\"caption\":\"Spotads\"},\"image\":{\"@id\":\"https:\/\/noticiatecnologia.com\/#\/schema\/logo\/image\/\"}}]}<\/script>\n<!-- \/ Yoast SEO plugin. -->","yoast_head_json":{"title":"\u06c1\u0645 \u06a9\u0648\u0646 \u06c1\u06cc\u06ba - Noticia Tecnologia","robots":{"index":"index","follow":"follow","max-snippet":"max-snippet:-1","max-image-preview":"max-image-preview:large","max-video-preview":"max-video-preview:-1"},"canonical":"https:\/\/noticiatecnologia.com\/ur\/\u06c1\u0645-\u06a9\u0648\u0646-\u06c1\u06cc\u06ba\/","og_locale":"en_US","og_type":"article","og_title":"Quem somos - Noticia Tecnologia","og_description":"O Noticia Tecnologia \u00e9 um site de tecnologia criado em 2024 com o objetivo de fornecer informa\u00e7\u00f5es e dicas sobre aplicativos, finan\u00e7as e outros assuntos relacionados ao mundo digital. N\u00f3s acreditamos que a tecnologia \u00e9 uma ferramenta poderosa para transformar vidas e empresas, e queremos ajudar nossos leitores a se manterem atualizados e aproveitar ao ... Leia mais","og_url":"https:\/\/noticiatecnologia.com\/ur\/\u06c1\u0645-\u06a9\u0648\u0646-\u06c1\u06cc\u06ba\/","og_site_name":"Noticia Tecnologia","article_modified_time":"2024-06-28T16:01:45+00:00","twitter_card":"summary_large_image","twitter_misc":{"Est. reading time":"1 \u0645\u0646\u0679"},"schema":{"@context":"https:\/\/schema.org","@graph":[{"@type":"WebPage","@id":"https:\/\/noticiatecnologia.com\/quem-somos\/","url":"https:\/\/noticiatecnologia.com\/quem-somos\/","name":"\u06c1\u0645 \u06a9\u0648\u0646 \u06c1\u06cc\u06ba - Noticia Tecnologia","isPartOf":{"@id":"https:\/\/noticiatecnologia.com\/#website"},"datePublished":"2024-06-28T16:01:36+00:00","dateModified":"2024-06-28T16:01:45+00:00","breadcrumb":{"@id":"https:\/\/noticiatecnologia.com\/quem-somos\/#breadcrumb"},"inLanguage":"ur","potentialAction":[{"@type":"ReadAction","target":["https:\/\/noticiatecnologia.com\/quem-somos\/"]}]},{"@type":"BreadcrumbList","@id":"https:\/\/noticiatecnologia.com\/quem-somos\/#breadcrumb","itemListElement":[{"@type":"ListItem","position":1,"name":"In\u00edcio","item":"https:\/\/noticiatecnologia.com\/"},{"@type":"ListItem","position":2,"name":"Quem somos"}]},{"@type":"WebSite","@id":"https:\/\/noticiatecnologia.com\/#website","url":"https:\/\/noticiatecnologia.com\/","name":"\u0679\u06cc\u06a9\u0646\u0627\u0644\u0648\u062c\u06cc \u0646\u06cc\u0648\u0632","description":"\u0628\u06d2 \u0646\u0642\u0627\u0628 \u0679\u06cc\u06a9\u0646\u0627\u0644\u0648\u062c\u06cc!","publisher":{"@id":"https:\/\/noticiatecnologia.com\/#organization"},"potentialAction":[{"@type":"SearchAction","target":{"@type":"EntryPoint","urlTemplate":"https:\/\/noticiatecnologia.com\/?s={search_term_string}"},"query-input":{"@type":"PropertyValueSpecification","valueRequired":true,"valueName":"search_term_string"}}],"inLanguage":"ur"},{"@type":"Organization","@id":"https:\/\/noticiatecnologia.com\/#organization","name":"\u0633\u067e\u0627\u0679\u0688\u0633","url":"https:\/\/noticiatecnologia.com\/","logo":{"@type":"ImageObject","inLanguage":"ur","@id":"https:\/\/noticiatecnologia.com\/#\/schema\/logo\/image\/","url":"https:\/\/noticiatecnologia.com\/wp-content\/uploads\/2024\/06\/NOTICIA-LOGO-1.png","contentUrl":"https:\/\/noticiatecnologia.com\/wp-content\/uploads\/2024\/06\/NOTICIA-LOGO-1.png","width":250,"height":60,"caption":"Spotads"},"image":{"@id":"https:\/\/noticiatecnologia.com\/#\/schema\/logo\/image\/"}}]}},"_links":{"self":[{"href":"https:\/\/noticiatecnologia.com\/ur\/wp-json\/wp\/v2\/pages\/46979","targetHints":{"allow":["GET"]}}],"collection":[{"href":"https:\/\/noticiatecnologia.com\/ur\/wp-json\/wp\/v2\/pages"}],"about":[{"href":"https:\/\/noticiatecnologia.com\/ur\/wp-json\/wp\/v2\/types\/page"}],"author":[{"embeddable":true,"href":"https:\/\/noticiatecnologia.com\/ur\/wp-json\/wp\/v2\/users\/1"}],"replies":[{"embeddable":true,"href":"https:\/\/noticiatecnologia.com\/ur\/wp-json\/wp\/v2\/comments?post=46979"}],"version-history":[{"count":0,"href":"https:\/\/noticiatecnologia.com\/ur\/wp-json\/wp\/v2\/pages\/46979\/revisions"}],"wp:attachment":[{"href":"https:\/\/noticiatecnologia.com\/ur\/wp-json\/wp\/v2\/media?parent=46979"}],"curies":[{"name":"wp","href":"https:\/\/api.w.org\/{rel}","templated":true}]}}